{"id":24768,"date":"2021-08-25T17:46:09","date_gmt":"2021-08-25T17:46:09","guid":{"rendered":"https:\/\/chilimafia.com\/linktree-chilimafia-com-y-las-redes-sociales\/"},"modified":"2024-07-23T05:16:22","modified_gmt":"2024-07-23T05:16:22","slug":"linktree-chilimafia-com-y-las-redes-sociales","status":"publish","type":"page","link":"https:\/\/chilimafia.com\/es\/linktree-chilimafia-com-y-las-redes-sociales","title":{"rendered":"Linktree \/\/ Chilimafia.com y las redes sociales"},"content":{"rendered":"\n<div class=\"wp-block-group\"><div class=\"wp-block-group__inner-container is-layout-flow wp-block-group-is-layout-flow\">\n<div class=\"wp-block-columns is-layout-flex wp-container-core-columns-is-layout-9d6595d7 wp-block-columns-is-layout-flex\">\n<div class=\"wp-block-column is-layout-flow wp-block-column-is-layout-flow\" style=\"flex-basis:100%\">\n<div class=\"wp-block-columns is-layout-flex wp-container-core-columns-is-layout-9d6595d7 wp-block-columns-is-layout-flex\">\n<div class=\"wp-block-column is-layout-flow wp-block-column-is-layout-flow\" style=\"flex-basis:100%\">\n<figure class=\"wp-block-table aligncenter is-style-stripes\"><table><tbody><tr><td class=\"has-text-align-center\" data-align=\"center\"><a href=\"https:\/\/chili-saucen.com\" target=\"_blank\" rel=\"noopener\" title=\"\"><img decoding=\"async\" class=\"wp-image-25926\" style=\"width: 300px;\" src=\"https:\/\/chilimafia.com\/wp-content\/uploads\/2023\/03\/logo-chili-saucen.jpg\" alt=\"chili-salsas.com\"\/><\/a><br\/><strong>Tienda de salsas picantes extra<\/strong><br\/>Env\u00edo: Alemania, Francia, Espa\u00f1a,  <br\/>B\u00e9lgica, Luxemburgo<\/td><td class=\"has-text-align-center\" data-align=\"center\"><a href=\"https:\/\/chilimafia.com\/shop\/\" target=\"_blank\" rel=\"noopener\" title=\"\"><img decoding=\"async\" class=\"wp-image-25762\" style=\"width: 250px;\" src=\"https:\/\/chilimafia.com\/wp-content\/uploads\/2023\/01\/logo2black.jpg\" alt=\"\"\/><\/a><br\/>Marca propia<br\/>Salsas picantes creativas<\/td><td class=\"has-text-align-center\" data-align=\"center\"><a href=\"https:\/\/chili-plants.com\" target=\"_blank\" rel=\"noopener\" title=\"\"><img decoding=\"async\" class=\"wp-image-25936\" style=\"width: 230px;\" src=\"https:\/\/chilimafia.com\/wp-content\/uploads\/2023\/03\/chili-plants-logo.jpg\" alt=\"chili-plantas.com\"\/><\/a><br\/>Semillas de guindilla \/ Semillas de guindilla<br\/>Tienda<\/td><\/tr><\/tbody><\/table><figcaption class=\"wp-element-caption\">Shops der Chil Mafia GmbH (IG@Chilimafiacom \/ TikTok @Chilimafia)<\/figcaption><\/figure>\n\n\n\n<div class=\"wp-block-columns is-layout-flex wp-container-core-columns-is-layout-9d6595d7 wp-block-columns-is-layout-flex\">\n<div class=\"wp-block-column is-layout-flow wp-block-column-is-layout-flow\" style=\"flex-basis:33.33%\">\n<p>\n          <strong>  Rechtliches \/ Legal  <\/strong>\n        <\/p>\n\n\n<nav class=\"is-responsive wp-block-navigation is-layout-flex wp-block-navigation-is-layout-flex\" \n\t\t data-wp-interactive=\"core\/navigation\" data-wp-context='{\"overlayOpenedBy\":{\"click\":false,\"hover\":false,\"focus\":false},\"type\":\"overlay\",\"roleAttribute\":\"\",\"ariaLabel\":\"Men\\u00fa\"}'><button aria-haspopup=\"dialog\" aria-label=\"Abrir el men\u00fa\" class=\"wp-block-navigation__responsive-container-open\" \n\t\t\t\tdata-wp-on--click=\"actions.openMenuOnClick\"\n\t\t\t\tdata-wp-on--keydown=\"actions.handleMenuKeydown\"\n\t\t\t><svg width=\"24\" height=\"24\" xmlns=\"http:\/\/www.w3.org\/2000\/svg\" viewBox=\"0 0 24 24\" aria-hidden=\"true\" focusable=\"false\"><path d=\"M4 7.5h16v1.5H4z\"><\/path><path d=\"M4 15h16v1.5H4z\"><\/path><\/svg><\/button>\n\t\t\t\t<div class=\"wp-block-navigation__responsive-container\"  id=\"modal-1\" \n\t\t\t\tdata-wp-class--has-modal-open=\"state.isMenuOpen\"\n\t\t\t\tdata-wp-class--is-menu-open=\"state.isMenuOpen\"\n\t\t\t\tdata-wp-watch=\"callbacks.initMenu\"\n\t\t\t\tdata-wp-on--keydown=\"actions.handleMenuKeydown\"\n\t\t\t\tdata-wp-on--focusout=\"actions.handleMenuFocusout\"\n\t\t\t\ttabindex=\"-1\"\n\t\t\t>\n\t\t\t\t\t<div class=\"wp-block-navigation__responsive-close\" tabindex=\"-1\">\n\t\t\t\t\t\t<div class=\"wp-block-navigation__responsive-dialog\" \n\t\t\t\tdata-wp-bind--aria-modal=\"state.ariaModal\"\n\t\t\t\tdata-wp-bind--aria-label=\"state.ariaLabel\"\n\t\t\t\tdata-wp-bind--role=\"state.roleAttribute\"\n\t\t\t>\n\t\t\t\t\t\t\t<button aria-label=\"Cerrar el men\u00fa\" class=\"wp-block-navigation__responsive-container-close\" \n\t\t\t\tdata-wp-on--click=\"actions.closeMenuOnClick\"\n\t\t\t><svg xmlns=\"http:\/\/www.w3.org\/2000\/svg\" viewBox=\"0 0 24 24\" width=\"24\" height=\"24\" aria-hidden=\"true\" focusable=\"false\"><path d=\"m13.06 12 6.47-6.47-1.06-1.06L12 10.94 5.53 4.47 4.47 5.53 10.94 12l-6.47 6.47 1.06 1.06L12 13.06l6.47 6.47 1.06-1.06L13.06 12Z\"><\/path><\/svg><\/button>\n\t\t\t\t\t\t\t<div class=\"wp-block-navigation__responsive-container-content\" \n\t\t\t\tdata-wp-watch=\"callbacks.focusFirstElement\"\n\t\t\t id=\"modal-1-content\">\n\t\t\t\t\t\t\t\t\n\t\t\t\t\t\t\t<\/div>\n\t\t\t\t\t\t<\/div>\n\t\t\t\t\t<\/div>\n\t\t\t\t<\/div><\/nav><\/div>\n\n\n\n<div class=\"wp-block-column is-layout-flow wp-block-column-is-layout-flow\" style=\"flex-basis:66.66%\">\n<p><strong>Chili Mafia GmbH<\/strong> es todo sobre chiles, salsas de chilepicante), especias, comida picante y mucho m\u00e1s.  <\/p>\n\n\n\n<p>Operamos un  <\/p>\n\n\n\n<ul class=\"wp-block-list\">\n<li>Tienda en l\u00ednea de cajas de salsas picantes<a rel=\"noreferrer noopener\" href=\"https:\/\/chilimafia.com\/shop\/\" data-type=\"page\" data-id=\"6\" target=\"_blank\">(Chilimafia.com<\/a>)  <\/li>\n\n\n\n<li>una tienda en l\u00ednea de salsas de chile (especialmente picante)<a rel=\"noreferrer noopener\" href=\"https:\/\/chili-saucen.com\" target=\"_blank\">(Chili-Saucen.com<\/a>) y<\/li>\n\n\n\n<li>un blog donde puedes encontrar mucha informaci\u00f3n sobre el cultivo de plantas de chile y, por supuesto, pedir semillas de chile:<a rel=\"noreferrer noopener\" href=\"https:\/\/chili-plants.com\" target=\"_blank\"> Chili-Plants.com<\/a><\/li>\n<\/ul>\n\n\n\n<p>Au\u00dferdem haben wir eine eigene Saucen-Manufaktur, mit der Eigenmarke <a data-type=\"product\" data-id=\"1300\" href=\"\/?p=1300\" target=\"_blank\" rel=\"noreferrer noopener\">Pika Pika Chili Compositions<\/a> (jetzt Chili Mafia Hot Sauces)<\/p>\n\n\n\n<p>Pero hay algo m\u00e1s que eso. Porque no s\u00f3lo queremos ofrecer a los aficionados al picantelos productos est\u00e1ndar, sino que trabajamos exclusivamente con peque\u00f1os fabricantes europeos. Probamos, probamos, clasificamos y descartamos. Por \u00faltimo, incluir las mejores salsas de chile en nuestras cajas y tienda. Continuamente se a\u00f1aden nuevos productos, que le presentamos en nuestras cajas.<\/p>\n\n\n\n<p><\/p>\n<\/div>\n<\/div>\n\n\n\n<h2 class=\"wp-block-heading\">Puede encontrarnos en las siguientes redes sociales:<\/h2>\n\n\n\n<div style=\"height:48px\" aria-hidden=\"true\" class=\"wp-block-spacer\"><\/div>\n\n\n\n<div class=\"wp-block-columns is-layout-flex wp-container-core-columns-is-layout-9d6595d7 wp-block-columns-is-layout-flex\">\n<div class=\"wp-block-column is-layout-flow wp-block-column-is-layout-flow\"><\/div>\n\n\n\n<div class=\"wp-block-column is-layout-flow wp-block-column-is-layout-flow\">\n<div class=\"wp-block-buttons is-layout-flex wp-block-buttons-is-layout-flex\">\n<div class=\"wp-block-button\"><a class=\"wp-block-button__link wp-element-button\" href=\"https:\/\/www.instagram.com\/chilimafiacom\/\" target=\"_blank\" rel=\"noreferrer noopener\">Instagram<\/a><\/div>\n<\/div>\n<\/div>\n\n\n\n<div class=\"wp-block-column is-layout-flow wp-block-column-is-layout-flow\">\n<div class=\"wp-block-buttons is-layout-flex wp-block-buttons-is-layout-flex\">\n<div class=\"wp-block-button\"><a class=\"wp-block-button__link wp-element-button\" href=\"https:\/\/www.youtube.com\/channel\/UC3MUPKrj9VrW7-e4oOLQglg\/videos\" target=\"_blank\" rel=\"noreferrer noopener\">Youtube<\/a><\/div>\n<\/div>\n<\/div>\n<\/div>\n\n\n\n<div class=\"wp-block-columns is-layout-flex wp-container-core-columns-is-layout-9d6595d7 wp-block-columns-is-layout-flex\">\n<div class=\"wp-block-column is-layout-flow wp-block-column-is-layout-flow\"><\/div>\n\n\n\n<div class=\"wp-block-column is-layout-flow wp-block-column-is-layout-flow\">\n<div class=\"wp-block-buttons is-layout-flex wp-block-buttons-is-layout-flex\">\n<div class=\"wp-block-button\"><a class=\"wp-block-button__link wp-element-button\" href=\"https:\/\/www.pinterest.de\/chilimafia\/\" target=\"_blank\" rel=\"noreferrer noopener\">Pinterest<\/a><\/div>\n<\/div>\n<\/div>\n\n\n\n<div class=\"wp-block-column is-layout-flow wp-block-column-is-layout-flow\">\n<div class=\"wp-block-buttons is-layout-flex wp-block-buttons-is-layout-flex\">\n<div class=\"wp-block-button\"><a class=\"wp-block-button__link wp-element-button\" href=\"https:\/\/www.facebook.com\/ChiliMafiaCom\/\" target=\"_blank\" rel=\"noreferrer noopener\">Facebook<\/a><\/div>\n<\/div>\n<\/div>\n<\/div>\n\n\n\n<div class=\"wp-block-columns is-layout-flex wp-container-core-columns-is-layout-9d6595d7 wp-block-columns-is-layout-flex\">\n<div class=\"wp-block-column is-layout-flow wp-block-column-is-layout-flow\"><\/div>\n\n\n\n<div class=\"wp-block-column is-layout-flow wp-block-column-is-layout-flow\">\n<div class=\"wp-block-buttons is-layout-flex wp-block-buttons-is-layout-flex\">\n<div class=\"wp-block-button\"><a class=\"wp-block-button__link wp-element-button\" href=\"https:\/\/www.tiktok.com\/@chilimafia\" target=\"_blank\" rel=\"noreferrer noopener\">Tik Tok<\/a><\/div>\n<\/div>\n<\/div>\n\n\n\n<div class=\"wp-block-column is-layout-flow wp-block-column-is-layout-flow\">\n<div class=\"wp-block-buttons is-layout-flex wp-block-buttons-is-layout-flex\">\n<div class=\"wp-block-button\"><a class=\"wp-block-button__link wp-element-button\" href=\"https:\/\/mobile.twitter.com\/chilimafiacom\" target=\"_blank\" rel=\"noreferrer noopener\">Twitter<\/a><\/div>\n<\/div>\n<\/div>\n<\/div>\n\n\n\n<div class=\"wp-block-columns is-layout-flex wp-container-core-columns-is-layout-9d6595d7 wp-block-columns-is-layout-flex\">\n<div class=\"wp-block-column is-layout-flow wp-block-column-is-layout-flow\"><\/div>\n\n\n\n<div class=\"wp-block-column is-layout-flow wp-block-column-is-layout-flow\">\n<div class=\"wp-block-buttons is-layout-flex wp-block-buttons-is-layout-flex\">\n<div class=\"wp-block-button\"><a class=\"wp-block-button__link wp-element-button\" href=\"https:\/\/www.linkedin.com\/company\/chilimafia\/\" target=\"_blank\" rel=\"noreferrer noopener\">Linkedin<\/a><\/div>\n<\/div>\n<\/div>\n\n\n\n<div class=\"wp-block-column is-layout-flow wp-block-column-is-layout-flow\"><\/div>\n<\/div>\n\n\n\n<div style=\"height:61px\" aria-hidden=\"true\" class=\"wp-block-spacer\"><\/div>\n\n\n\n<div class=\"wp-block-columns is-layout-flex wp-container-core-columns-is-layout-9d6595d7 wp-block-columns-is-layout-flex\">\n<div class=\"wp-block-column is-layout-flow wp-block-column-is-layout-flow\">\n<p>\n          <strong>Medios de comunicaci\u00f3n social (Aviso legal + Protecci\u00f3n de datos)  <\/strong>\n        <\/p>\n\n\n\n<p>Haga clic aqu\u00ed para ver nuestro <a href=\"https:\/\/chilimafia.com\/es\/impressum-es\/\" target=\"_blank\" rel=\"noreferrer noopener\">pie de imprenta<\/a><\/p>\n<\/div>\n\n\n\n<div class=\"wp-block-column is-layout-flow wp-block-column-is-layout-flow\"><\/div>\n<\/div>\n\n\n\n<p><\/p>\n<\/div>\n<\/div>\n<\/div>\n<\/div>\n<\/div><\/div>\n\n<h2 class=\"has-text-align-center wp-block-heading\">\u00bfPreguntas?  <\/h2>\n\n<p class=\"has-text-align-center\">\n          <a href=\"https:\/\/chilimafia.com\/es\/contacto-cita-b2b\/\" target=\"_blank\" rel=\"noreferrer noopener\">No dude en ponerse en contacto con nosotros<\/a>\n        <\/p>\n","protected":false},"excerpt":{"rendered":"<p>Tienda de salsas picantes extraEnv\u00edo: Alemania, Francia, Espa\u00f1a, B\u00e9lgica, Luxemburgo Marca propiaSalsas picantes creativas Semillas de guindilla \/ Semillas de&hellip;<\/p>\n","protected":false},"author":1,"featured_media":0,"parent":0,"menu_order":0,"comment_status":"closed","ping_status":"closed","template":"","meta":{"footnotes":""},"class_list":["post-24768","page","type-page","status-publish","hentry"],"_links":{"self":[{"href":"https:\/\/chilimafia.com\/es\/wp-json\/wp\/v2\/pages\/24768","targetHints":{"allow":["GET"]}}],"collection":[{"href":"https:\/\/chilimafia.com\/es\/wp-json\/wp\/v2\/pages"}],"about":[{"href":"https:\/\/chilimafia.com\/es\/wp-json\/wp\/v2\/types\/page"}],"author":[{"embeddable":true,"href":"https:\/\/chilimafia.com\/es\/wp-json\/wp\/v2\/users\/1"}],"replies":[{"embeddable":true,"href":"https:\/\/chilimafia.com\/es\/wp-json\/wp\/v2\/comments?post=24768"}],"version-history":[{"count":1,"href":"https:\/\/chilimafia.com\/es\/wp-json\/wp\/v2\/pages\/24768\/revisions"}],"predecessor-version":[{"id":27180,"href":"https:\/\/chilimafia.com\/es\/wp-json\/wp\/v2\/pages\/24768\/revisions\/27180"}],"wp:attachment":[{"href":"https:\/\/chilimafia.com\/es\/wp-json\/wp\/v2\/media?parent=24768"}],"curies":[{"name":"wp","href":"https:\/\/api.w.org\/{rel}","templated":true}]}}