{"id":2516,"date":"2020-03-23T22:41:14","date_gmt":"2020-03-23T22:41:14","guid":{"rendered":"https:\/\/chilimafia.com\/seguridad-y-confianza-metodos-de-pago\/"},"modified":"2024-07-24T10:52:28","modified_gmt":"2024-07-24T10:52:28","slug":"seguridad-y-confianza-metodos-de-pago","status":"publish","type":"page","link":"https:\/\/chilimafia.com\/es\/seguridad-y-confianza-metodos-de-pago","title":{"rendered":"Seguridad y Confianza &#8211; M\u00e9todos de pago"},"content":{"rendered":"\n<p>Cuando haces un pedido en \u00abChili Mafia.com\u00bb, el dinero va directamente a nosotros (como microfabricantes de nuestras Pika Pika Chili Compositions) y los dem\u00e1s peque\u00f1os fabricantes forman parte de la Chili Mafia. Si ha llegado a la Chili Mafia v\u00eda un buscador web, seguramente requiere m\u00e1s informaci\u00f3n sobre nosotros para as\u00ed tener la confianza de realizar un pedido. Aqu\u00ed hay una lista de argumentos&#8230; <\/p>\n\n<img decoding=\"async\" src=\"https:\/\/www.it-recht-kanzlei.de\/logo\/AGB-Logo.png?i=3a689-20e0b-39ca-9080-1\" alt=\"Representado por el bufete de abogados de IT-Recht M\u00fcnchen\"\/>\n\n<h3 class=\"wp-block-heading\">Seguro de compra con Paypal<\/h3>\n\n<p>Todos los pagos de PayPal est\u00e1n protegidos por el sistema de protecci\u00f3n al comprador de PayPal. Si sus productos pedidos no llegan, no se corresponden con la descripci\u00f3n, o simplemente algo sale mal, puede reportar los productos pedidos a PayPal como parte de la protecci\u00f3n del comprador. Su queja ser\u00e1 comprobada por PayPal y si recibe una queja leg\u00edtima, recibir\u00e1 el importe total de la factura de vuelta. Para obtener m\u00e1s informaci\u00f3n, consulte <a href=\"https:\/\/www.paypal.de\/\">www.paypal.de<\/a>.<\/p>\n\n<h4 class=\"wp-block-heading\">SSL<\/h4>\n\n<p>Para proteger sus datos del acceso no autorizado por parte de terceros, utilizamos tecnolog\u00edas de cifrado verificadas. Con SSL (Secure Socket Layer) todos los datos de pedidos y tarjetas de cr\u00e9dito se transmiten a nosotros cifrados y, por supuesto, ser\u00e1n tratados de forma confidencial.<\/p>\n\n<h4 class=\"wp-block-heading\">M\u00e9todos de pago seguros<\/h4>\n<p>Una lista de nuestros m\u00e9todos de pago seguros &#8211; Todos los precios incluyen el impuesto sobre el valor a\u00f1adido legal, m\u00e1s los costos de env\u00edo dependiendo del pa\u00eds. Puede encontrar m\u00e1s informaci\u00f3n sobre los <a href=\"https:\/\/chilimafia.com\/es\/costos-de-envio\" target=\"_blank\" rel=\"noopener noreferrer\">gastos de env\u00edo aqu\u00ed<\/a><\/p>\n<p>[payment_methods_info]<\/p>\n","protected":false},"excerpt":{"rendered":"<p>Cuando haces un pedido en \u00abChili Mafia.com\u00bb, el dinero va directamente a nosotros (como microfabricantes de nuestras Pika Pika Chili&hellip;<\/p>\n","protected":false},"author":1,"featured_media":0,"parent":0,"menu_order":0,"comment_status":"closed","ping_status":"closed","template":"","meta":{"footnotes":""},"class_list":["post-2516","page","type-page","status-publish","hentry"],"_links":{"self":[{"href":"https:\/\/chilimafia.com\/es\/wp-json\/wp\/v2\/pages\/2516","targetHints":{"allow":["GET"]}}],"collection":[{"href":"https:\/\/chilimafia.com\/es\/wp-json\/wp\/v2\/pages"}],"about":[{"href":"https:\/\/chilimafia.com\/es\/wp-json\/wp\/v2\/types\/page"}],"author":[{"embeddable":true,"href":"https:\/\/chilimafia.com\/es\/wp-json\/wp\/v2\/users\/1"}],"replies":[{"embeddable":true,"href":"https:\/\/chilimafia.com\/es\/wp-json\/wp\/v2\/comments?post=2516"}],"version-history":[{"count":2,"href":"https:\/\/chilimafia.com\/es\/wp-json\/wp\/v2\/pages\/2516\/revisions"}],"predecessor-version":[{"id":27385,"href":"https:\/\/chilimafia.com\/es\/wp-json\/wp\/v2\/pages\/2516\/revisions\/27385"}],"wp:attachment":[{"href":"https:\/\/chilimafia.com\/es\/wp-json\/wp\/v2\/media?parent=2516"}],"curies":[{"name":"wp","href":"https:\/\/api.w.org\/{rel}","templated":true}]}}