{"id":26546,"date":"2023-05-22T20:59:38","date_gmt":"2023-05-22T20:59:38","guid":{"rendered":"https:\/\/chilimafia.com\/cajas-de-salsa-picante-chili-mafia\/"},"modified":"2024-07-23T05:57:42","modified_gmt":"2024-07-23T05:57:42","slug":"cajas-de-salsa-picante-chili-mafia","status":"publish","type":"page","link":"https:\/\/chilimafia.com\/es\/cajas-de-salsa-picante-chili-mafia","title":{"rendered":"Cajas regalo"},"content":{"rendered":"\n<div class=\"wp-block-cover is-light\"><span aria-hidden=\"true\" class=\"wp-block-cover__background has-background-dim\"><\/span><img decoding=\"async\" class=\"wp-block-cover__image-background wp-image-26158\" alt=\"Hot Sauce Boxes\" src=\"https:\/\/chilimafia.com\/wp-content\/uploads\/2023\/05\/all_sauces_Banner-1024x341.jpg\" data-object-fit=\"cover\"\/><div class=\"wp-block-cover__inner-container is-layout-flow wp-block-cover-is-layout-flow\">\n<p class=\"has-text-align-center has-yith-proteo-editor-custom-color-2-color has-text-color has-large-font-size\" style=\"text-transform:uppercase\"><strong>Cajas de salsa picantes<\/strong><\/p>\n<\/div><\/div>\n\n<div style=\"height:55px\" aria-hidden=\"true\" class=\"wp-block-spacer\"><\/div>\n\n<h1 class=\"wp-block-heading has-text-align-center\">Las mejores salsas para los amantes del picante<\/h1>\n\n<div style=\"height:30px\" aria-hidden=\"true\" class=\"wp-block-spacer\"><\/div>\n\n<h2 class=\"wp-block-heading has-text-align-center\"><strong>Dale sabor a tu vida<\/strong><\/h2>\n\n<p><strong>\u00a1Nuestro set de regalo Chilli-Magia se reinventa regularmente!<\/strong><\/p>\n\n<p>\u00bfBuscas nuevos placeres? Descubra con nosotros cada vez nuevas salsas picante y otros productos de pimientos de peque\u00f1os fabricantes nacionales e internacionales, que en su mayor\u00eda siguen produciendo sus productos a mano con mucho amor por el detalle. Por supuesto, las salsas de guindilla tambi\u00e9n son una buena idea de regalo. Hacemos un llamamiento a quienes <em>no les gustanlos productos picantes malos<\/em>, industriales y aburridos. <em>y\/o buscan s\u00f3lo la nitidez. Nosotros  <\/em>queremos promover las verdaderas especialidades y apoyar as\u00ed a las peque\u00f1as empresas en las que los pimientos se tratan como lo que realmente son: un manjar con una ampl\u00edsima variedad de colores, picor y sabor. <\/p>\n\n<p><strong>Desde lo m\u00e1s suave hasta lo m\u00e1s picante,<\/strong> todo est\u00e1 aqu\u00ed, y dependiendo de su gusto, seguro que encontrar\u00e1 su <strong>pr\u00f3xima salsa picante favorita<\/strong> a trav\u00e9s de nosotros.<\/p>\n\n<h2 class=\"wp-block-heading\">Los mejores productos de salsas picantes de fabricantes internacionales<\/h2>\n\n<p>Valoramos la verdadera artesan\u00eda y ofrecemos a nuestros clientes los mejores productos de salsa picante de fabricantes internacionales. Probamos y evaluamos las salsas picantes artesanales individualmente S\u00f3lo lo mejor entra en nuestros estuches de chile. Puede pedir las cajas a trav\u00e9s de nuestra plataforma y se las entregaremos en su casa. Entonces lo \u00fanico que queda por hacer es: \u00a1disfrutar!<\/p>\n\n<p>Gracias a nuestros muchos a\u00f1os de experiencia y a nuestros contactos internacionales en el mundo del picante, ofrecemos constantemente nuevos productos excepcionales. Gracias a los contactos personales, a nuestra participaci\u00f3n y a las visitas a diversos festivales y ferias, nos enteramos de las nuevas creaciones de salsas picantes, probamos los productos y conocemos personalmente a muchos artesanos. A continuaci\u00f3n, reunimos los productos en cajas de salsas y los comercializamos. Por ello, incluyen constantemente nuevos productos de alta calidad, que se distribuyen directamente a nuestros clientes finales. Por supuesto, las cajas tambi\u00e9n se pueden pedir. Tambi\u00e9n tenemos cajas de salsas en diferentes variaciones de picor en oferta todo el tiempo.<\/p>\n\n<p>A trav\u00e9s de la Chilli Mafia, proporcionamos una plataforma para que <strong>los fabricantes<\/strong> ofrezcan sus productos picantes a los aficionados al picor, y nosotros, la <strong>Chilli Mafia<\/strong>, nos aseguramos de que s\u00f3lo se ofrezcan productos de alta calidad y hechos a mano a <strong>nuestros<\/strong> <strong>clientes<\/strong>. <strong>Todos ganan.<\/strong><\/p>\n\n<p>Para que usted obtenga lo mejor y nosotros clientes satisfechos.<\/p>\n\n<p><\/p>\n\n<h2 class=\"wp-block-heading has-text-align-center\"><strong>\u00a1Bienvenido a la familia de Chilli Mafia!<\/strong><\/h2>\n\n<div style=\"height:60px\" aria-hidden=\"true\" class=\"wp-block-spacer\"><\/div>\n\n<div class=\"wp-block-buttons alignwide is-content-justification-center is-layout-flex wp-container-core-buttons-is-layout-16018d1d wp-block-buttons-is-layout-flex\">\n<div class=\"wp-block-button\"><a class=\"wp-block-button__link has-yith-proteo-editor-custom-color-6-color has-yith-proteo-editor-custom-color-5-background-color has-text-color has-background wp-element-button\" href=\"https:\/\/chilimafia.com\/shop\">Descubra todas las cajas<\/a><\/div>\n<\/div>\n","protected":false},"excerpt":{"rendered":"<p>Las mejores salsas para los amantes del picante Dale sabor a tu vida \u00a1Nuestro set de regalo Chilli-Magia se reinventa&hellip;<\/p>\n","protected":false},"author":1,"featured_media":0,"parent":0,"menu_order":0,"comment_status":"closed","ping_status":"closed","template":"","meta":{"footnotes":""},"class_list":["post-26546","page","type-page","status-publish","hentry"],"_links":{"self":[{"href":"https:\/\/chilimafia.com\/es\/wp-json\/wp\/v2\/pages\/26546","targetHints":{"allow":["GET"]}}],"collection":[{"href":"https:\/\/chilimafia.com\/es\/wp-json\/wp\/v2\/pages"}],"about":[{"href":"https:\/\/chilimafia.com\/es\/wp-json\/wp\/v2\/types\/page"}],"author":[{"embeddable":true,"href":"https:\/\/chilimafia.com\/es\/wp-json\/wp\/v2\/users\/1"}],"replies":[{"embeddable":true,"href":"https:\/\/chilimafia.com\/es\/wp-json\/wp\/v2\/comments?post=26546"}],"version-history":[{"count":5,"href":"https:\/\/chilimafia.com\/es\/wp-json\/wp\/v2\/pages\/26546\/revisions"}],"predecessor-version":[{"id":27211,"href":"https:\/\/chilimafia.com\/es\/wp-json\/wp\/v2\/pages\/26546\/revisions\/27211"}],"wp:attachment":[{"href":"https:\/\/chilimafia.com\/es\/wp-json\/wp\/v2\/media?parent=26546"}],"curies":[{"name":"wp","href":"https:\/\/api.w.org\/{rel}","templated":true}]}}