{"id":27044,"date":"2020-09-23T08:11:28","date_gmt":"2020-09-23T08:11:28","guid":{"rendered":"https:\/\/chilimafia.com\/chili-mafia-cajas-de-salsas-picantes-artesanales-y-tienda-de-salsas-picantes"},"modified":"2024-07-19T13:06:05","modified_gmt":"2024-07-19T13:06:05","slug":"chili-mafia-cajas-de-salsas-picantes-artesanales-y-tienda-de-salsas-picantes","status":"publish","type":"page","link":"https:\/\/chilimafia.com\/es","title":{"rendered":"Chili Mafia &#8211; Cajas de salsas picantes artesanales y tienda de salsas picantes"},"content":{"rendered":"\n<div style=\"height:52px\" aria-hidden=\"true\" class=\"wp-block-spacer\"><\/div>\n\n<h2 class=\"wp-block-heading has-text-align-center\">Vive la vida con chile<\/h2>\n\n<p>En Chilimafia, todo gira en torno a los chilis: como expertos en pimientos y fabricantes de salsas picantes, sabemos lo que hacemos y queremos compartir nuestro amor por los chiles y las salsas picantes.<\/p>\n\n<p>No nos preocupan los extractos ni la qu\u00edmica; al fin y al cabo, el Nivel de Picor: una salsa viene determinado por la variedad de guindilla concreta que se haya seleccionado para la preparaci\u00f3n. Cada variedad de pimiento es \u00fanica y tiene sus propias caracter\u00edsticas, como el sabor, el aspecto y el nivel de picor: <\/p>\n\n<p>Como Chilimafia, somos tu contacto para todo lo relacionado con el pimiento. <\/p>\n\n<p>Seguimos queriendo ofrecerle m\u00e1s proyectos picantes y actualmente estamos trabajando en cajas de salsas picantes y suscripciones. Pronto podr\u00e1s encontrar m\u00e1s informaci\u00f3n aqu\u00ed y en nuestros canales de <a href=\"https:\/\/www.instagram.com\/chilimafiacom\/\">Instagram<\/a> y <a href=\"https:\/\/www.facebook.com\/ChiliMafiaCom\/\">Facebook<\/a>, as\u00ed como en <a href=\"https:\/\/www.linkedin.com\/company\/chilimafia\/\">Linked In<\/a>.<\/p>\n\n<div style=\"height:24px\" aria-hidden=\"true\" class=\"wp-block-spacer\"><\/div>\n<div class=\"wp-block-image\">\n<figure class=\"aligncenter\"><img loading=\"lazy\" decoding=\"async\" width=\"248\" height=\"98\" src=\"https:\/\/chilimafia.com\/wp-content\/uploads\/2024\/07\/made-venezuelan-1.jpg\" alt=\"\" class=\"wp-image-26959\"\/><\/figure>\n<\/div>\n<div class=\"wp-block-columns is-layout-flex wp-container-core-columns-is-layout-9d6595d7 wp-block-columns-is-layout-flex\">\n<div class=\"wp-block-column is-layout-flow wp-block-column-is-layout-flow\">\n<p><\/p>\n<\/div>\n\n\n\n<div class=\"wp-block-column is-layout-flow wp-block-column-is-layout-flow\">\n<p class=\"has-text-align-center\">Hecho en Alemania con corazones venezolanos; el fundador Fabi\u00e1n lleg\u00f3 a Alemania hace 18 a\u00f1os como estudiante y fund\u00f3 Chili Mafia en 2019.  <a href=\"https:\/\/chilimafia.com\/haus-chili-manufakturen\/geschichte#:~:text=HOT%20SAUCES-,%C3%9CBER%20UNS,-AGBS\" data-type=\"link\" data-id=\"https:\/\/chilimafia.com\/haus-chili-manufakturen\/geschichte#:~:text=HOT%20SAUCES-,%C3%9CBER%20UNS,-AGBS\" target=\"_blank\" rel=\"noreferrer noopener\"><\/a><a href=\"https:\/\/chilimafia.com\/haus-chili-manufakturen\/geschichte#:~:text=HOT%20SAUCES-,%C3%9CBER%20UNS,-AGBS\">M\u00e1s sobre nosotros aqu\u00ed<\/a><\/p>\n<\/div>\n\n\n\n<div class=\"wp-block-column is-layout-flow wp-block-column-is-layout-flow\">\n<p><\/p>\n<\/div>\n<\/div>\n\n<div class=\"wp-block-columns is-layout-flex wp-container-core-columns-is-layout-9d6595d7 wp-block-columns-is-layout-flex\">\n<div class=\"wp-block-column is-layout-flow wp-block-column-is-layout-flow\">\n<h2 class=\"wp-block-heading has-text-align-center\">Salsas picantes Chili Mafia<\/h2>\n\n\n\n<p>Somos <strong>fabricantes<\/strong> de salsas picantes y elaboramos nuestras propias salsas picantes. <a href=\"https:\/\/chilimafia.com\/chilimafia-hot-sauces\">M\u00e1s informaci\u00f3n<\/a><\/p>\n<\/div>\n\n\n\n<div class=\"wp-block-column is-layout-flow wp-block-column-is-layout-flow\">\n<h2 class=\"wp-block-heading has-text-align-center\">Compre su salsa<\/h2>\n\n\n\n<p>En nuestra <a href=\"http:\/\/www.chili-saucen.com\/\">tienda online<\/a> chili-saucen.com encontrar\u00e1<strong> m\u00e1s de 100 productos de salsas picantes<\/strong>, desde <strong>suaves hasta infernalmente picantes<\/strong>.<\/p>\n<\/div>\n\n\n\n<div class=\"wp-block-column is-layout-flow wp-block-column-is-layout-flow\">\n<h2 class=\"wp-block-heading has-text-align-center\">Cajas de salsa picantes<\/h2>\n\n\n\n<p>\u00a1Descubra nuestras <a href=\"https:\/\/chilimafia.com\/chili-mafia-hot-sauce-boxes\">cajas de salsas picantes<\/a>con siempre nuevas propuestas!<\/p>\n<\/div>\n<\/div>\n\n<div style=\"height:23px\" aria-hidden=\"true\" class=\"wp-block-spacer\"><\/div>\n\n<div class=\"wp-block-columns is-layout-flex wp-container-core-columns-is-layout-9d6595d7 wp-block-columns-is-layout-flex\">\n<div class=\"wp-block-column is-layout-flow wp-block-column-is-layout-flow\">\n<h2 class=\"wp-block-heading has-text-align-center\">Suscripci\u00f3n de salsas picantes<\/h2>\n<\/div>\n\n\n\n<div class=\"wp-block-column is-layout-flow wp-block-column-is-layout-flow\">\n<h2 class=\"wp-block-heading has-text-align-center\">Semillas de guindilla<\/h2>\n\n\n\n<p>\u00bfQuieres cultivar tus propias plantas de guindilla? Haga clic aqu\u00ed para las <a href=\"http:\/\/www.chili-plants.com\">semillas de guindilla<\/a><\/p>\n<\/div>\n\n\n\n<div class=\"wp-block-column is-layout-flow wp-block-column-is-layout-flow\">\n<h2 class=\"wp-block-heading has-text-align-center\">Reto del chile  <\/h2>\n<\/div>\n<\/div>\n\n<div style=\"height:41px\" aria-hidden=\"true\" class=\"wp-block-spacer\"><\/div>\n\n<h2 class=\"wp-block-heading has-text-align-center animate-fade-up\" id=\"die-scharfsten-chili-saucen-der-mafia\" style=\"font-size:40px\">Comentarios de los clientes<\/h2>\n\n<!-- ANFANG -->\n<iframe src=\"https:\/\/widgets.shopvote.de\/bs-widget.php?shopid=16243\" style=\"position: relative; height: 260px; border-style: none; overflow: hidden;\" scrolling=\"no\"><\/iframe>\n<!-- ENDE -->\n\n<div style=\"height:43px\" aria-hidden=\"true\" class=\"wp-block-spacer\"><\/div>\n\n<h1 class=\"wp-block-heading has-text-align-center\">Sabidur\u00eda de la Chili Mafia<\/h1>\n\n<div style=\"height:72px\" aria-hidden=\"true\" class=\"wp-block-spacer\"><\/div>\n\n<div class=\"wp-block-columns is-layout-flex wp-container-core-columns-is-layout-9d6595d7 wp-block-columns-is-layout-flex\">\n<div class=\"wp-block-column is-layout-flow wp-block-column-is-layout-flow\">\n<figure class=\"wp-block-image size-large\"><a href=\"https:\/\/chilimafia.com\/wp-content\/uploads\/2023\/02\/scharfesaucen.jpg\"><img decoding=\"async\" src=\"https:\/\/chilimafia.com\/wp-content\/uploads\/2023\/02\/scharfesaucen-1024x1024.jpg\" alt=\"\" class=\"wp-image-25848\"\/><\/a><figcaption class=\"wp-element-caption\">\u00abCon una gota a la vez, nunca es demasiado picante\u00bb.<\/figcaption><\/figure>\n\n\n\n<p><strong>\u00abCon una gota a la vez, nunca es demasiado picante\u00bb.<\/strong><\/p>\n\n\n\n<p class=\"animate-fade\">Nuestro lema es: No existen las salsas \u00abdemasiado picante\u00bb: todo es cuesti\u00f3n de la dosis adecuada \ud83d\ude42 Ponte a prueba con las diferentes creaciones de chile, y empieza con las versiones suaves si no comes picante habitualmente.  <\/p>\n\n\n\n<p class=\"animate-fade\">Porque: disfrutar de las salsas picantes es como hacer deporte: cuanto m\u00e1s a menudo, m\u00e1s resistencia \ud83d\ude09 <\/p>\n\n\n\n<p><\/p>\n\n\n\n<div class=\"wp-block-buttons is-layout-flex wp-block-buttons-is-layout-flex\">\n<div class=\"wp-block-button\"><a class=\"wp-block-button__link has-yith-proteo-editor-custom-color-6-color has-yith-proteo-editor-custom-color-5-background-color has-text-color has-background wp-element-button\" href=\"\/?page_id=25340\">\u00bfC\u00f3mo se utilizan las salsas picantes?<\/a><\/div>\n<\/div>\n<\/div>\n\n\n\n<div class=\"wp-block-column is-layout-flow wp-block-column-is-layout-flow\">\n<figure class=\"wp-block-image size-large\"><a href=\"https:\/\/chilimafia.com\/wp-content\/uploads\/2023\/02\/scharfesuppe.jpg\"><img decoding=\"async\" src=\"https:\/\/chilimafia.com\/wp-content\/uploads\/2023\/02\/scharfesuppe-1024x1024.jpg\" alt=\"\" class=\"wp-image-25843\"\/><\/a><\/figure>\n\n\n\n<p><strong>Los sure\u00f1os: \u00bfen el interior comen m\u00e1s picante? &#8211; s\u00f3lo prejuicios \ud83d\ude42<\/strong><\/p>\n\n\n\n<p class=\"animate-fade\">La tolerancia al picante no tiene nada que ver con el origen, el color de la piel o la cultura, sino con el amor al buen gusto.<\/p>\n\n\n\n<p class=\"animate-fade\">La Chili Mafia te acompa\u00f1a en tu \u00abcomer picante\u00bb con productos y variaciones de picante siempre nuevos.  <\/p>\n\n\n\n<p><\/p>\n\n\n\n<p class=\"animate-fade\"><strong>\u00abDescubre el amor por la comida picante\u00bb.<\/strong><\/p>\n\n\n\n<div class=\"wp-block-buttons is-layout-flex wp-block-buttons-is-layout-flex\">\n<div class=\"wp-block-button\"><a class=\"wp-block-button__link has-yith-proteo-editor-custom-color-6-color has-yith-proteo-editor-custom-color-5-background-color has-text-color has-background wp-element-button\" href=\"\/?page_id=2620\" target=\"_blank\" rel=\"noreferrer noopener\">\u00bfQu\u00e9 significan nuestros grados\/niveles de picor?<\/a><\/div>\n<\/div>\n<\/div>\n\n\n\n<div class=\"wp-block-column is-layout-flow wp-block-column-is-layout-flow\">\n<figure class=\"wp-block-image size-full\"><a href=\"https:\/\/chilimafia.com\/wp-content\/uploads\/2023\/04\/chilpflanzen.jpg\"><img decoding=\"async\" src=\"https:\/\/chilimafia.com\/wp-content\/uploads\/2023\/04\/chilpflanzen.jpg\" alt=\"\" class=\"wp-image-25998\"\/><\/a><\/figure>\n\n\n\n<p><strong>La temporada de chile de 2023<\/strong><\/p>\n\n\n\n<p class=\"has-text-align-left\">\u00bfLe apetece cosechar sus propias plantas de guindilla en el jard\u00edn, el balc\u00f3n o el alf\u00e9izar de la ventana?  <\/p>\n\n\n\n<p class=\"has-text-align-left\">En chili-plants.com puede encargar abundantes semillas de guindilla y disfrutar de guindillas coloridas y sabrosas en verano.  <\/p>\n\n\n\n<p class=\"has-text-align-left\">Adem\u00e1s, chili-plants.com tambi\u00e9n ofrece consejos e instrucciones sobre el cultivo y cuidado de las plantas.  <\/p>\n\n\n\n<p><\/p>\n\n\n\n<div class=\"wp-block-buttons is-layout-flex wp-block-buttons-is-layout-flex\">\n<div class=\"wp-block-button\"><a class=\"wp-block-button__link has-yith-proteo-editor-custom-color-6-color has-yith-proteo-editor-custom-color-5-background-color has-text-color has-background wp-element-button\" href=\"https:\/\/www.chili-plants.com\/\" target=\"_blank\" rel=\"noreferrer noopener\">Pida ya semillas de guindilla para la temporada de 2023<\/a><\/div>\n<\/div>\n<\/div>\n<\/div>\n\n<div style=\"height:37px\" aria-hidden=\"true\" class=\"wp-block-spacer\"><\/div>\n\n<div style=\"height:29px\" aria-hidden=\"true\" class=\"wp-block-spacer\"><\/div>\n\n<h1 class=\"wp-block-heading has-text-align-center animate-fade-up\" id=\"neuigkeiten-der-chili-mafia\">Noticias de Chili Mafia<\/h1>\n\n<div style=\"height:36px\" aria-hidden=\"true\" class=\"wp-block-spacer\"><\/div>\n<ul class=\"wp-block-latest-posts__list is-grid columns-3 has-dates alignleft animate-fade-up wp-block-latest-posts\"><li><div class=\"wp-block-latest-posts__featured-image aligncenter\"><a href=\"https:\/\/chilimafia.com\/es\/ya-esta-aqui-el-nuevo-diseno-de-chilimafia-hot-sauces\" aria-label=\"\u00a1Ya est\u00e1 aqu\u00ed el nuevo dise\u00f1o de Chilimafia Hot Sauces!\"><\/a><\/div><a class=\"wp-block-latest-posts__post-title\" href=\"https:\/\/chilimafia.com\/es\/ya-esta-aqui-el-nuevo-diseno-de-chilimafia-hot-sauces\">\u00a1Ya est\u00e1 aqu\u00ed el nuevo dise\u00f1o de Chilimafia Hot Sauces!<\/a><time datetime=\"2023-06-05T15:03:47+00:00\" class=\"wp-block-latest-posts__post-date\">5 de junio de 2023<\/time><\/li>\n<li><div class=\"wp-block-latest-posts__featured-image aligncenter\"><a href=\"https:\/\/chilimafia.com\/es\/la-chilimafia-en-el-stijlmarkt-de-maguncia-en-alemania\" aria-label=\"La Chilimafia en el Stijlmarkt de Maguncia en Alemania\"><\/a><\/div><a class=\"wp-block-latest-posts__post-title\" href=\"https:\/\/chilimafia.com\/es\/la-chilimafia-en-el-stijlmarkt-de-maguncia-en-alemania\">La Chilimafia en el Stijlmarkt de Maguncia en Alemania<\/a><time datetime=\"2023-04-17T14:00:09+00:00\" class=\"wp-block-latest-posts__post-date\">17 de abril de 2023<\/time><\/li>\n<li><div class=\"wp-block-latest-posts__featured-image aligncenter\"><a href=\"https:\/\/chilimafia.com\/es\/los-productos-de-chilimafia-ahora-tambien-estan-disponibles-en-espana\" aria-label=\"Los productos de Chilimafia ahora tambi\u00e9n est\u00e1n disponibles en Espa\u00f1a\"><\/a><\/div><a class=\"wp-block-latest-posts__post-title\" href=\"https:\/\/chilimafia.com\/es\/los-productos-de-chilimafia-ahora-tambien-estan-disponibles-en-espana\">Los productos de Chilimafia ahora tambi\u00e9n est\u00e1n disponibles en Espa\u00f1a<\/a><time datetime=\"2023-02-13T11:05:40+00:00\" class=\"wp-block-latest-posts__post-date\">13 de febrero de 2023<\/time><\/li>\n<\/ul>\n<div style=\"height:11px\" aria-hidden=\"true\" class=\"wp-block-spacer\"><\/div>\n\n<div class=\"wp-block-columns is-layout-flex wp-container-core-columns-is-layout-9d6595d7 wp-block-columns-is-layout-flex\">\n<div class=\"wp-block-column is-layout-flow wp-block-column-is-layout-flow\"><\/div>\n\n\n\n<div class=\"wp-block-column is-layout-flow wp-block-column-is-layout-flow\">\n<div class=\"wp-block-buttons is-layout-flex wp-block-buttons-is-layout-flex\">\n<div class=\"wp-block-button has-custom-font-size is-style-fill has-medium-font-size\"><a class=\"wp-block-button__link has-yith-proteo-editor-custom-color-6-color has-yith-proteo-editor-custom-color-5-background-color has-text-color has-background wp-element-button\" href=\"\/?page_id=25564\" target=\"_blank\" rel=\"noreferrer noopener\">M\u00e1s noticias de la Mafia<\/a><\/div>\n<\/div>\n<\/div>\n\n\n\n<div class=\"wp-block-column is-layout-flow wp-block-column-is-layout-flow\"><\/div>\n<\/div>\n\n<div style=\"height:23px\" aria-hidden=\"true\" class=\"wp-block-spacer\"><\/div>\n\n<h2 class=\"wp-block-heading has-text-align-center\" id=\"chilimafia-die-plattform-fur-manufakturen-aus-ganz-europa\">Chilimafia: La plataforma para los fabricantes de toda Europa.  <\/h2>\n\n<h3 class=\"wp-block-heading\" id=\"wir-verkosten-und-entscheiden\">Probamos los productos de chile y decidimos<\/h3>\n\n<p>Como peque\u00f1o fabricante aca microempresa es muy dif\u00edcil hacerse un hueco en el mercado. La participaci\u00f3n en ferias y la distribuci\u00f3n a trav\u00e9s de distribuidores son muy caras. Ahora queremos actuar juntos.<\/p>\n\n<p> Como productores de salsas picantes, conocemos el mundo del pimiento Para nosotros, los pimientos y sus productos derivados no son s\u00f3lo \u00abmedidores de testosterona\u00bb, sino verdaderos manjares. <\/p>\n\n<p>A trav\u00e9s de contactos personales, nuestra participaci\u00f3n y visitas a diversos festivales y ferias del picante, nos enteramos de las nuevas creaciones de salsas picantes, probamos los productos y conocemos personalmente a los artesanos. <\/p>\n\n<p>A trav\u00e9s de la Chilli Mafia, proporcionamos una plataforma para que los fabricantes ofrezcan sus productos a los aficionados del picante, y nosotros, la Chilli Mafia, nos aseguramos de que s\u00f3lo se ofrezcan productos de alta calidad y hechos a mano a nuestros clientes. Todos ganan.<\/p>\n\n<p>Porque a trav\u00e9s de nuestras cajas Chilli Mafia, que elaboramos peri\u00f3dicamente, se transmiten constantemente nuevos productos de pimiento de alta calidad directamente a nuestros clientes finales. En las cajas presentamos nuestros productos seleccionados y los clientes los prueban. As\u00ed, los aficionados del picante reciben regularmente nuevos productos. Por supuesto, las cajas tambi\u00e9n se pueden pedir. Tambi\u00e9n tenemos cajas de salsas en diferentes variaciones de picor en oferta todo el tiempo. Descubrelas!<\/p>\n\n<div class=\"wp-block-buttons is-content-justification-center is-layout-flex wp-container-core-buttons-is-layout-16018d1d wp-block-buttons-is-layout-flex\">\n<div class=\"wp-block-button\"><a class=\"wp-block-button__link has-yith-proteo-editor-custom-color-6-color has-yith-proteo-editor-custom-color-5-background-color has-text-color has-background wp-element-button\" href=\"https:\/\/chili-saucen.com\/shop\/\" target=\"_blank\" rel=\"noreferrer noopener\">A nuestra tienda<\/a><\/div>\n<\/div>\n","protected":false},"excerpt":{"rendered":"<p>Vive la vida con chile En Chilimafia, todo gira en torno a los chilis: como expertos en pimientos y fabricantes&hellip;<\/p>\n","protected":false},"author":1,"featured_media":0,"parent":0,"menu_order":0,"comment_status":"closed","ping_status":"closed","template":"","meta":{"footnotes":""},"class_list":["post-27044","page","type-page","status-publish","hentry"],"_links":{"self":[{"href":"https:\/\/chilimafia.com\/es\/wp-json\/wp\/v2\/pages\/27044","targetHints":{"allow":["GET"]}}],"collection":[{"href":"https:\/\/chilimafia.com\/es\/wp-json\/wp\/v2\/pages"}],"about":[{"href":"https:\/\/chilimafia.com\/es\/wp-json\/wp\/v2\/types\/page"}],"author":[{"embeddable":true,"href":"https:\/\/chilimafia.com\/es\/wp-json\/wp\/v2\/users\/1"}],"replies":[{"embeddable":true,"href":"https:\/\/chilimafia.com\/es\/wp-json\/wp\/v2\/comments?post=27044"}],"version-history":[{"count":1,"href":"https:\/\/chilimafia.com\/es\/wp-json\/wp\/v2\/pages\/27044\/revisions"}],"predecessor-version":[{"id":27045,"href":"https:\/\/chilimafia.com\/es\/wp-json\/wp\/v2\/pages\/27044\/revisions\/27045"}],"wp:attachment":[{"href":"https:\/\/chilimafia.com\/es\/wp-json\/wp\/v2\/media?parent=27044"}],"curies":[{"name":"wp","href":"https:\/\/api.w.org\/{rel}","templated":true}]}}