{"id":27076,"date":"2023-06-01T14:15:19","date_gmt":"2023-06-01T14:15:19","guid":{"rendered":"https:\/\/chilimafia.com\/chili-mafia-estuches-de-regalo-ventajas-insuperables"},"modified":"2024-07-22T15:07:33","modified_gmt":"2024-07-22T15:07:33","slug":"chili-mafia-estuches-de-regalo-ventajas-insuperables","status":"publish","type":"page","link":"https:\/\/chilimafia.com\/es\/revista-chilli-mafia\/chili-mafia-estuches-de-regalo-ventajas-insuperables","title":{"rendered":"Chili Mafia &#8211; Estuches de regalo: ventajas insuperables"},"content":{"rendered":"\n<p>\u00bfA qui\u00e9n no le gusta recibir un regalo que encaje perfectamente con sus preferencias? Y qu\u00e9 m\u00e1s le puede gustar a un amante de la salsa picante de chile que un set de regalo de chile. Pero no cualquier set de regalo, sino uno que ha sido cuidadosamente elaborado por nosotros. Somos la Chilli Mafia, nosotros mismos fabricantes -con m\u00e1scaras antig\u00e1s, etc. &#8211; y llevamos mucho tiempo viviendo la vida del chile.  <\/p>\n\n<p>El arte de la selecci\u00f3n: Preparar un set de regalo con guindillas requiere cierta pericia, experiencia y tambi\u00e9n un poco de fanatismo. Somos unos apasionados del chile, tenemos cientos de salsas y recetas con chile. Nuestra oficina bate r\u00e9cords en la colecci\u00f3n de \u00absalsas picantes\u00bb. Cada uno de los productos de nuestros estuches de regalo Chilli Mafia es el resultado de una cuidadosa reflexi\u00f3n y de intensas pruebas de sabor. As\u00ed puede estar seguro de que s\u00f3lo obtendr\u00e1 los mejores productos.<\/p>\n\n<p>Un mundo de diversidad: Un estuche de chile preparado por nosotros abre la puerta a un mundo de diversidad de sabores. Somos conscientes de que no todo el mundo prefiere el mismo picante o sabor. Por eso nos aseguramos de que nuestro set de regalo contenga una amplia selecci\u00f3n de diferentes salsas y especias picantes. Desde variedades suaves y afrutadas hasta variaciones picantes e intensas: tenemos algo para todos los gustos.<\/p>\n\n<p>Descubra nuevas experiencias gustativas: Una de las cosas m\u00e1s emocionantes de los lotes de chile que preparamos es la oportunidad de descubrir nuevas experiencias gustativas. Puede que nunca hayas o\u00eddo hablar de algunos de los productos incluidos o que a\u00fan no te hayas atrevido a probarlos. Nuestro set de regalo le brinda la oportunidad de ampliar sus horizontes y explorar nuevas combinaciones de sabores. Qui\u00e9n sabe, quiz\u00e1 encuentre su nueva salsa o especia favorita.<\/p>\n\n<p>Perfecto para los m\u00e1s experimentales: Para los que adoran experimentar en la cocina y crear nuevos platos, un set de regalo de guindillas es como una caja del tesoro de posibilidades. Con una gran variedad de salsas y especias, podr\u00e1 dar rienda suelta a su creatividad y aportar nuevos sabores a sus platos. Tanto si es un fan\u00e1tico del chile como si simplemente le gusta a\u00f1adir un poco de picante, nuestro set de regalo le inspirar\u00e1 y enriquecer\u00e1 sus aventuras culinarias.<\/p>\n\n<p>El regalo perfecto para los amantes del chile: Un set de regalo de chile preparado por nosotros es tambi\u00e9n el regalo perfecto para cualquier amante del chile en su vida. Tanto si se trata de un cumplea\u00f1os, un aniversario o una ocasi\u00f3n especial, este set de regalo le garantizar\u00e1 una gran expectaci\u00f3n. Demuestra que realmente conoces y valoras las pasiones y preferencias de la persona. Lo mejor de todo es que puede estar seguro de que el set de regalo es de la m\u00e1xima calidad y excelencia gustativa.<\/p>\n\n<p>Conclusi\u00f3n: Un estuche de chile preparado por nosotros ofrece una selecci\u00f3n inmejorable de productos de alta calidad y abre la puerta a un mundo de diversidad de sabores. Es perfecto para cocineros experimentales y un regalo ideal para los amantes del chile. As\u00ed que, \u00bfpor qu\u00e9 conformarse con un regalo corriente cuando puede regalar una experiencia \u00fanica y de buen gusto? Elija uno de nuestros estuches de regalo de guindilla y traiga el sabor ardiente a la vida de su ser querido.<\/p>\n","protected":false},"excerpt":{"rendered":"<p>\u00bfA qui\u00e9n no le gusta recibir un regalo que encaje perfectamente con sus preferencias? Y qu\u00e9 m\u00e1s le puede gustar&hellip;<\/p>\n","protected":false},"author":1,"featured_media":0,"parent":27098,"menu_order":0,"comment_status":"closed","ping_status":"closed","template":"","meta":{"footnotes":""},"class_list":["post-27076","page","type-page","status-publish","hentry"],"_links":{"self":[{"href":"https:\/\/chilimafia.com\/es\/wp-json\/wp\/v2\/pages\/27076","targetHints":{"allow":["GET"]}}],"collection":[{"href":"https:\/\/chilimafia.com\/es\/wp-json\/wp\/v2\/pages"}],"about":[{"href":"https:\/\/chilimafia.com\/es\/wp-json\/wp\/v2\/types\/page"}],"author":[{"embeddable":true,"href":"https:\/\/chilimafia.com\/es\/wp-json\/wp\/v2\/users\/1"}],"replies":[{"embeddable":true,"href":"https:\/\/chilimafia.com\/es\/wp-json\/wp\/v2\/comments?post=27076"}],"version-history":[{"count":1,"href":"https:\/\/chilimafia.com\/es\/wp-json\/wp\/v2\/pages\/27076\/revisions"}],"predecessor-version":[{"id":27077,"href":"https:\/\/chilimafia.com\/es\/wp-json\/wp\/v2\/pages\/27076\/revisions\/27077"}],"up":[{"embeddable":true,"href":"https:\/\/chilimafia.com\/es\/wp-json\/wp\/v2\/pages\/27098"}],"wp:attachment":[{"href":"https:\/\/chilimafia.com\/es\/wp-json\/wp\/v2\/media?parent=27076"}],"curies":[{"name":"wp","href":"https:\/\/api.w.org\/{rel}","templated":true}]}}