{"id":27078,"date":"2020-06-02T08:45:41","date_gmt":"2020-06-02T08:45:41","guid":{"rendered":"https:\/\/chilimafia.com\/nuestros-grados-de-picor"},"modified":"2024-07-22T14:49:37","modified_gmt":"2024-07-22T14:49:37","slug":"nuestros-grados-de-picor","status":"publish","type":"page","link":"https:\/\/chilimafia.com\/es\/nuestros-grados-de-picor","title":{"rendered":"Nuestros grados de picor"},"content":{"rendered":"\n<h2 class=\"wp-block-heading alignwide has-text-align-center\">Los niveles de picante de la Chili Mafia<\/h2>\n\n<div style=\"height:23px\" aria-hidden=\"true\" class=\"wp-block-spacer\"><\/div>\n\n<p>Para determinar la salsa adecuada o su nivel de picor, puede utilizar esta gu\u00eda. No lo olvide: La percepci\u00f3n del picante es individual y no todo el mundo \u00absaborea\u00bb el picante por igual. Y: los pimientos son un producto natural: dependiendo de las condiciones de cultivo y crecimiento, el grado de picor de un pimiento fresco puede variar<\/p>\n\n<div style=\"height:27px\" aria-hidden=\"true\" class=\"wp-block-spacer\"><\/div>\n\n<h2 class=\"wp-block-heading\">Escala de nivel de picor <\/h2>\n\n<div class=\"wp-block-media-text alignwide is-stacked-on-mobile\"><figure class=\"wp-block-media-text__media\"><img decoding=\"async\" src=\"https:\/\/chilimafia.com\/wp-content\/uploads\/2022\/11\/schaerfegradde-3-789x1024.jpg\" alt=\"\" class=\"wp-image-24912 size-full\"\/><\/figure><div class=\"wp-block-media-text__content\">\n<ul class=\"wp-block-list\">\n<li><strong>BAJA<\/strong> &#8211; <strong>Nivel de Picor: (1-2) : Leve &#8211; \u00bfHubo algo?)<\/strong><\/li>\n<\/ul>\n\n\n\n<p>El Nivel de Picor: \u00abMuy picante\u00bb es para los que nunca han probado el picante &#8230; Hasta ahora. La adicci\u00f3n sigue su curso. Ideal para principiantes en nitidez.<\/p>\n\n\n\n<p><\/p>\n\n\n\n<ul class=\"wp-block-list\">\n<li><strong>MEDIO-ALTO<\/strong> &#8211; <strong>Nivel de Picor: 3-5 : Tambi\u00e9n conocido como medio-alto (estimaci\u00f3n de 3.000 &#8211; 30.000 SHU*) <\/strong>.  <\/li>\n<\/ul>\n\n\n\n<p>Con ese nivel de picor, empezamos a poner en juego la palabra \u00abpicante\u00bb (pero s\u00f3lo muy discretamente \ud83d\ude09 . El nivel de picor \u00abcasi fuerte\u00bb es para aquellos que s\u00f3lo ocasionalmente tratan o utilizan guindillas y picantes. Pero no desesperes: tras unos meses de pr\u00e1ctica, pronto dejar\u00e1s de sentir la nitidez de inmediato y pasar\u00e1s al siguiente nivel de picor: <\/p>\n\n\n\n<p><\/p>\n\n\n\n<ul class=\"wp-block-list\">\n<li><strong>HUMANLY (Humanamente) fuerte &#8211;<\/strong> <strong>Nivel de Picor: 6-8 &#8211; Aka: Caliente (Estimado 40,000 &#8211; 100,000 SHU* )<\/strong><\/li>\n<\/ul>\n\n\n\n<p>Aqu\u00ed se necesita ya una cierta experiencia en materia de picantes. Los comedores ocasionales de picante a\u00fan pueden salirse con la suya aqu\u00ed, y experimentar puro placer. Para los principiantes, este nivel de picor ya es un poco demasiado alto, pero a\u00fan no se ha alcanzado el umbral del dolor. Puede probar y comprobar los l\u00edmites <em>(v\u00e9ase \u00ab<a aria-label=\"Tropftechnick (opens in a new tab)\" rel=\"noreferrer noopener\" class=\"rank-math-link\" href=\"https:\/\/chilimafia.com\/wie-benutzt-man-hot-sauces-tropftechnik\" target=\"_blank\">T\u00e9cnica de goteo<\/a><\/em>\u00ab).<\/p>\n\n\n\n<p><\/p>\n\n\n\n<ul class=\"wp-block-list\">\n<li><strong>CRIMINALMENTE CALIENTE<\/strong> &#8211; <strong>Nivel de Picor: 9-10 &#8211; Aka: Caliente (Estimado a partir de 100.000 SHU *)<\/strong><\/li>\n<\/ul>\n\n\n\n<p>Oh s\u00ed, esto ya no es divertido. Aunque s\u00f3lo trabajamos con guindillas frescas y <strong>noutilizamos extractos<\/strong> ni otros trucos, \u00a1las salsas picantes son realmente picantes incluso sin aditivos! S\u00f3lo deben utilizarlos los entendidos con experiencia en el picante. \u00a1Realmente arde en la garganta!<\/p>\n\n\n\n<p><strong>Importante:<\/strong> Aunque hemos visto j\u00f3venes genios &#8211; estoy pensando en varios ni\u00f1os de 10 a\u00f1os que no tuvieron absolutamente ning\u00fan problema incluso con las salsas m\u00e1s picantes (siempre con el permiso de sus padres, por supuesto), \u00a1las salsas no deben estar al alcance de los ni\u00f1os! <\/p>\n\n\n\n<p><\/p>\n\n\n\n<p>*<strong>\u00abScoville Heat Units\u00bb<\/strong><\/p>\n<\/div><\/div>\n\n<div style=\"height:63px\" aria-hidden=\"true\" class=\"wp-block-spacer\"><\/div>\n\n<div class=\"wp-block-buttons is-content-justification-center is-layout-flex wp-container-core-buttons-is-layout-16018d1d wp-block-buttons-is-layout-flex\">\n<div class=\"wp-block-button\"><a class=\"wp-block-button__link wp-element-button\" href=\"https:\/\/chilimafia.com\/shop\" target=\"_blank\" rel=\"noreferrer noopener\">Descubra las salsas picantes<\/a><\/div>\n<\/div>\n","protected":false},"excerpt":{"rendered":"<p>Los niveles de picante de la Chili Mafia Para determinar la salsa adecuada o su nivel de picor, puede utilizar&hellip;<\/p>\n","protected":false},"author":1,"featured_media":0,"parent":0,"menu_order":0,"comment_status":"closed","ping_status":"closed","template":"","meta":{"footnotes":""},"class_list":["post-27078","page","type-page","status-publish","hentry"],"_links":{"self":[{"href":"https:\/\/chilimafia.com\/es\/wp-json\/wp\/v2\/pages\/27078","targetHints":{"allow":["GET"]}}],"collection":[{"href":"https:\/\/chilimafia.com\/es\/wp-json\/wp\/v2\/pages"}],"about":[{"href":"https:\/\/chilimafia.com\/es\/wp-json\/wp\/v2\/types\/page"}],"author":[{"embeddable":true,"href":"https:\/\/chilimafia.com\/es\/wp-json\/wp\/v2\/users\/1"}],"replies":[{"embeddable":true,"href":"https:\/\/chilimafia.com\/es\/wp-json\/wp\/v2\/comments?post=27078"}],"version-history":[{"count":1,"href":"https:\/\/chilimafia.com\/es\/wp-json\/wp\/v2\/pages\/27078\/revisions"}],"predecessor-version":[{"id":27079,"href":"https:\/\/chilimafia.com\/es\/wp-json\/wp\/v2\/pages\/27078\/revisions\/27079"}],"wp:attachment":[{"href":"https:\/\/chilimafia.com\/es\/wp-json\/wp\/v2\/media?parent=27078"}],"curies":[{"name":"wp","href":"https:\/\/api.w.org\/{rel}","templated":true}]}}