{"id":27098,"date":"2023-06-01T13:47:13","date_gmt":"2023-06-01T13:47:13","guid":{"rendered":"https:\/\/chilimafia.com\/revista-chilli-mafia"},"modified":"2024-07-24T10:20:58","modified_gmt":"2024-07-24T10:20:58","slug":"revista-chilli-mafia","status":"publish","type":"page","link":"https:\/\/chilimafia.com\/es\/revista-chilli-mafia","title":{"rendered":"Revista Chilli Mafia"},"content":{"rendered":"\n<div class=\"wp-block-media-text alignwide is-stacked-on-mobile\" style=\"grid-template-columns:16% auto\"><figure class=\"wp-block-media-text__media\"><img loading=\"lazy\" decoding=\"async\" width=\"1024\" height=\"1024\" src=\"https:\/\/chilimafia.com\/wp-content\/uploads\/2024\/07\/joes-long-cayenne-orange-1024x1024.webp\" alt=\"\" class=\"wp-image-26859 size-full\" srcset=\"https:\/\/chilimafia.com\/wp-content\/uploads\/2024\/07\/joes-long-cayenne-orange-1024x1024.webp 1024w, https:\/\/chilimafia.com\/wp-content\/uploads\/2024\/07\/joes-long-cayenne-orange-300x300.webp 300w, https:\/\/chilimafia.com\/wp-content\/uploads\/2024\/07\/joes-long-cayenne-orange-150x150.webp 150w, https:\/\/chilimafia.com\/wp-content\/uploads\/2024\/07\/joes-long-cayenne-orange-768x768.webp 768w, https:\/\/chilimafia.com\/wp-content\/uploads\/2024\/07\/joes-long-cayenne-orange.webp 1080w\" sizes=\"auto, (max-width: 1024px) 100vw, 1024px\" \/><\/figure><div class=\"wp-block-media-text__content\">\n<h2 class=\"wp-block-heading alignwide has-text-align-left\">Los niveles de picante de la Chili Mafia<\/h2>\n\n\n\n<p>Para determinar la salsa adecuada o su nivel de picor, puede utilizar esta gu\u00eda. No lo olvide: La percepci\u00f3n del picante es individual y no todo el mundo \u00absaborea\u00bb el picante por igual. Y: los chiles son un producto natural: dependiendo del cultivo y de las condiciones de crecimiento, el Nivel de Picor de un chile fresco puede variar.<a href=\"https:\/\/chilimafia.com\/haus-chili-manufakturen\/unsere-schaerfegrade\" data-type=\"link\" data-id=\"https:\/\/chilimafia.com\/haus-chili-manufakturen\/unsere-schaerfegrade\">  M\u00e1s informaci\u00f3n aqu\u00ed<\/a><\/p>\n<\/div><\/div>\n\n<div class=\"wp-block-media-text alignwide has-media-on-the-right is-stacked-on-mobile\" style=\"grid-template-columns:auto 15%\"><div class=\"wp-block-media-text__content\">\n<h2 class=\"wp-block-heading\">La t\u00e9cnica del goteo de Chili Mafia<\/h2>\n\n\n\n<p>Durante estos \u00faltimo a\u00f1os hemos visitado muchos mercadillos y ferias como la Slow Food de Stuttgart &#8211; y nuestros clientes y visitantes nos hicieron muchas preguntas. Los pimientos y el disfrute de la comida picante son un tema que a\u00fan est\u00e1 en pa\u00f1ales en Espa\u00f1a. Comparable al tema del vino o la cerveza: muchos lo beben, pero s\u00f3lo hay unos pocos expertos \ud83d\ude42 <a href=\"https:\/\/chilimafia.com\/haus-chili-manufakturen\/wie-benutzt-man-hot-sauces-tropftechnik\" data-type=\"link\" data-id=\"https:\/\/chilimafia.com\/haus-chili-manufakturen\/wie-benutzt-man-hot-sauces-tropftechnik\">M\u00e1s informaci\u00f3n aqu\u00ed<\/a> <\/p>\n<\/div><figure class=\"wp-block-media-text__media\"><img loading=\"lazy\" decoding=\"async\" width=\"768\" height=\"1024\" src=\"https:\/\/chilimafia.com\/wp-content\/uploads\/2024\/07\/lllora-768x1024.jpg\" alt=\"\" class=\"wp-image-26863 size-full\" srcset=\"https:\/\/chilimafia.com\/wp-content\/uploads\/2024\/07\/lllora-768x1024.jpg 768w, https:\/\/chilimafia.com\/wp-content\/uploads\/2024\/07\/lllora-225x300.jpg 225w, https:\/\/chilimafia.com\/wp-content\/uploads\/2024\/07\/lllora-1152x1536.jpg 1152w, https:\/\/chilimafia.com\/wp-content\/uploads\/2024\/07\/lllora.jpg 1200w\" sizes=\"auto, (max-width: 768px) 100vw, 768px\" \/><\/figure><\/div>\n\n<div class=\"wp-block-media-text is-stacked-on-mobile\" style=\"grid-template-columns:15% auto\"><figure class=\"wp-block-media-text__media\"><img loading=\"lazy\" decoding=\"async\" width=\"294\" height=\"533\" src=\"https:\/\/chilimafia.com\/wp-content\/uploads\/2024\/07\/fab1x400.jpg\" alt=\"dolor extremadamente picante\" class=\"wp-image-27150 size-full\" srcset=\"https:\/\/chilimafia.com\/wp-content\/uploads\/2024\/07\/fab1x400.jpg 294w, https:\/\/chilimafia.com\/wp-content\/uploads\/2024\/07\/fab1x400-165x300.jpg 165w\" sizes=\"auto, (max-width: 294px) 100vw, 294px\" \/><\/figure><div class=\"wp-block-media-text__content\">\n<h2 class=\"wp-block-heading\">Tabasco\u00ae Scoville vs Chilli Mafia<\/h2>\n\n\n\n<p>A menudo nos preguntan c\u00f3mo de picantes son las salsas picantes Chilli Mafia en comparaci\u00f3n con las salsas Tabasco. La pregunta est\u00e1 justificada, ya que las salsas Tabasco han sido durante a\u00f1os la referencia de todas las salsas picantes. Las salsas picantes m\u00e1s conocidas se producen en Avery Island, en Luisiana, una regi\u00f3n de salsas picantes. La empresa McIlhenny ofrece toda una gama de salsas TABASCO\u00ae.    <a href=\"https:\/\/chilimafia.com\/es\/revista-chilli-mafia\/tabasco-scoville-vs-chilli-mafia\" data-type=\"link\" data-id=\"https:\/\/chilimafia.com\/haus-chili-manufakturen\/wie-benutzt-man-hot-sauces-tropftechnik\">M\u00e1s informaci\u00f3n aqu\u00ed<\/a><\/p>\n<\/div><\/div>\n","protected":false},"excerpt":{"rendered":"<p>Los niveles de picante de la Chili Mafia Para determinar la salsa adecuada o su nivel de picor, puede utilizar&hellip;<\/p>\n","protected":false},"author":1,"featured_media":0,"parent":0,"menu_order":0,"comment_status":"closed","ping_status":"closed","template":"","meta":{"footnotes":""},"class_list":["post-27098","page","type-page","status-publish","hentry"],"_links":{"self":[{"href":"https:\/\/chilimafia.com\/es\/wp-json\/wp\/v2\/pages\/27098","targetHints":{"allow":["GET"]}}],"collection":[{"href":"https:\/\/chilimafia.com\/es\/wp-json\/wp\/v2\/pages"}],"about":[{"href":"https:\/\/chilimafia.com\/es\/wp-json\/wp\/v2\/types\/page"}],"author":[{"embeddable":true,"href":"https:\/\/chilimafia.com\/es\/wp-json\/wp\/v2\/users\/1"}],"replies":[{"embeddable":true,"href":"https:\/\/chilimafia.com\/es\/wp-json\/wp\/v2\/comments?post=27098"}],"version-history":[{"count":2,"href":"https:\/\/chilimafia.com\/es\/wp-json\/wp\/v2\/pages\/27098\/revisions"}],"predecessor-version":[{"id":27270,"href":"https:\/\/chilimafia.com\/es\/wp-json\/wp\/v2\/pages\/27098\/revisions\/27270"}],"wp:attachment":[{"href":"https:\/\/chilimafia.com\/es\/wp-json\/wp\/v2\/media?parent=27098"}],"curies":[{"name":"wp","href":"https:\/\/api.w.org\/{rel}","templated":true}]}}