{"id":27110,"date":"2020-02-10T08:54:48","date_gmt":"2020-02-10T08:54:48","guid":{"rendered":"https:\/\/chilimafia.com\/tienda-de-salsas-picantes-y-cajas-de-salsas-picantes"},"modified":"2024-07-23T05:58:22","modified_gmt":"2024-07-23T05:58:22","slug":"tienda-de-salsas-picantes-y-cajas-de-salsas-picantes","status":"publish","type":"page","link":"https:\/\/chilimafia.com\/es\/tienda-de-salsas-picantes-y-cajas-de-salsas-picantes","title":{"rendered":"Salsas picantes"},"content":{"rendered":"\n<div class=\"wp-block-media-text has-media-on-the-right is-stacked-on-mobile\" style=\"grid-template-columns:auto 32%\"><div class=\"wp-block-media-text__content\">\n<p>En <strong>Salsas Picantes Chili Mafia<\/strong>, todo gira en torno a la pasi\u00f3n por los chiles y las salsas picantes.\nNuestra f\u00e1brica de salsas picantes produce salsas picantes \u00fanicas, hechas a mano, sin extractos ni productos qu\u00edmicos, en las que el Nivel de Picor viene determinado por la variedad de chile seleccionada.\nCada una de nuestras salsas tiene un sabor y un car\u00e1cter distintivos.    <\/p>\n\n\n\n<p><strong>No vendemos salsas en este sitio, sino a trav\u00e9s de nuestras otras tiendas en l\u00ednea, donde ofrecemos una gran variedad de salsas.<\/strong><\/p>\n\n\n\n<ul class=\"wp-block-list\">\n<li><a href=\"https:\/\/Pikantista.com\">Pikantista.com<\/a><\/li>\n\n\n\n<li><a href=\"https:\/\/chili-saucen.com\" target=\"_blank\" rel=\"noreferrer noopener\">Chili-Saucen.com<\/a><\/li>\n<\/ul>\n\n\n\n<p>Descubre nuestras cajas y suscripciones especiales de salsas picantes para experimentar nuevos sabores de forma regular. \u00a1Forma parte de <strong>la Chilli Mafia<\/strong> y disfruta del mundo de las salsas picantes! <\/p>\n<\/div><figure class=\"wp-block-media-text__media\"><a href=\"https:\/\/chili-saucen.com\/shop\/__chili-geschenkpaket\" target=\"_blank\" rel=\"noopener\"><img loading=\"lazy\" decoding=\"async\" width=\"1024\" height=\"686\" src=\"https:\/\/chilimafia.com\/wp-content\/uploads\/2024\/07\/alle-saucen-chili-mafia-1024x686.jpg\" alt=\"alle saucen chili mafia hot sauces\" class=\"wp-image-26869 size-full\" srcset=\"https:\/\/chilimafia.com\/wp-content\/uploads\/2024\/07\/alle-saucen-chili-mafia-1024x686.jpg 1024w, https:\/\/chilimafia.com\/wp-content\/uploads\/2024\/07\/alle-saucen-chili-mafia-300x201.jpg 300w, https:\/\/chilimafia.com\/wp-content\/uploads\/2024\/07\/alle-saucen-chili-mafia-768x514.jpg 768w, https:\/\/chilimafia.com\/wp-content\/uploads\/2024\/07\/alle-saucen-chili-mafia.jpg 1280w\" sizes=\"auto, (max-width: 1024px) 100vw, 1024px\" \/><\/a><\/figure><\/div>\n\n<div class=\"wp-block-media-text has-media-on-the-right is-stacked-on-mobile\" style=\"grid-template-columns:auto 32%\"><div class=\"wp-block-media-text__content\">\n<p>Esta <strong>salsa de chile picante Carolina<\/strong> est\u00e1 compuesta por un 25% del chile m\u00e1s picante del mundo, el Carolina Reaper. Desde 2018, el chile del estado norteamericano de Carolina del Sur figura en el Libro Guinness con un \u00edndice Scoville m\u00e1s reciente de 1,6 millones. Experimenta el verdadero sabor y el verdadero picante con esta salsa Carolina Reaper.   <\/p>\n\n\n\n<ul class=\"wp-block-list\">\n<li><a href=\"https:\/\/chili-saucen.com\/shop\/chili-saucen\/hot-carolina-100ml\" target=\"_blank\" rel=\"noreferrer noopener\">Compra aqu\u00ed en Chili-Saucen.com<\/a>    <\/li>\n\n\n\n<li><a href=\"https:\/\/amzn.to\/3zOV7EK\" target=\"_blank\" rel=\"noreferrer noopener nofollow\">Amazon<\/a><\/li>\n\n\n\n<li>o <a href=\"https:\/\/www.kaufland.de\/product\/383489608\/\" target=\"_blank\" rel=\"noreferrer noopener nofollow\">Kaufland<\/a><\/li>\n\n\n\n<li><strong>Con un 20% de guindillas Carolina Reaper<\/strong><\/li>\n\n\n\n<li>Alrededor de 90.000 Scoville<\/li>\n\n\n\n<li>Fant\u00e1stico sabor a pesar de ser muy picante<\/li>\n\n\n\n<li>M\u00e1xima calidad de fabricaci\u00f3n<\/li>\n<\/ul>\n<\/div><figure class=\"wp-block-media-text__media\"><a href=\"https:\/\/chili-saucen.com\/shop\/chili-saucen\/hot-carolina-100ml\" target=\"_blank\" rel=\"noopener\"><img loading=\"lazy\" decoding=\"async\" width=\"380\" height=\"380\" src=\"https:\/\/chilimafia.com\/wp-content\/uploads\/2024\/07\/carolina_shop.jpg\" alt=\"hot carolina chili saucen\" class=\"wp-image-26939 size-full\" srcset=\"https:\/\/chilimafia.com\/wp-content\/uploads\/2024\/07\/carolina_shop.jpg 380w, https:\/\/chilimafia.com\/wp-content\/uploads\/2024\/07\/carolina_shop-300x300.jpg 300w, https:\/\/chilimafia.com\/wp-content\/uploads\/2024\/07\/carolina_shop-150x150.jpg 150w\" sizes=\"auto, (max-width: 380px) 100vw, 380px\" \/><\/a><\/figure><\/div>\n\n<div class=\"wp-block-media-text has-media-on-the-right is-stacked-on-mobile\" style=\"grid-template-columns:auto 32%\"><div class=\"wp-block-media-text__content\">\n<p>La<strong> salsa picante Killer Scorpion <\/strong>se elabora con un 20% de chiles Trinidad Scorpion Chocolate. Esta variedad de chile es muy picante, con hasta 1,2 millones de Scoville, y tiene un aroma ahumado y afrutado al mismo tiempo. En combinaci\u00f3n con pulpa de tomate y piment\u00f3n, una salsa de guindillas muy picante y sabrosa. Ideal como salsa para barbacoas o para condimentar guisos como el chile con carne. <\/p>\n\n\n\n<ul class=\"wp-block-list\">\n<li><a href=\"https:\/\/chili-saucen.com\/shop\/chili-saucen\/killer-scorpion-100ml\" target=\"_blank\" rel=\"noreferrer noopener\">Compra aqu\u00ed en Chili-Saucen.com<\/a><\/li>\n\n\n\n<li><a href=\"https:\/\/amzn.to\/3zS7FuZ\" target=\"_blank\" rel=\"noreferrer noopener nofollow\">Amazon<\/a><\/li>\n\n\n\n<li>o <a href=\"https:\/\/www.kaufland.de\/product\/383489616\">Kaufland<\/a><\/li>\n<\/ul>\n<\/div><figure class=\"wp-block-media-text__media\"><a href=\"https:\/\/chili-saucen.com\/shop\/chili-saucen\/killer-scorpion-100ml\" target=\"_blank\" rel=\"noopener\"><img loading=\"lazy\" decoding=\"async\" width=\"380\" height=\"380\" src=\"https:\/\/chilimafia.com\/wp-content\/uploads\/2024\/07\/killer_shop.jpg\" alt=\"killer scorpion chili sauce\" class=\"wp-image-26937 size-full\" srcset=\"https:\/\/chilimafia.com\/wp-content\/uploads\/2024\/07\/killer_shop.jpg 380w, https:\/\/chilimafia.com\/wp-content\/uploads\/2024\/07\/killer_shop-300x300.jpg 300w, https:\/\/chilimafia.com\/wp-content\/uploads\/2024\/07\/killer_shop-150x150.jpg 150w\" sizes=\"auto, (max-width: 380px) 100vw, 380px\" \/><\/a><\/figure><\/div>\n\n<div class=\"wp-block-media-text has-media-on-the-right is-stacked-on-mobile\" style=\"grid-template-columns:auto 32%\"><div class=\"wp-block-media-text__content\">\n<p>Salsa de Guindilla de Escorpi\u00f3n de Trinidad muy picante con bayas silvestres: la <strong>Salsa de Guindilla de Escorpi\u00f3n Dama<\/strong>.\nDulce, \u00e1cida, jugosa, con un marcado picante.\nLa guindilla Trinidad Scorpion a\u00f1ade una agradable nota afrutada.\nLa salsa armoniza maravillosamente con la caza.     <\/p>\n\n\n\n<ul class=\"wp-block-list\">\n<li><a href=\"https:\/\/chili-saucen.com\/shop\/chili-saucen\/lady-scorpion-100ml\" data-type=\"link\" data-id=\"https:\/\/chili-saucen.com\/shop\/chili-saucen\/lady-scorpion-100ml\" target=\"_blank\" rel=\"noreferrer noopener\">Comprar aqu\u00ed en Chili-saucen.com<\/a><\/li>\n\n\n\n<li><a href=\"https:\/\/amzn.to\/3zQ1lUK\" target=\"_blank\" rel=\"noreferrer noopener nofollow\">Amazon<\/a><\/li>\n\n\n\n<li>o <a href=\"https:\/\/www.kaufland.de\/product\/467894018\" target=\"_blank\" rel=\"noreferrer noopener nofollow\">Kaufland<\/a><\/li>\n\n\n\n<li>Salsa Escorpi\u00f3n de Trinidad<\/li>\n\n\n\n<li>con deliciosas bayas silvestres<\/li>\n\n\n\n<li>unas 35.000 Scoville<\/li>\n<\/ul>\n<\/div><figure class=\"wp-block-media-text__media\"><a href=\"https:\/\/chili-saucen.com\/shop\/chili-saucen\/lady-scorpion-100ml\" target=\"_blank\" rel=\"noopener\"><img loading=\"lazy\" decoding=\"async\" width=\"749\" height=\"786\" src=\"https:\/\/chilimafia.com\/wp-content\/uploads\/2024\/07\/ladyxklein-2.jpg\" alt=\"lady scorpion chili sauce\" class=\"wp-image-26946 size-full\" srcset=\"https:\/\/chilimafia.com\/wp-content\/uploads\/2024\/07\/ladyxklein-2.jpg 749w, https:\/\/chilimafia.com\/wp-content\/uploads\/2024\/07\/ladyxklein-2-286x300.jpg 286w\" sizes=\"auto, (max-width: 749px) 100vw, 749px\" \/><\/a><\/figure><\/div>\n\n<div class=\"wp-block-media-text has-media-on-the-right is-stacked-on-mobile\" style=\"grid-template-columns:auto 32%\"><div class=\"wp-block-media-text__content\">\n<p>La <strong>salsa de chile Caribbean Dancer <\/strong>es una salsa afrutada de mango y habanero con sabor caribe\u00f1o y tropical.\nLa zanahoria y el zumo de lim\u00f3n completan el sabor.\nPerfecta con pescado y aves.\nEl Nivel de Picor de esta salsa de chile culinaria es de 7 sobre 10, lo que corresponde a unos 20.000 Scoville.     <\/p>\n\n\n\n<ul class=\"wp-block-list\">\n<li><a href=\"https:\/\/chili-saucen.com\/shop\/chili-saucen\/caribbean-dancer-100ml\" target=\"_blank\" rel=\"noreferrer noopener\">Compra aqu\u00ed en Chili-Saucen.com<\/a><\/li>\n\n\n\n<li><a href=\"https:\/\/amzn.to\/3xYbo9R\" target=\"_blank\" rel=\"noreferrer noopener nofollow\">Amazon<\/a><\/li>\n\n\n\n<li>o <a href=\"https:\/\/www.kaufland.de\/product\/383489636\/\" target=\"_blank\" rel=\"noreferrer noopener nofollow\">Kaufland<\/a><\/li>\n\n\n\n<li>Salsa picante caribe\u00f1a de primera clase<\/li>\n\n\n\n<li>con mango y habanero<\/li>\n\n\n\n<li>unas 20.000 Scoville<\/li>\n\n\n\n<li>Muy sabroso con pollo y pescado blanco<\/li>\n<\/ul>\n<\/div><figure class=\"wp-block-media-text__media\"><a href=\"https:\/\/chili-saucen.com\/shop\/chili-saucen\/caribbean-dancer-100ml\" target=\"_blank\" rel=\"noopener\"><img loading=\"lazy\" decoding=\"async\" width=\"380\" height=\"380\" src=\"https:\/\/chilimafia.com\/wp-content\/uploads\/2024\/07\/caribean_shop.jpg\" alt=\"\" class=\"wp-image-26940 size-full\" srcset=\"https:\/\/chilimafia.com\/wp-content\/uploads\/2024\/07\/caribean_shop.jpg 380w, https:\/\/chilimafia.com\/wp-content\/uploads\/2024\/07\/caribean_shop-300x300.jpg 300w, https:\/\/chilimafia.com\/wp-content\/uploads\/2024\/07\/caribean_shop-150x150.jpg 150w\" sizes=\"auto, (max-width: 380px) 100vw, 380px\" \/><\/a><\/figure><\/div>\n\n<div class=\"wp-block-media-text has-media-on-the-right is-stacked-on-mobile\" style=\"grid-template-columns:auto 32%\"><div class=\"wp-block-media-text__content\">\n<p>La <strong>salsa de<\/strong> chile Fatalii blanco tiene un sabor y un color excepcionales.\nCoco y chiles Fatalii blancos en una combinaci\u00f3n perfecta como salsa picante.\nLa variedad de chile Fatalii procede de \u00c1frica Central y tiene un encantador sabor a lim\u00f3n.\nLa salsa es perfecta para platos de curry africanos y asi\u00e1ticos.     <\/p>\n\n\n\n<ul class=\"wp-block-list\">\n<li><a href=\"https:\/\/chili-saucen.com\/shop\/chili-saucen\/white-fatality-100ml\" target=\"_blank\" rel=\"noreferrer noopener\">Compra aqu\u00ed en Chili-Saucen.com<\/a><\/li>\n\n\n\n<li><a href=\"https:\/\/amzn.to\/3LFGVQN\" target=\"_blank\" rel=\"noreferrer noopener nofollow\">Amazon<\/a><\/li>\n\n\n\n<li>o <a href=\"https:\/\/www.kaufland.de\/product\/383489607\" target=\"_blank\" rel=\"noreferrer noopener nofollow\">Kaufland<\/a><\/li>\n\n\n\n<li>con chiles Fatalii<\/li>\n\n\n\n<li>Vegano<\/li>\n\n\n\n<li>salsa de chile blanco<\/li>\n\n\n\n<li>M\u00e1xima calidad de un fabricante alem\u00e1n<\/li>\n<\/ul>\n<\/div><figure class=\"wp-block-media-text__media\"><a href=\"https:\/\/chili-saucen.com\/shop\/chili-saucen\/white-fatality-100ml\" target=\"_blank\" rel=\"noopener\"><img loading=\"lazy\" decoding=\"async\" width=\"380\" height=\"380\" src=\"https:\/\/chilimafia.com\/wp-content\/uploads\/2024\/07\/white_fatali_shop.jpg\" alt=\"\" class=\"wp-image-26941 size-full\" srcset=\"https:\/\/chilimafia.com\/wp-content\/uploads\/2024\/07\/white_fatali_shop.jpg 380w, https:\/\/chilimafia.com\/wp-content\/uploads\/2024\/07\/white_fatali_shop-300x300.jpg 300w, https:\/\/chilimafia.com\/wp-content\/uploads\/2024\/07\/white_fatali_shop-150x150.jpg 150w\" sizes=\"auto, (max-width: 380px) 100vw, 380px\" \/><\/a><\/figure><\/div>\n\n<div class=\"wp-block-media-text has-media-on-the-right is-stacked-on-mobile\" style=\"grid-template-columns:auto 32%\"><div class=\"wp-block-media-text__content\">\n<p>Salsa picante de chile chipotle <strong>-salsa mexicana de chile ahumado-<\/strong> con el sabor t\u00edpico de los jalape\u00f1os ahumados. Producido en una experimentada f\u00e1brica de chiles con 0% de aditivos y 100% hecho a mano. Sabor refrescante a tomate y pimiento con aromas ahumados. <\/p>\n\n\n\n<ul class=\"wp-block-list\">\n<li><a href=\"https:\/\/chili-saucen.com\/shop\/chili-saucen\/mexican-smoker-100ml\">Compra aqu\u00ed en Chili-Saucen.com<\/a><\/li>\n\n\n\n<li><a href=\"https:\/\/amzn.to\/3WgiChn\" target=\"_blank\" rel=\"noreferrer noopener nofollow\">Amazon<\/a><\/li>\n\n\n\n<li>o <a href=\"https:\/\/www.kaufland.de\/product\/383489623\/\" target=\"_blank\" rel=\"noreferrer noopener nofollow\">Kaufland<\/a><\/li>\n\n\n\n<li>30 % chiles chipotles<\/li>\n\n\n\n<li>Lote peque\u00f1o<\/li>\n\n\n\n<li>Hecho a mano<\/li>\n\n\n\n<li>sabor ahumado<\/li>\n\n\n\n<li>unas 10.000 Scoville<\/li>\n<\/ul>\n<\/div><figure class=\"wp-block-media-text__media\"><a href=\"https:\/\/chili-saucen.com\/shop\/chili-saucen\/mexican-smoker-100ml\" target=\"_blank\" rel=\"noopener\"><img loading=\"lazy\" decoding=\"async\" width=\"380\" height=\"380\" src=\"https:\/\/chilimafia.com\/wp-content\/uploads\/2024\/07\/mexican_shop.jpg\" alt=\"\" class=\"wp-image-26938 size-full\" srcset=\"https:\/\/chilimafia.com\/wp-content\/uploads\/2024\/07\/mexican_shop.jpg 380w, https:\/\/chilimafia.com\/wp-content\/uploads\/2024\/07\/mexican_shop-300x300.jpg 300w, https:\/\/chilimafia.com\/wp-content\/uploads\/2024\/07\/mexican_shop-150x150.jpg 150w\" sizes=\"auto, (max-width: 380px) 100vw, 380px\" \/><\/a><\/figure><\/div>\n","protected":false},"excerpt":{"rendered":"","protected":false},"author":1,"featured_media":0,"parent":0,"menu_order":0,"comment_status":"closed","ping_status":"closed","template":"","meta":{"footnotes":""},"class_list":["post-27110","page","type-page","status-publish","hentry"],"_links":{"self":[{"href":"https:\/\/chilimafia.com\/es\/wp-json\/wp\/v2\/pages\/27110","targetHints":{"allow":["GET"]}}],"collection":[{"href":"https:\/\/chilimafia.com\/es\/wp-json\/wp\/v2\/pages"}],"about":[{"href":"https:\/\/chilimafia.com\/es\/wp-json\/wp\/v2\/types\/page"}],"author":[{"embeddable":true,"href":"https:\/\/chilimafia.com\/es\/wp-json\/wp\/v2\/users\/1"}],"replies":[{"embeddable":true,"href":"https:\/\/chilimafia.com\/es\/wp-json\/wp\/v2\/comments?post=27110"}],"version-history":[{"count":6,"href":"https:\/\/chilimafia.com\/es\/wp-json\/wp\/v2\/pages\/27110\/revisions"}],"predecessor-version":[{"id":27213,"href":"https:\/\/chilimafia.com\/es\/wp-json\/wp\/v2\/pages\/27110\/revisions\/27213"}],"wp:attachment":[{"href":"https:\/\/chilimafia.com\/es\/wp-json\/wp\/v2\/media?parent=27110"}],"curies":[{"name":"wp","href":"https:\/\/api.w.org\/{rel}","templated":true}]}}