{"id":27261,"date":"2024-07-24T10:15:26","date_gmt":"2024-07-24T10:15:26","guid":{"rendered":"https:\/\/chilimafia.com\/tabasco-scoville-vs-chilli-mafia"},"modified":"2024-07-24T10:16:44","modified_gmt":"2024-07-24T10:16:44","slug":"tabasco-scoville-vs-chilli-mafia","status":"publish","type":"page","link":"https:\/\/chilimafia.com\/es\/revista-chilli-mafia\/tabasco-scoville-vs-chilli-mafia","title":{"rendered":"Tabasco\u00ae Scoville vs Chilli Mafia"},"content":{"rendered":"\n<p>A menudo nos preguntan c\u00f3mo de picantes son las salsas picantes Chilli Mafia en comparaci\u00f3n con las salsas Tabasco.\nLa pregunta est\u00e1 justificada, ya que las salsas Tabasco han sido durante a\u00f1os la referencia de todas las salsas picantes.\nLas salsas picantes m\u00e1s conocidas se producen en Avery Island, en Luisiana, una regi\u00f3n de salsas picantes.\nLa empresa McIlhenny ofrece toda una gama de salsas TABASCO\u00ae.   <\/p>\n\n<p>La historia de las salsas picantes de Tabasco empez\u00f3 diez a\u00f1os antes de la Guerra Civil, cuando el fundador de la empresa recibi\u00f3 semillas de chile tabasque\u00f1o de un amigo que las hab\u00eda tra\u00eddo del estado mexicano del mismo nombre.\nA\u00fan hoy, las salsas mundialmente famosas se elaboran con los frutos de las plantas de chile de Tabasco, que se cultivan sobre todo en Am\u00e9rica Central y del Sur.\nLos chiles son muy picantes en s\u00ed mismos y alcanzan f\u00e1cilmente los 40.000 SHU en la escala Scoville.  <\/p>\n\n<h2 class=\"wp-block-heading\">Escala Scoville<\/h2>\n\n<p>Como suele ocurrir, el nombre de la escala, Scoville, es el apellido del inventor.\nEn 1912, el farmac\u00e9utico Wilbur Scoville desarroll\u00f3 un m\u00e9todo para determinar el contenido de capsaicina en los chiles.\nPara que te hagas una idea La capsaicina pura alcanza los 16 millones de Scoville, y una de las variedades de chile m\u00e1s picante llega casi a los 2,5 millones de SHU.\nPero ni siquiera los chiles Bhut Jolokia, con su mill\u00f3n de Scoville, son para disfrutarlos.\nPara la mayor\u00eda de la gente, entre 500 y 10.000 Scoville se considera agradable.\nPero para ti, probablemente uno de los adictos al chile, la diversi\u00f3n s\u00f3lo empieza a partir de 70.000 unidades Scoville.     <\/p>\n\n<p>Scoville dilu\u00eda los picantes con agua hasta que un grupo de probadores \u00abvoluntarios\u00bb (una peque\u00f1a broma) ya no pod\u00edan sentir el picante.\nLa cantidad de agua a\u00f1adida, medida en gotas, se convierte en Unidades Scoville de Calor (SHU).\nPor eso hablamos de 4.000 unidades Scoville para el picante suave de la cl\u00e1sica Salsa Roja Tabasco Original y de millones para los chiles m\u00e1s picantes (Pepper X \/ Carolina Reaper).  <\/p>\n\n<h2 class=\"wp-block-heading\">Comparaci\u00f3n de las salsas picantes Tabasco Scoville y Chilli Mafia<\/h2>\n\n<p>La respuesta m\u00e1s sencilla a la pregunta es comparar los valores Scoville.\n\u00bfCu\u00e1ntas unidades Scoville tiene Tabasco?\n\u00bfCu\u00e1ntas unidades Scoville tienen las salsas picantes Chili Mafia?\nEncontramos los valores Scoville de las salsas TABASCO\u00ae en Internet, nosotros mismos determinamos o calculamos los valores Scoville de nuestras salsas.     <\/p>\n\n<p>\u00bfQuieres comprar las salsas?\nHemos vinculado cada salsa a una tienda: Puedes comprar la Chilia Mafia y algunas salsas Tabasco en 1 de nuestras tiendas de salsas picantes (Pikantista.com o Chili-saucen.com) y para algunas salsas Tabasco que no ofrecemos hemos incluido enlaces de eiffiliate.\n(marcados con un **).\nEntonces ser\u00e1s redirigido a Amazon, recibimos alrededor del 2% de las ventas sin que el precio cambie para ti.\nAll\u00ed encontrar\u00e1s descuentos por cantidad para las salsas.      <\/p>\n\n<div class=\"wp-block-columns is-layout-flex wp-container-core-columns-is-layout-9d6595d7 wp-block-columns-is-layout-flex\">\n<div class=\"wp-block-column is-layout-flow wp-block-column-is-layout-flow\">\n<p class=\"has-text-align-center\"><strong>Lista de salsas picantes<\/strong><\/p>\n\n\n\n<p class=\"has-text-align-center\"><a href=\"https:\/\/chilimafia.com\/es\/tienda-de-salsas-picantes-y-cajas-de-salsas-picantes\"><\/a><a href=\"https:\/\/chilimafia.com\/es\/tienda-de-salsas-picantes-y-cajas-de-salsas-picantes\">Chilli Mafia Carolina picante<\/a><\/p>\n\n\n\n<p class=\"has-text-align-center\"><a href=\"https:\/\/chilimafia.com\/es\/tienda-de-salsas-picantes-y-cajas-de-salsas-picantes\"><\/a><a href=\"https:\/\/chilimafia.com\/es\/tienda-de-salsas-picantes-y-cajas-de-salsas-picantes\">Chilli Mafia Escorpi\u00f3n Asesino<\/a><\/p>\n\n\n\n<p class=\"has-text-align-center\"><a href=\"https:\/\/chilimafia.com\/es\/tienda-de-salsas-picantes-y-cajas-de-salsas-picantes\"><\/a><a href=\"https:\/\/chilimafia.com\/es\/tienda-de-salsas-picantes-y-cajas-de-salsas-picantes\">Chilli Mafia Lady Scorpion<\/a><\/p>\n\n\n\n<p class=\"has-text-align-center\"><a href=\"https:\/\/chili-saucen.com\/shop\/chili-saucen\/tabasco-scorpion-sauce-148ml\" target=\"_blank\" rel=\"noreferrer noopener\"><\/a><a href=\"https:\/\/chili-saucen.com\/shop\/chili-saucen\/tabasco-scorpion-sauce-148ml\">Escorpi\u00f3n de Tabasco<\/a><\/p>\n\n\n\n<p class=\"has-text-align-center\"><a href=\"https:\/\/chilimafia.com\/es\/tienda-de-salsas-picantes-y-cajas-de-salsas-picantes\"><\/a><a href=\"https:\/\/chilimafia.com\/es\/tienda-de-salsas-picantes-y-cajas-de-salsas-picantes\">Bailarina caribe\u00f1a de Chilli Mafia<\/a><\/p>\n\n\n\n<p class=\"has-text-align-center\"><a href=\"https:\/\/chilimafia.com\/es\/tienda-de-salsas-picantes-y-cajas-de-salsas-picantes\"><\/a><a href=\"https:\/\/chilimafia.com\/es\/tienda-de-salsas-picantes-y-cajas-de-salsas-picantes\">Chilli Mafia Fatalidad Blanca<\/a><\/p>\n\n\n\n<p class=\"has-text-align-center\"><a href=\"https:\/\/chili-saucen.com\/shop\/chili-saucen\/tabasco-habanero-sauce-150ml\" target=\"_blank\" rel=\"noreferrer noopener\"><\/a><a href=\"https:\/\/chili-saucen.com\/shop\/chili-saucen\/tabasco-habanero-sauce-150ml\">Salsa Habanero<\/a><\/p>\n\n\n\n<p class=\"has-text-align-center\"><a href=\"https:\/\/chilimafia.com\/es\/tienda-de-salsas-picantes-y-cajas-de-salsas-picantes\"><\/a><a href=\"https:\/\/chilimafia.com\/es\/tienda-de-salsas-picantes-y-cajas-de-salsas-picantes\">Ahumador mexicano Chilli Mafia<\/a><\/p>\n\n\n\n<p class=\"has-text-align-center\"><a href=\"https:\/\/chili-saucen.com\/shop\/chili-saucen\/tabasco-geschenkbox-chili-5x60ml\" target=\"_blank\" rel=\"noreferrer noopener\"><\/a><a href=\"https:\/\/chili-saucen.com\/shop\/chili-saucen\/tabasco-geschenkbox-chili-5x60ml\">Salsa Tabasco Original Pimienta Roja<\/a><\/p>\n\n\n\n<p class=\"has-text-align-center\"><a href=\"https:\/\/chili-saucen.com\/shop\/chili-saucen\/tabasco-geschenkbox-chili-5x60ml\" target=\"_blank\" rel=\"noreferrer noopener\"><\/a><a href=\"https:\/\/chili-saucen.com\/shop\/chili-saucen\/tabasco-geschenkbox-chili-5x60ml\">Salsa tabasco chipotle<\/a><\/p>\n\n\n\n<p class=\"has-text-align-center\"><a href=\"https:\/\/amzn.to\/3xRVZHH\" target=\"_blank\" rel=\"noreferrer noopener nofollow\"><\/a><a href=\"https:\/\/amzn.to\/3xRVZHH\">TABASCO\u00ae Salsa Sriracha<\/a><\/p>\n\n\n\n<p class=\"has-text-align-center\"><a href=\"https:\/\/chili-saucen.com\/shop\/chili-saucen\/tabasco-jalapeno-sauce-150ml\" target=\"_blank\" rel=\"noreferrer noopener\"><\/a><a href=\"https:\/\/chili-saucen.com\/shop\/chili-saucen\/tabasco-jalapeno-sauce-150ml\">Salsa verde con jalape\u00f1os<\/a><\/p>\n\n\n\n<p class=\"has-text-align-center\"><a href=\"https:\/\/amzn.to\/3SPuK8B\" target=\"_blank\" rel=\"noreferrer noopener nofollow\"><\/a><a href=\"https:\/\/amzn.to\/3SPuK8B\">Salsa DULCE y Picante<\/a><\/p>\n\n\n\n<p class=\"has-text-align-center\"><a href=\"https:\/\/amzn.to\/3wNJpcd\" target=\"_blank\" rel=\"noreferrer noopener nofollow\"><\/a><a href=\"https:\/\/amzn.to\/3wNJpcd\">Salsa picante Tabasco estilo B\u00fafalo<\/a><\/p>\n\n\n\n<p class=\"has-text-align-center\"><a href=\"https:\/\/chili-saucen.com\/shop\/chili-saucen\/tabasco-rasberry-chipotle-148ml\" target=\"_blank\" rel=\"noreferrer noopener nofollow\"><\/a><a href=\"https:\/\/chili-saucen.com\/shop\/chili-saucen\/tabasco-rasberry-chipotle-148ml\">Salsa Tabasco de Frambuesa y Chipotle<\/a><\/p>\n\n\n\n<p class=\"has-text-align-center\">guindillas Tabasco frescas  <\/p>\n<\/div>\n\n\n\n<div class=\"wp-block-column is-layout-flow wp-block-column-is-layout-flow\">\n<p class=\"has-text-align-center\"><strong>Valores Scoville (SHU)<\/strong><\/p>\n\n\n\n<p class=\"has-text-align-center\">90- 100.000 SHU<\/p>\n\n\n\n<p class=\"has-text-align-center\">60.000<\/p>\n\n\n\n<p class=\"has-text-align-center\">60.000 <\/p>\n\n\n\n<p class=\"has-text-align-center\">50.000 <\/p>\n\n\n\n<p class=\"has-text-align-center\">20.000<\/p>\n\n\n\n<p class=\"has-text-align-center\">20.000<\/p>\n\n\n\n<p class=\"has-text-align-center\">7.000<\/p>\n\n\n\n<p class=\"has-text-align-center\">7.000<\/p>\n\n\n\n<p class=\"has-text-align-center\">4.000<\/p>\n\n\n\n<p class=\"has-text-align-center\">2.000<\/p>\n\n\n\n<p class=\"has-text-align-center\">2.000<\/p>\n\n\n\n<p class=\"has-text-align-center\">1.000<\/p>\n\n\n\n<p class=\"has-text-align-center\">500<\/p>\n\n\n\n<p class=\"has-text-align-center\">500<\/p>\n\n\n\n<p class=\"has-text-align-center\">500<\/p>\n\n\n\n<p class=\"has-text-align-center\">40.000<\/p>\n<\/div>\n\n\n\n<div class=\"wp-block-column is-layout-flow wp-block-column-is-layout-flow\">\n<p class=\"has-text-align-center\"><strong>Picante<\/strong> <strong>(x sobre 10)<\/strong><\/p>\n\n\n\n<p class=\"has-text-align-center\">10 de 10<\/p>\n\n\n\n<p class=\"has-text-align-center\">9<\/p>\n\n\n\n<p class=\"has-text-align-center\">9 <\/p>\n\n\n\n<p class=\"has-text-align-center\">8 <\/p>\n\n\n\n<p class=\"has-text-align-center\">7<\/p>\n\n\n\n<p class=\"has-text-align-center\">7<\/p>\n\n\n\n<p class=\"has-text-align-center\">6<\/p>\n\n\n\n<p class=\"has-text-align-center\">6<\/p>\n\n\n\n<p class=\"has-text-align-center\">4<\/p>\n\n\n\n<p class=\"has-text-align-center\">4<\/p>\n\n\n\n<p class=\"has-text-align-center\">4<\/p>\n\n\n\n<p class=\"has-text-align-center\">3<\/p>\n\n\n\n<p class=\"has-text-align-center\">2<\/p>\n\n\n\n<p class=\"has-text-align-center\">2<\/p>\n\n\n\n<p class=\"has-text-align-center\">2<\/p>\n\n\n\n<p class=\"has-text-align-center\">9<\/p>\n<\/div>\n<\/div>\n\n<p>\u00bfQuieres saber m\u00e1s sobre el t\u00e9rmino capsaicina o cu\u00e1ntas Scoville tiene el Tabasco? <a href=\"https:\/\/chilimafia.com\/es\/contacto-cita-b2b\" data-type=\"page\" data-id=\"625\">Ponte en contacto con nosotros a trav\u00e9s de<\/a>\no <a href=\"https:\/\/wa.me\/4915902198738?text=Ich%20habe%20eine%20Frage%20;)\">Whatsapp<\/a>, <a href=\"https:\/\/www.facebook.com\/ChiliMafiaCom\/\" target=\"_blank\" rel=\"noreferrer noopener nofollow\">Facebook<\/a> o <a href=\"https:\/\/www.instagram.com\/chilimafiacom\/\" target=\"_blank\" rel=\"noreferrer noopener nofollow\">Instagram<\/a>.\nS\u00edguenos tambi\u00e9n en nuestra cuenta de <a href=\"https:\/\/www.tiktok.com\/@chilimafia?lang=de-DE\" target=\"_blank\" rel=\"noreferrer noopener nofollow\">TikTok<\/a> para ver divertidos v\u00eddeos sobre salsa picante, cultivo de guindillas y remedios caseros picantes.    <\/p>\n","protected":false},"excerpt":{"rendered":"<p>A menudo nos preguntan c\u00f3mo de picantes son las salsas picantes Chilli Mafia en comparaci\u00f3n con las salsas Tabasco. La&hellip;<\/p>\n","protected":false},"author":1,"featured_media":0,"parent":27098,"menu_order":0,"comment_status":"closed","ping_status":"closed","template":"","meta":{"footnotes":""},"class_list":["post-27261","page","type-page","status-publish","hentry"],"_links":{"self":[{"href":"https:\/\/chilimafia.com\/es\/wp-json\/wp\/v2\/pages\/27261","targetHints":{"allow":["GET"]}}],"collection":[{"href":"https:\/\/chilimafia.com\/es\/wp-json\/wp\/v2\/pages"}],"about":[{"href":"https:\/\/chilimafia.com\/es\/wp-json\/wp\/v2\/types\/page"}],"author":[{"embeddable":true,"href":"https:\/\/chilimafia.com\/es\/wp-json\/wp\/v2\/users\/1"}],"replies":[{"embeddable":true,"href":"https:\/\/chilimafia.com\/es\/wp-json\/wp\/v2\/comments?post=27261"}],"version-history":[{"count":1,"href":"https:\/\/chilimafia.com\/es\/wp-json\/wp\/v2\/pages\/27261\/revisions"}],"predecessor-version":[{"id":27262,"href":"https:\/\/chilimafia.com\/es\/wp-json\/wp\/v2\/pages\/27261\/revisions\/27262"}],"up":[{"embeddable":true,"href":"https:\/\/chilimafia.com\/es\/wp-json\/wp\/v2\/pages\/27098"}],"wp:attachment":[{"href":"https:\/\/chilimafia.com\/es\/wp-json\/wp\/v2\/media?parent=27261"}],"curies":[{"name":"wp","href":"https:\/\/api.w.org\/{rel}","templated":true}]}}