{"id":4768,"date":"2020-03-12T17:36:48","date_gmt":"2020-03-12T17:36:48","guid":{"rendered":"https:\/\/chilimafia.com\/costos-de-envio\/"},"modified":"2024-07-24T10:46:02","modified_gmt":"2024-07-24T10:46:02","slug":"costos-de-envio","status":"publish","type":"page","link":"https:\/\/chilimafia.com\/es\/costos-de-envio","title":{"rendered":"Pago y gastos de env\u00edo"},"content":{"rendered":"\n<h1 class=\"wp-block-heading\">1. m\u00e9todos de pago<\/h1>\n\n<figure class=\"wp-block-table is-style-stripes\"><table class=\"has-fixed-layout\"><tbody><tr><td class=\"has-text-align-center\" data-align=\"center\">Pago anticipado &#8211;<br\/>Transferencia bancaria<\/td><td class=\"has-text-align-center\" data-align=\"center\">\n          <img decoding=\"async\" class=\"wp-image-536\" style=\"width: 150px;\" src=\"https:\/\/chilimafia.com\/wp-content\/uploads\/2020\/03\/de-pp-logo-200px.png\" alt=\"\"\/>\n        <\/td><td class=\"has-text-align-center\" data-align=\"center\">Tarjeta de cr\u00e9dito<br\/>Tarjetas de cr\u00e9dito<\/td><td class=\"has-text-align-center\" data-align=\"center\">\n          <img decoding=\"async\" class=\"wp-image-621\" style=\"width: 119px;\" src=\"https:\/\/chilimafia.com\/wp-content\/uploads\/2020\/03\/stripe.png\" alt=\"\"\/>\n        <\/td><td class=\"has-text-align-center\" data-align=\"center\">\n          <img decoding=\"async\" class=\"wp-image-619\" style=\"width: 72px;\" src=\"https:\/\/chilimafia.com\/wp-content\/uploads\/2020\/03\/sofort-e1585156476137.png\" alt=\"\"\/>\n        <\/td><\/tr><\/tbody><\/table><\/figure>\n\n<figure class=\"wp-block-table\"><table class=\"has-fixed-layout\"><tbody><tr><td class=\"has-text-align-center\" data-align=\"center\"><strong>SSL<\/strong><br\/>Con SSL (Secure Socket Layer) todos los datos de pedidos y tarjetas de cr\u00e9dito se transmiten a nosotros cifrados y, por supuesto, ser\u00e1n tratados de forma confidencial.<\/td><td class=\"has-text-align-center\" data-align=\"center\"><strong>Seguro de compra con Paypal<\/strong><br\/>Todos los pagos de PayPal est\u00e1n protegidos por el sistema de protecci\u00f3n al comprador de PayPal. Para obtener m\u00e1s informaci\u00f3n, consulte <a href=\"https:\/\/www.paypal.de\/\">www.paypal.de<\/a>.<\/td><td class=\"has-text-align-center\" data-align=\"center\">\n          <img decoding=\"async\" src=\"https:\/\/www.it-recht-kanzlei.de\/logo\/AGB-Logo.png?i=3a689-20e0b-39ca-9080-1\" alt=\"Representado por el bufete de abogados de IT-Recht M&#xFC;nchen\" style=\"width: 120px;\"\/>\n        <\/td><\/tr><\/tbody><\/table><\/figure>\n\n<h1 class=\"wp-block-heading\">2. gastos de env\u00edo de alimentos<\/h1>\n\n<p>Alemania &#8211; Plazo de entrega 2-4 d\u00edas<br\/><strong>Env\u00edo gratuito a partir de 45\u20ac (Alemania)<\/strong><br\/>Gastos de env\u00edo tarifa plana: 6,90\u20ac incl. Iva. <\/p>\n\n<ul class=\"wp-block-list\">\n<li>Suscripci\u00f3n a la salsa picante Chili Junkie: <strong>3,90 <strong>euros<\/strong> (Alemania)<\/strong> &#8211; Incluido en el precio<\/li>\n<\/ul>\n\n<p>Para <strong>entregas en el extranjero<\/strong> dentro de 5 a 7 d\u00edas h\u00e1biles despu\u00e9s de la celebraci\u00f3n del contrato (en caso de pago anticipado acordado despu\u00e9s de la fecha de su instrucci\u00f3n de pago).<br\/><strong>Los domingos y festivos no se ofrece ninguna entrega.<\/strong><\/p>\n\n<p>UE ( Francia)<br\/>Gastos de env\u00edo tarifa plana: 7,90\u20ac incl. Iva. <br\/><strong>Env\u00edo gratuito a partir de 60\u20ac (Francia)<\/strong><\/p>\n\n<ul class=\"wp-block-list\">\n<li>Suscripci\u00f3n a la salsa picante Chili Junkie: 4,50\u20ac + IVA.<\/li>\n<\/ul>\n\n<p>\n          <strong>Resto de Europa<\/strong>\n        <\/p>\n\n<p> Luxemburgo, Pa\u00edses Bajos, Polonia y Espa\u00f1a.<\/p>\n\n<p><br\/><strong>Gastos de env\u00edo tarifa plana:<\/strong> 9,90\u20ac incl. IVA (a tanto alzado)<br\/><strong>Env\u00edo gratuito a partir de 100<\/strong><\/p>\n\n<ul class=\"wp-block-list\">\n<li>Suscripci\u00f3n a la salsa picante Chili Junkie: 9,50\u20ac + IVA.<\/li>\n<\/ul>\n","protected":false},"excerpt":{"rendered":"<p>1. m\u00e9todos de pago Pago anticipado &#8211;Transferencia bancaria Tarjeta de cr\u00e9ditoTarjetas de cr\u00e9dito SSLCon SSL (Secure Socket Layer) todos los&hellip;<\/p>\n","protected":false},"author":1,"featured_media":0,"parent":0,"menu_order":0,"comment_status":"closed","ping_status":"closed","template":"","meta":{"footnotes":""},"class_list":["post-4768","page","type-page","status-publish","hentry"],"_links":{"self":[{"href":"https:\/\/chilimafia.com\/es\/wp-json\/wp\/v2\/pages\/4768","targetHints":{"allow":["GET"]}}],"collection":[{"href":"https:\/\/chilimafia.com\/es\/wp-json\/wp\/v2\/pages"}],"about":[{"href":"https:\/\/chilimafia.com\/es\/wp-json\/wp\/v2\/types\/page"}],"author":[{"embeddable":true,"href":"https:\/\/chilimafia.com\/es\/wp-json\/wp\/v2\/users\/1"}],"replies":[{"embeddable":true,"href":"https:\/\/chilimafia.com\/es\/wp-json\/wp\/v2\/comments?post=4768"}],"version-history":[{"count":1,"href":"https:\/\/chilimafia.com\/es\/wp-json\/wp\/v2\/pages\/4768\/revisions"}],"predecessor-version":[{"id":27349,"href":"https:\/\/chilimafia.com\/es\/wp-json\/wp\/v2\/pages\/4768\/revisions\/27349"}],"wp:attachment":[{"href":"https:\/\/chilimafia.com\/es\/wp-json\/wp\/v2\/media?parent=4768"}],"curies":[{"name":"wp","href":"https:\/\/api.w.org\/{rel}","templated":true}]}}