{"id":24762,"date":"2021-08-25T17:46:09","date_gmt":"2021-08-25T17:46:09","guid":{"rendered":"https:\/\/chilimafia.com\/linktree-chilimafia-com-and-social-media\/"},"modified":"2024-07-23T05:14:22","modified_gmt":"2024-07-23T05:14:22","slug":"linktree-chilimafia-com-and-social-media","status":"publish","type":"page","link":"https:\/\/chilimafia.com\/fr\/linktree-chilimafia-com-and-social-media","title":{"rendered":"Linktree \/\/ Chilimafia.com and Social Media"},"content":{"rendered":"\n<div class=\"wp-block-group\"><div class=\"wp-block-group__inner-container is-layout-flow wp-block-group-is-layout-flow\">\n<div class=\"wp-block-columns is-layout-flex wp-container-core-columns-is-layout-9d6595d7 wp-block-columns-is-layout-flex\">\n<div class=\"wp-block-column is-layout-flow wp-block-column-is-layout-flow\" style=\"flex-basis:100%\">\n<div class=\"wp-block-columns is-layout-flex wp-container-core-columns-is-layout-9d6595d7 wp-block-columns-is-layout-flex\">\n<div class=\"wp-block-column is-layout-flow wp-block-column-is-layout-flow\" style=\"flex-basis:100%\">\n<figure class=\"wp-block-table aligncenter is-style-stripes\"><table><tbody><tr><td class=\"has-text-align-center\" data-align=\"center\"><a title=\"\" href=\"https:\/\/chili-saucen.com\" target=\"_blank\" rel=\"noopener\">Chili-Saucen.com<\/a><br><strong>Boutique Extra-Hot-Sauces<\/strong><br>Exp\u00e9dition : Allemagne, France, Espagne, <br>Belgique, Luxembourg<\/td><td class=\"has-text-align-center\" data-align=\"center\"><a href=\"https:\/\/chilimafia.com\/shop\/\" target=\"_blank\" rel=\"noopener\" title=\"\"><img decoding=\"async\" class=\"wp-image-25762\" style=\"width: 250px;\" src=\"https:\/\/chilimafia.com\/wp-content\/uploads\/2023\/01\/logo2black.jpg\" alt=\"\"><\/a><br>Own-Brand<br>Creative Hot Sauces<\/td><td class=\"has-text-align-center\" data-align=\"center\"><a title=\"\" href=\"https:\/\/chili-plants.com\" target=\"_blank\" rel=\"noopener\">Chili-plants.com<\/a><br>Semences de chili \/ graines de chili<br>Boutique<\/td><\/tr><\/tbody><\/table><figcaption class=\"wp-element-caption\">Shops der Chil Mafia GmbH (IG@Chilimafiacom \/ TikTok @Chilimafia)<\/figcaption><\/figure>\n\n\n\n<div class=\"wp-block-columns is-layout-flex wp-container-core-columns-is-layout-9d6595d7 wp-block-columns-is-layout-flex\">\n<div class=\"wp-block-column is-layout-flow wp-block-column-is-layout-flow\" style=\"flex-basis:33.33%\">\n<p>\n          <strong>  juridique \/ Legal  <\/strong>\n        <\/p>\n\n\n<nav class=\"is-responsive wp-block-navigation is-layout-flex wp-block-navigation-is-layout-flex\" \n\t\t data-wp-interactive=\"core\/navigation\" data-wp-context='{\"overlayOpenedBy\":{\"click\":false,\"hover\":false,\"focus\":false},\"type\":\"overlay\",\"roleAttribute\":\"\",\"ariaLabel\":\"Menu\"}'><button aria-haspopup=\"dialog\" aria-label=\"Ouvrir le menu\" class=\"wp-block-navigation__responsive-container-open\" \n\t\t\t\tdata-wp-on--click=\"actions.openMenuOnClick\"\n\t\t\t\tdata-wp-on--keydown=\"actions.handleMenuKeydown\"\n\t\t\t><svg width=\"24\" height=\"24\" xmlns=\"http:\/\/www.w3.org\/2000\/svg\" viewBox=\"0 0 24 24\" aria-hidden=\"true\" focusable=\"false\"><path d=\"M4 7.5h16v1.5H4z\"><\/path><path d=\"M4 15h16v1.5H4z\"><\/path><\/svg><\/button>\n\t\t\t\t<div class=\"wp-block-navigation__responsive-container\"  id=\"modal-1\" \n\t\t\t\tdata-wp-class--has-modal-open=\"state.isMenuOpen\"\n\t\t\t\tdata-wp-class--is-menu-open=\"state.isMenuOpen\"\n\t\t\t\tdata-wp-watch=\"callbacks.initMenu\"\n\t\t\t\tdata-wp-on--keydown=\"actions.handleMenuKeydown\"\n\t\t\t\tdata-wp-on--focusout=\"actions.handleMenuFocusout\"\n\t\t\t\ttabindex=\"-1\"\n\t\t\t>\n\t\t\t\t\t<div class=\"wp-block-navigation__responsive-close\" tabindex=\"-1\">\n\t\t\t\t\t\t<div class=\"wp-block-navigation__responsive-dialog\" \n\t\t\t\tdata-wp-bind--aria-modal=\"state.ariaModal\"\n\t\t\t\tdata-wp-bind--aria-label=\"state.ariaLabel\"\n\t\t\t\tdata-wp-bind--role=\"state.roleAttribute\"\n\t\t\t>\n\t\t\t\t\t\t\t<button aria-label=\"Fermer le menu\" class=\"wp-block-navigation__responsive-container-close\" \n\t\t\t\tdata-wp-on--click=\"actions.closeMenuOnClick\"\n\t\t\t><svg xmlns=\"http:\/\/www.w3.org\/2000\/svg\" viewBox=\"0 0 24 24\" width=\"24\" height=\"24\" aria-hidden=\"true\" focusable=\"false\"><path d=\"m13.06 12 6.47-6.47-1.06-1.06L12 10.94 5.53 4.47 4.47 5.53 10.94 12l-6.47 6.47 1.06 1.06L12 13.06l6.47 6.47 1.06-1.06L13.06 12Z\"><\/path><\/svg><\/button>\n\t\t\t\t\t\t\t<div class=\"wp-block-navigation__responsive-container-content\" \n\t\t\t\tdata-wp-watch=\"callbacks.focusFirstElement\"\n\t\t\t id=\"modal-1-content\">\n\t\t\t\t\t\t\t\t\n\t\t\t\t\t\t\t<\/div>\n\t\t\t\t\t\t<\/div>\n\t\t\t\t\t<\/div>\n\t\t\t\t<\/div><\/nav><\/div>\n\n\n\n<div class=\"wp-block-column is-layout-flow wp-block-column-is-layout-flow\" style=\"flex-basis:66.66%\">\n<p><strong>Chili Mafia GmbH<\/strong> est un site consacr\u00e9 aux piments, aux sauces piquantes, \u00e0 l&rsquo;assaisonnement, aux plats piquant et \u00e0 bien d&rsquo;autres choses encore.  <\/p>\n\n\n\n<p>Nous g\u00e9rons un  <\/p>\n\n\n\n<ul class=\"wp-block-list\">\n<li>Boutique en ligne pour les bo\u00eetes de sauces chaudes<a rel=\"noreferrer noopener\" href=\"https:\/\/chilimafia.com\/shop\/\" data-type=\"page\" data-id=\"6\" target=\"_blank\">(Chilimafia.com<\/a>)  <\/li>\n\n\n\n<li>une boutique en ligne de sauces au chili (en particulier extra-fortes)<a rel=\"noreferrer noopener\" href=\"https:\/\/chili-saucen.com\" target=\"_blank\">(Chili-Saucen.com<\/a>) et<\/li>\n\n\n\n<li>un blog o\u00f9 l&rsquo;on trouve de nombreuses informations sur la culture des plantes de piment &#8211; et o\u00f9 l&rsquo;on peut bien s\u00fbr aussi commander des graines de piment :<a rel=\"noreferrer noopener\" href=\"https:\/\/chili-plants.com\" target=\"_blank\"> Chili-Plants.com<\/a><\/li>\n<\/ul>\n\n\n\n<p>Au\u00dferdem haben wir eine eigene Saucen-Manufaktur, mit der Eigenmarke <a data-type=\"product\" data-id=\"1300\" href=\"\/?p=1300\" target=\"_blank\" rel=\"noreferrer noopener\">Pika Pika Chili Compositions<\/a> (jetzt Chili Mafia Hot Sauces)<\/p>\n\n\n\n<p>Mais ce n&rsquo;est pas tout. En effet, nous ne souhaitons pas proposer aux fans de nourriture piquantuniquement des produits standard, mais nous travaillons exclusivement avec de petites manufactures europ\u00e9ennes. Nous testons, essayons, trions, rejetons. Pour finalement inclure les meilleures sauces piment\u00e9es dans nos bo\u00eetes et notre boutique. Ainsi, de nouveaux produits sont constamment ajout\u00e9s, que nous vous pr\u00e9sentons dans nos bo\u00eetes.<\/p>\n\n\n\n<p><\/p>\n<\/div>\n<\/div>\n\n\n\n<h2 class=\"wp-block-heading\">Vous pouvez nous trouver sur les canaux de m\u00e9dias sociaux suivants :<\/h2>\n\n\n\n<div style=\"height:48px\" aria-hidden=\"true\" class=\"wp-block-spacer\"><\/div>\n\n\n\n<div class=\"wp-block-columns is-layout-flex wp-container-core-columns-is-layout-9d6595d7 wp-block-columns-is-layout-flex\">\n<div class=\"wp-block-column is-layout-flow wp-block-column-is-layout-flow\"><\/div>\n\n\n\n<div class=\"wp-block-column is-layout-flow wp-block-column-is-layout-flow\">\n<div class=\"wp-block-buttons is-layout-flex wp-block-buttons-is-layout-flex\">\n<div class=\"wp-block-button\"><a class=\"wp-block-button__link wp-element-button\" href=\"https:\/\/www.instagram.com\/chilimafiacom\/\" target=\"_blank\" rel=\"noreferrer noopener\">Instagram<\/a><\/div>\n<\/div>\n<\/div>\n\n\n\n<div class=\"wp-block-column is-layout-flow wp-block-column-is-layout-flow\">\n<div class=\"wp-block-buttons is-layout-flex wp-block-buttons-is-layout-flex\">\n<div class=\"wp-block-button\"><a class=\"wp-block-button__link wp-element-button\" href=\"https:\/\/www.youtube.com\/channel\/UC3MUPKrj9VrW7-e4oOLQglg\/videos\" target=\"_blank\" rel=\"noreferrer noopener\">Youtube<\/a><\/div>\n<\/div>\n<\/div>\n<\/div>\n\n\n\n<div class=\"wp-block-columns is-layout-flex wp-container-core-columns-is-layout-9d6595d7 wp-block-columns-is-layout-flex\">\n<div class=\"wp-block-column is-layout-flow wp-block-column-is-layout-flow\"><\/div>\n\n\n\n<div class=\"wp-block-column is-layout-flow wp-block-column-is-layout-flow\">\n<div class=\"wp-block-buttons is-layout-flex wp-block-buttons-is-layout-flex\">\n<div class=\"wp-block-button\"><a class=\"wp-block-button__link wp-element-button\" href=\"https:\/\/www.pinterest.de\/chilimafia\/\" target=\"_blank\" rel=\"noreferrer noopener\">Pinterest<\/a><\/div>\n<\/div>\n<\/div>\n\n\n\n<div class=\"wp-block-column is-layout-flow wp-block-column-is-layout-flow\">\n<div class=\"wp-block-buttons is-layout-flex wp-block-buttons-is-layout-flex\">\n<div class=\"wp-block-button\"><a class=\"wp-block-button__link wp-element-button\" href=\"https:\/\/www.facebook.com\/ChiliMafiaCom\/\" target=\"_blank\" rel=\"noreferrer noopener\">Facebook<\/a><\/div>\n<\/div>\n<\/div>\n<\/div>\n\n\n\n<div class=\"wp-block-columns is-layout-flex wp-container-core-columns-is-layout-9d6595d7 wp-block-columns-is-layout-flex\">\n<div class=\"wp-block-column is-layout-flow wp-block-column-is-layout-flow\"><\/div>\n\n\n\n<div class=\"wp-block-column is-layout-flow wp-block-column-is-layout-flow\">\n<div class=\"wp-block-buttons is-layout-flex wp-block-buttons-is-layout-flex\">\n<div class=\"wp-block-button\"><a class=\"wp-block-button__link wp-element-button\" href=\"https:\/\/www.tiktok.com\/@chilimafia\" target=\"_blank\" rel=\"noreferrer noopener\">Tik Tok<\/a><\/div>\n<\/div>\n<\/div>\n\n\n\n<div class=\"wp-block-column is-layout-flow wp-block-column-is-layout-flow\">\n<div class=\"wp-block-buttons is-layout-flex wp-block-buttons-is-layout-flex\">\n<div class=\"wp-block-button\"><a class=\"wp-block-button__link wp-element-button\" href=\"https:\/\/mobile.twitter.com\/chilimafiacom\" target=\"_blank\" rel=\"noreferrer noopener\">Twitter<\/a><\/div>\n<\/div>\n<\/div>\n<\/div>\n\n\n\n<div class=\"wp-block-columns is-layout-flex wp-container-core-columns-is-layout-9d6595d7 wp-block-columns-is-layout-flex\">\n<div class=\"wp-block-column is-layout-flow wp-block-column-is-layout-flow\"><\/div>\n\n\n\n<div class=\"wp-block-column is-layout-flow wp-block-column-is-layout-flow\">\n<div class=\"wp-block-buttons is-layout-flex wp-block-buttons-is-layout-flex\">\n<div class=\"wp-block-button\"><a class=\"wp-block-button__link wp-element-button\" href=\"https:\/\/www.linkedin.com\/company\/chilimafia\/\" target=\"_blank\" rel=\"noreferrer noopener\">Linkedin<\/a><\/div>\n<\/div>\n<\/div>\n\n\n\n<div class=\"wp-block-column is-layout-flow wp-block-column-is-layout-flow\"><\/div>\n<\/div>\n\n\n\n<div style=\"height:61px\" aria-hidden=\"true\" class=\"wp-block-spacer\"><\/div>\n\n\n\n<div class=\"wp-block-columns is-layout-flex wp-container-core-columns-is-layout-9d6595d7 wp-block-columns-is-layout-flex\">\n<div class=\"wp-block-column is-layout-flow wp-block-column-is-layout-flow\">\n<p>\n          <strong>M\u00e9dias sociaux (mentions l\u00e9gales + protection des donn\u00e9es)  <\/strong>\n        <\/p>\n\n\n\n<p>Cliquez ici pour acc\u00e9der \u00e0 nos <a href=\"https:\/\/chilimafia.com\/fr\/impressum-fr\/\" target=\"_blank\" rel=\"noreferrer noopener\">mentions l\u00e9gales<\/a><\/p>\n<\/div>\n\n\n\n<div class=\"wp-block-column is-layout-flow wp-block-column-is-layout-flow\"><\/div>\n<\/div>\n\n\n\n<p><\/p>\n<\/div>\n<\/div>\n<\/div>\n<\/div>\n<\/div><\/div>\n\n\n\n<h2 class=\"wp-block-heading has-text-align-center\">Une question ?  <\/h2>\n\n\n\n<p class=\"has-text-align-center\">\n          <a href=\"https:\/\/chilimafia.com\/fr\/contact-rendez-vous-b2b\/\" target=\"_blank\" rel=\"noreferrer noopener\">N&rsquo;h\u00e9sitez pas \u00e0 nous contacter<\/a>\n        <\/p>\n","protected":false},"excerpt":{"rendered":"<p>Chili-Saucen.comBoutique Extra-Hot-SaucesExp\u00e9dition : Allemagne, France, Espagne, Belgique, Luxembourg Own-BrandCreative Hot Sauces Chili-plants.comSemences de chili \/ graines de chiliBoutique Shops der&hellip;<\/p>\n","protected":false},"author":1,"featured_media":0,"parent":0,"menu_order":0,"comment_status":"closed","ping_status":"closed","template":"","meta":{"footnotes":""},"class_list":["post-24762","page","type-page","status-publish","hentry"],"_links":{"self":[{"href":"https:\/\/chilimafia.com\/fr\/wp-json\/wp\/v2\/pages\/24762","targetHints":{"allow":["GET"]}}],"collection":[{"href":"https:\/\/chilimafia.com\/fr\/wp-json\/wp\/v2\/pages"}],"about":[{"href":"https:\/\/chilimafia.com\/fr\/wp-json\/wp\/v2\/types\/page"}],"author":[{"embeddable":true,"href":"https:\/\/chilimafia.com\/fr\/wp-json\/wp\/v2\/users\/1"}],"replies":[{"embeddable":true,"href":"https:\/\/chilimafia.com\/fr\/wp-json\/wp\/v2\/comments?post=24762"}],"version-history":[{"count":1,"href":"https:\/\/chilimafia.com\/fr\/wp-json\/wp\/v2\/pages\/24762\/revisions"}],"predecessor-version":[{"id":27177,"href":"https:\/\/chilimafia.com\/fr\/wp-json\/wp\/v2\/pages\/24762\/revisions\/27177"}],"wp:attachment":[{"href":"https:\/\/chilimafia.com\/fr\/wp-json\/wp\/v2\/media?parent=24762"}],"curies":[{"name":"wp","href":"https:\/\/api.w.org\/{rel}","templated":true}]}}