{"id":26346,"date":"2023-05-22T20:59:38","date_gmt":"2023-05-22T20:59:38","guid":{"rendered":"https:\/\/chilimafia.com\/coffrets-sauces-pimentes-de-la-mafia\/"},"modified":"2024-07-23T05:57:32","modified_gmt":"2024-07-23T05:57:32","slug":"coffrets-sauces-pimentes-de-la-mafia","status":"publish","type":"page","link":"https:\/\/chilimafia.com\/fr\/coffrets-sauces-pimentes-de-la-mafia","title":{"rendered":"Coffrets cadeaux"},"content":{"rendered":"\n<div class=\"wp-block-cover is-light\"><span aria-hidden=\"true\" class=\"wp-block-cover__background has-background-dim\"><\/span><img decoding=\"async\" class=\"wp-block-cover__image-background wp-image-26158\" alt=\"Hot Sauce Boxes\" src=\"https:\/\/chilimafia.com\/wp-content\/uploads\/2023\/05\/all_sauces_Banner-1024x341.jpg\" data-object-fit=\"cover\"\/><div class=\"wp-block-cover__inner-container is-layout-flow wp-block-cover-is-layout-flow\">\n<p class=\"has-text-align-center has-yith-proteo-editor-custom-color-2-color has-text-color has-large-font-size\" style=\"text-transform:uppercase\"><strong>Coffrets de Sauces Piquantes<\/strong><\/p>\n<\/div><\/div>\n\n<div style=\"height:55px\" aria-hidden=\"true\" class=\"wp-block-spacer\"><\/div>\n\n<h1 class=\"wp-block-heading has-text-align-center\">Les meilleures sauces piquantes pour les fans du piment<\/h1>\n\n<div style=\"height:30px\" aria-hidden=\"true\" class=\"wp-block-spacer\"><\/div>\n\n<h2 class=\"wp-block-heading has-text-align-center\"><strong>Vivez la vie piment\u00e9e!<\/strong><\/h2>\n\n<p><strong>Notre coffret cadeau Chili-Magia se r\u00e9invente r\u00e9guli\u00e8rement !<\/strong><\/p>\n\n<p>Tu es \u00e0 la recherche de nouveaux plaisirs culinaires ? D\u00e9couvre avec nous de nouvelles sauces piquantes et d&rsquo;autres produits \u00e0 base de piment avec chaque coffret. Les produits proviennent de petites manufactures nationales et internationales qui, pour la plupart, fabriquent encore leurs produits \u00e0 la main avec un grand souci du d\u00e9tail. Le coffret cadeau de sauces au chili est bien s\u00fbr aussi une bonne id\u00e9e de cadeau. Nous nous adressons \u00e0 ceux d&rsquo;entre vous qui <em>ne veulent pas<\/em> se contenter de produits au piment mauvais, industriels et ennuyeux. <em>et\/ou recherchent exclusivement la chaleur. Nous <\/em>souhaitent promouvoir les sp\u00e9cialit\u00e9s authentiques et soutenir ainsi les petites entreprises dans lesquelles les piments sont trait\u00e9s comme ils le sont r\u00e9ellement : une d\u00e9licatesse avec une tr\u00e8s grande vari\u00e9t\u00e9 de couleurs, de piquant et de go\u00fbt. <\/p>\n\n<p><strong>Du moins piquant au plus fort,<\/strong> vous trouverez certainement votre <strong>prochaine sauce piment\u00e9e pr\u00e9f\u00e9r\u00e9e<\/strong> chez nous !<\/p>\n\n<h2 class=\"wp-block-heading\">Les meilleurs produits de sauces piment\u00e9es de petits fabricants internationaux<\/h2>\n\n<p>Nous appr\u00e9cions le v\u00e9ritable travail manuel et proposons \u00e0 nos clients les meilleurs produits de sauces piment\u00e9es de fabricants internationaux. Les sauces artisanales sont test\u00e9es et \u00e9valu\u00e9es individuellement. Seuls les meilleurs produits entrent dans nos coffrets ! Vous pouvez commander les bo\u00eetes via notre boutique en-ligne, elles vous seront livr\u00e9es \u00e0 domicile. Il ne reste plus qu&rsquo;\u00e0 savourer !<\/p>\n\n<p>Gr\u00e2ce \u00e0 notre longue exp\u00e9rience et \u00e0 nos contacts internationaux dans le monde du piment, nous proposons en permanence de nouveaux produits exceptionnels. Gr\u00e2ce \u00e0 des contacts personnels, \u00e0 notre participation \u00e0 divers festivals et salons du piment, nous d\u00e9couvrons de nouvelles cr\u00e9ations de sauces au piment, testons des produits et faisons personnellement la connaissance de nombreux artisans. Nous assemblons ensuite les produits dans des bo\u00eetes de chili et les commercialisons. Ils contiennent donc en permanence de nouveaux produits \u00e0 base de piment de qualit\u00e9 sup\u00e9rieure, qui sont directement distribu\u00e9s \u00e0 nos clients finaux. Bien entendu, les produits pr\u00e9sent\u00e9s dans les coffrets peuvent \u00eatre command\u00e9s ult\u00e9rieurement. En outre, nous proposons en permanence des bo\u00eetes de sauces \u00e9pic\u00e9es ayant diff\u00e9rents degr\u00e9s de piquant.<\/p>\n\n<p>Par l&rsquo;interm\u00e9diaire de la Chili Mafia, nous offrons aux <strong>fabricants<\/strong> une plate-forme sur laquelle leurs produits \u00e0 base de piment peuvent \u00eatre propos\u00e9s aux fans de piment et \u00e0 ceux qui souhaitent le devenir &#8211; et nous, la <strong>Chili Mafia,<\/strong> veillons \u00e0 ce que seuls des produits de qualit\u00e9 sup\u00e9rieure, fabriqu\u00e9s \u00e0 la main, soient propos\u00e9s \u00e0 <strong>nos<\/strong> <strong>clients<\/strong>. <strong>Gagnant-gagnant<\/strong> pour tous !<\/p>\n\n<p>Ainsi, vous n&rsquo;obtenez que le meilleur, et nous, des clients satisfaits !<\/p>\n\n<p><\/p>\n\n<h2 class=\"wp-block-heading has-text-align-center\"><strong>Bienvenue dans la Mafia du Piment !<\/strong><\/h2>\n\n<div style=\"height:60px\" aria-hidden=\"true\" class=\"wp-block-spacer\"><\/div>\n\n<div class=\"wp-block-buttons alignwide is-content-justification-center is-layout-flex wp-container-core-buttons-is-layout-16018d1d wp-block-buttons-is-layout-flex\">\n<div class=\"wp-block-button\"><a class=\"wp-block-button__link has-yith-proteo-editor-custom-color-6-color has-yith-proteo-editor-custom-color-5-background-color has-text-color has-background wp-element-button\" href=\"https:\/\/chilimafia.com\/shop\">D\u00e9couvrez tous les coffrets<\/a><\/div>\n<\/div>\n","protected":false},"excerpt":{"rendered":"<p>Les meilleures sauces piquantes pour les fans du piment Vivez la vie piment\u00e9e! Notre coffret cadeau Chili-Magia se r\u00e9invente r\u00e9guli\u00e8rement&hellip;<\/p>\n","protected":false},"author":1,"featured_media":0,"parent":0,"menu_order":0,"comment_status":"closed","ping_status":"closed","template":"","meta":{"footnotes":""},"class_list":["post-26346","page","type-page","status-publish","hentry"],"_links":{"self":[{"href":"https:\/\/chilimafia.com\/fr\/wp-json\/wp\/v2\/pages\/26346","targetHints":{"allow":["GET"]}}],"collection":[{"href":"https:\/\/chilimafia.com\/fr\/wp-json\/wp\/v2\/pages"}],"about":[{"href":"https:\/\/chilimafia.com\/fr\/wp-json\/wp\/v2\/types\/page"}],"author":[{"embeddable":true,"href":"https:\/\/chilimafia.com\/fr\/wp-json\/wp\/v2\/users\/1"}],"replies":[{"embeddable":true,"href":"https:\/\/chilimafia.com\/fr\/wp-json\/wp\/v2\/comments?post=26346"}],"version-history":[{"count":5,"href":"https:\/\/chilimafia.com\/fr\/wp-json\/wp\/v2\/pages\/26346\/revisions"}],"predecessor-version":[{"id":27209,"href":"https:\/\/chilimafia.com\/fr\/wp-json\/wp\/v2\/pages\/26346\/revisions\/27209"}],"wp:attachment":[{"href":"https:\/\/chilimafia.com\/fr\/wp-json\/wp\/v2\/media?parent=26346"}],"curies":[{"name":"wp","href":"https:\/\/api.w.org\/{rel}","templated":true}]}}