{"id":27042,"date":"2020-09-23T08:11:28","date_gmt":"2020-09-23T08:11:28","guid":{"rendered":"https:\/\/chilimafia.com\/chili-mafia-sauces-et-coffrets-de-sauces-pimentees"},"modified":"2024-07-19T13:01:41","modified_gmt":"2024-07-19T13:01:41","slug":"chili-mafia-sauces-et-coffrets-de-sauces-pimentees","status":"publish","type":"page","link":"https:\/\/chilimafia.com\/fr","title":{"rendered":"Chili Mafia &#8211; Sauces et coffrets de sauces piment\u00e9es"},"content":{"rendered":"\n<div style=\"height:52px\" aria-hidden=\"true\" class=\"wp-block-spacer\"><\/div>\n\n<h2 class=\"wp-block-heading has-text-align-center\">Vivez la vie piment\u00e9e!<\/h2>\n\n<p>Chez la mafia du piment, tout tourne autour des produits piment\u00e9s : en tant qu&rsquo;experts en la mati\u00e8re et manufacture de sauces piment\u00e9es, nous nous y connaissons et souhaitons partager notre amour des piments et des sauces piquantes.<\/p>\n\n<p>Nous ne nous focalisons pas sur les extraits et la chimie, car le degr\u00e9 de piquant d&rsquo;une sauce est d\u00e9termin\u00e9 par la vari\u00e9t\u00e9 de piment choisie pour la pr\u00e9paration. Chaque vari\u00e9t\u00e9 de piment est unique et poss\u00e8de des caract\u00e9ristiques individuelles telles que le go\u00fbt, l&rsquo;apparence et le degr\u00e9 de piquant ! <\/p>\n\n<p>En tant qu&rsquo;experts des produits piquants, nous sommes vos interlocuteurs pour tout ce qui concerne les piments <\/p>\n\n<p>Nous souhaitons encore vous proposer d&rsquo;autres projets de chili \u00e0 l&rsquo;avenir et travaillons actuellement sur notre offre de coffrets de sauces piment\u00e9es et d&rsquo;abonnements ! Vous en saurez plus prochainement ici et sur nos canaux <a href=\"https:\/\/www.instagram.com\/chilimafiacom\/\">Instagram<\/a> , <a href=\"https:\/\/www.facebook.com\/ChiliMafiaCom\/\">Facebook<\/a>, et <a href=\"https:\/\/www.linkedin.com\/company\/chilimafia\/\">Linked In<\/a><\/p>\n\n<div style=\"height:24px\" aria-hidden=\"true\" class=\"wp-block-spacer\"><\/div>\n<div class=\"wp-block-image\">\n<figure class=\"aligncenter\"><img loading=\"lazy\" decoding=\"async\" width=\"248\" height=\"98\" src=\"https:\/\/chilimafia.com\/wp-content\/uploads\/2024\/07\/made-venezuelan-1.jpg\" alt=\"\" class=\"wp-image-26959\"\/><\/figure>\n<\/div>\n<div class=\"wp-block-columns is-layout-flex wp-container-core-columns-is-layout-9d6595d7 wp-block-columns-is-layout-flex\">\n<div class=\"wp-block-column is-layout-flow wp-block-column-is-layout-flow\">\n<p><\/p>\n<\/div>\n\n\n\n<div class=\"wp-block-column is-layout-flow wp-block-column-is-layout-flow\">\n<p class=\"has-text-align-center\">Made in Germany with Venezuelan Hearts ; Le fondateur Fabian est arriv\u00e9 en Allemagne il y a 18 ans en tant qu&rsquo;\u00e9tudiant et a fond\u00e9 Chili Mafia en 2019.  <a href=\"https:\/\/chilimafia.com\/haus-chili-manufakturen\/geschichte#:~:text=HOT%20SAUCES-,%C3%9CBER%20UNS,-AGBS\" data-type=\"link\" data-id=\"https:\/\/chilimafia.com\/haus-chili-manufakturen\/geschichte#:~:text=HOT%20SAUCES-,%C3%9CBER%20UNS,-AGBS\" target=\"_blank\" rel=\"noreferrer noopener\"><\/a><a href=\"https:\/\/chilimafia.com\/haus-chili-manufakturen\/geschichte#:~:text=HOT%20SAUCES-,%C3%9CBER%20UNS,-AGBS\">En savoir plus sur nous ici<\/a><\/p>\n<\/div>\n\n\n\n<div class=\"wp-block-column is-layout-flow wp-block-column-is-layout-flow\">\n<p><\/p>\n<\/div>\n<\/div>\n\n<div class=\"wp-block-columns is-layout-flex wp-container-core-columns-is-layout-9d6595d7 wp-block-columns-is-layout-flex\">\n<div class=\"wp-block-column is-layout-flow wp-block-column-is-layout-flow\">\n<h2 class=\"wp-block-heading has-text-align-center\">Chili Mafia Sauces Piment\u00e9es Maison<\/h2>\n\n\n\n<p>Nous sommes une <strong>manufacture de sauces piment\u00e9es<\/strong> et produisons nos propres sauces piquantes. <a href=\"https:\/\/chilimafia.com\/chilimafia-hot-sauces\">En savoir plus<\/a><\/p>\n<\/div>\n\n\n\n<div class=\"wp-block-column is-layout-flow wp-block-column-is-layout-flow\">\n<h2 class=\"wp-block-heading has-text-align-center\">Achetez vos sauces<\/h2>\n\n\n\n<p>In unserem Online-Shop chili-saucen.com findet ihr \u00fcber 100 Chilisaucen-Produkte, von mild bis h\u00f6llisch scharf. Dans notre <a href=\"http:\/\/www.chili-saucen.com\/\">boutique en ligne<\/a> chili-sauces.com, vous trouverez <strong>plus de 100 sauces piment\u00e9es<\/strong>, de la plus <strong>douce \u00e0 la plus piquante.<\/strong><\/p>\n<\/div>\n\n\n\n<div class=\"wp-block-column is-layout-flow wp-block-column-is-layout-flow\">\n<h2 class=\"wp-block-heading has-text-align-center\">Coffrets de Sauces Piquantes<\/h2>\n\n\n\n<p>Nos <a href=\"https:\/\/chilimafia.com\/chili-mafia-hot-sauce-boxes\">coffrets de sauces piquantes<\/a> avec des nouveaut\u00e9s dans chaque nouvelle \u00e9dition !<\/p>\n<\/div>\n<\/div>\n\n<div style=\"height:23px\" aria-hidden=\"true\" class=\"wp-block-spacer\"><\/div>\n\n<div class=\"wp-block-columns is-layout-flex wp-container-core-columns-is-layout-9d6595d7 wp-block-columns-is-layout-flex\">\n<div class=\"wp-block-column is-layout-flow wp-block-column-is-layout-flow\">\n<h2 class=\"wp-block-heading has-text-align-center\">Abonnements de sauces piquantes<\/h2>\n<\/div>\n\n\n\n<div class=\"wp-block-column is-layout-flow wp-block-column-is-layout-flow\">\n<h2 class=\"wp-block-heading has-text-align-center\">Graines de plantes<\/h2>\n\n\n\n<p>Envie de planter vos propres piments ? Cliquez ici pour les <a href=\"http:\/\/www.chili-plants.com\">graines de piment<\/a><\/p>\n<\/div>\n\n\n\n<div class=\"wp-block-column is-layout-flow wp-block-column-is-layout-flow\">\n<h2 class=\"wp-block-heading has-text-align-center\">Challenges du piment <\/h2>\n<\/div>\n<\/div>\n\n<div style=\"height:41px\" aria-hidden=\"true\" class=\"wp-block-spacer\"><\/div>\n\n<h2 class=\"wp-block-heading has-text-align-center animate-fade-up\" id=\"die-scharfsten-chili-saucen-der-mafia\" style=\"font-size:40px\">Avis des clients<\/h2>\n\n<!-- ANFANG -->\n<iframe src=\"https:\/\/widgets.shopvote.de\/bs-widget.php?shopid=16243\" style=\"position: relative; height: 260px; border-style: none; overflow: hidden;\" scrolling=\"no\"><\/iframe>\n<!-- ENDE -->\n\n<div style=\"height:43px\" aria-hidden=\"true\" class=\"wp-block-spacer\"><\/div>\n\n<h1 class=\"wp-block-heading has-text-align-center\">Sagesses de la mafia du piment<\/h1>\n\n<div style=\"height:72px\" aria-hidden=\"true\" class=\"wp-block-spacer\"><\/div>\n\n<div class=\"wp-block-columns is-layout-flex wp-container-core-columns-is-layout-9d6595d7 wp-block-columns-is-layout-flex\">\n<div class=\"wp-block-column is-layout-flow wp-block-column-is-layout-flow\">\n<figure class=\"wp-block-image size-large\"><a href=\"https:\/\/chilimafia.com\/wp-content\/uploads\/2023\/02\/scharfesaucen.jpg\"><img decoding=\"async\" src=\"https:\/\/chilimafia.com\/wp-content\/uploads\/2023\/02\/scharfesaucen-1024x1024.jpg\" alt=\"\" class=\"wp-image-25848\"\/><\/a><figcaption class=\"wp-element-caption\">\u00ab\u00a0De goutte \u00e0 goutte, ce n&rsquo;est jamais trop \u00e9pic\u00e9\u00a0\u00bb.<\/figcaption><\/figure>\n\n\n\n<p><strong>\u00ab\u00a0De goutte \u00e0 goutte, ce n&rsquo;est jamais trop \u00e9pic\u00e9\u00a0\u00bb.<\/strong><\/p>\n\n\n\n<p class=\"animate-fade\">Notre devise est la suivante : il n&rsquo;y a pas de sauces \u00ab\u00a0trop \u00e9pic\u00e9es\u00a0\u00bb : tout est une question de dosage \ud83d\ude42 Teste les diff\u00e9rentes cr\u00e9ations de piments, et commence par les versions douces si tu ne manges pas r\u00e9guli\u00e8rement \u00e9pic\u00e9. <\/p>\n\n\n\n<p class=\"animate-fade\">Car : savourer des sauces \u00e9pic\u00e9es, c&rsquo;est comme faire du sport : plus c&rsquo;est fr\u00e9quent, plus c&rsquo;est endurant \ud83d\ude09 <\/p>\n\n\n\n<p><\/p>\n\n\n\n<div class=\"wp-block-buttons is-layout-flex wp-block-buttons-is-layout-flex\">\n<div class=\"wp-block-button\"><a class=\"wp-block-button__link has-yith-proteo-editor-custom-color-6-color has-yith-proteo-editor-custom-color-5-background-color has-text-color has-background wp-element-button\" href=\"\/?page_id=25340\">Comment utiliser les sauces piquantes ?<\/a><\/div>\n<\/div>\n<\/div>\n\n\n\n<div class=\"wp-block-column is-layout-flow wp-block-column-is-layout-flow\">\n<figure class=\"wp-block-image size-large\"><a href=\"https:\/\/chilimafia.com\/wp-content\/uploads\/2023\/02\/scharfesuppe.jpg\"><img decoding=\"async\" src=\"https:\/\/chilimafia.com\/wp-content\/uploads\/2023\/02\/scharfesuppe-1024x1024.jpg\" alt=\"\" class=\"wp-image-25843\"\/><\/a><\/figure>\n\n\n\n<p><strong>Les habitants du Sud mangent plus \u00e9pic\u00e9 ? &#8211; que des pr\u00e9jug\u00e9s \ud83d\ude42<\/strong><\/p>\n\n\n\n<p class=\"animate-fade\">La tol\u00e9rance au piquant n&rsquo;a rien \u00e0 voir avec l&rsquo;origine, la couleur de peau ou la culture &#8211; mais avec l&rsquo;amour du bon go\u00fbt.<\/p>\n\n\n\n<p class=\"animate-fade\">La Chili Mafia t&rsquo;accompagne dans ton voyage vers la nourriture \u00e9pic\u00e9e avec des variations de produits et de produits toujours plus piquants. <\/p>\n\n\n\n<p><\/p>\n\n\n\n<p class=\"animate-fade\"><strong>\u00ab\u00a0D\u00e9couvre l&rsquo;amour de la nourriture \u00e9pic\u00e9e\u00a0\u00bb.<\/strong><\/p>\n\n\n\n<div class=\"wp-block-buttons is-layout-flex wp-block-buttons-is-layout-flex\">\n<div class=\"wp-block-button\"><a class=\"wp-block-button__link has-yith-proteo-editor-custom-color-6-color has-yith-proteo-editor-custom-color-5-background-color has-text-color has-background wp-element-button\" href=\"\/?page_id=2620\" target=\"_blank\" rel=\"noreferrer noopener\">Que signifient nos Degre\u0301 de piquant?<\/a><\/div>\n<\/div>\n<\/div>\n\n\n\n<div class=\"wp-block-column is-layout-flow wp-block-column-is-layout-flow\">\n<figure class=\"wp-block-image size-full\"><a href=\"https:\/\/chilimafia.com\/wp-content\/uploads\/2023\/04\/chilpflanzen.jpg\"><img decoding=\"async\" src=\"https:\/\/chilimafia.com\/wp-content\/uploads\/2023\/04\/chilpflanzen.jpg\" alt=\"\" class=\"wp-image-25998\"\/><\/a><\/figure>\n\n\n\n<p><strong>La saison 2023<\/strong><\/p>\n\n\n\n<p class=\"has-text-align-left\">Envie de faire votre propre r\u00e9colte de piments \u00e0 partir de plants de piments du jardin, du balcon ou du rebord de la fen\u00eatre ? <\/p>\n\n\n\n<p class=\"has-text-align-left\">Sur chili-plants.com, vous pouvez commander une multitude de graines de piment et profiter de piments color\u00e9s et savoureux en \u00e9t\u00e9. <\/p>\n\n\n\n<p class=\"has-text-align-left\">En outre, chili-plants.com propose \u00e9galement des conseils et des instructions sur la culture et l&rsquo;entretien des plantes. <\/p>\n\n\n\n<p><\/p>\n\n\n\n<div class=\"wp-block-buttons is-layout-flex wp-block-buttons-is-layout-flex\">\n<div class=\"wp-block-button\"><a class=\"wp-block-button__link has-yith-proteo-editor-custom-color-6-color has-yith-proteo-editor-custom-color-5-background-color has-text-color has-background wp-element-button\" href=\"https:\/\/www.chili-plants.com\/\" target=\"_blank\" rel=\"noreferrer noopener\">Commandez maintenant des graines de piment pour la saison 2023<\/a><\/div>\n<\/div>\n<\/div>\n<\/div>\n\n<div style=\"height:37px\" aria-hidden=\"true\" class=\"wp-block-spacer\"><\/div>\n\n<div style=\"height:29px\" aria-hidden=\"true\" class=\"wp-block-spacer\"><\/div>\n\n<h1 class=\"wp-block-heading has-text-align-center animate-fade-up\" id=\"neuigkeiten-der-chili-mafia\">Nouvelles de la Mafia du piment:<\/h1>\n\n<div style=\"height:36px\" aria-hidden=\"true\" class=\"wp-block-spacer\"><\/div>\n<ul class=\"wp-block-latest-posts__list is-grid columns-3 has-dates alignleft animate-fade-up wp-block-latest-posts\"><li><a class=\"wp-block-latest-posts__post-title\" href=\"https:\/\/chilimafia.com\/fr\/la-mafia-du-piment-au-stijlmarkt-de-mayence\">La mafia du piment au Stijlmarkt de Mayence<\/a><time datetime=\"2023-04-17T14:00:09+00:00\" class=\"wp-block-latest-posts__post-date\">17 avril 2023<\/time><\/li>\n<li><div class=\"wp-block-latest-posts__featured-image aligncenter\"><a href=\"https:\/\/chilimafia.com\/fr\/la-chilimafia-au-salon-stijlmarkt-a-mayence\" aria-label=\"La Chilimafia au salon Stijlmarkt \u00e0 Mayence\"><\/a><\/div><a class=\"wp-block-latest-posts__post-title\" href=\"https:\/\/chilimafia.com\/fr\/la-chilimafia-au-salon-stijlmarkt-a-mayence\">La Chilimafia au salon Stijlmarkt \u00e0 Mayence<\/a><time datetime=\"2023-04-17T13:56:07+00:00\" class=\"wp-block-latest-posts__post-date\">17 avril 2023<\/time><\/li>\n<li><div class=\"wp-block-latest-posts__featured-image aligncenter\"><a href=\"https:\/\/chilimafia.com\/fr\/cultiver-des-piments-pour-une-recolte-abondante-et-des-plantes-fortes\" aria-label=\"Cultiver des piments pour une r\u00e9colte abondante et des plantes fortes\"><\/a><\/div><a class=\"wp-block-latest-posts__post-title\" href=\"https:\/\/chilimafia.com\/fr\/cultiver-des-piments-pour-une-recolte-abondante-et-des-plantes-fortes\">Cultiver des piments pour une r\u00e9colte abondante et des plantes fortes<\/a><time datetime=\"2023-03-23T11:48:27+00:00\" class=\"wp-block-latest-posts__post-date\">23 mars 2023<\/time><\/li>\n<\/ul>\n<div style=\"height:11px\" aria-hidden=\"true\" class=\"wp-block-spacer\"><\/div>\n\n<div class=\"wp-block-columns is-layout-flex wp-container-core-columns-is-layout-9d6595d7 wp-block-columns-is-layout-flex\">\n<div class=\"wp-block-column is-layout-flow wp-block-column-is-layout-flow\"><\/div>\n\n\n\n<div class=\"wp-block-column is-layout-flow wp-block-column-is-layout-flow\">\n<div class=\"wp-block-buttons is-layout-flex wp-block-buttons-is-layout-flex\">\n<div class=\"wp-block-button has-custom-font-size is-style-fill has-medium-font-size\"><a class=\"wp-block-button__link has-yith-proteo-editor-custom-color-6-color has-yith-proteo-editor-custom-color-5-background-color has-text-color has-background wp-element-button\" href=\"\/?page_id=25564\" target=\"_blank\" rel=\"noreferrer noopener\">Autres nouvelles de la mafia<\/a><\/div>\n<\/div>\n<\/div>\n\n\n\n<div class=\"wp-block-column is-layout-flow wp-block-column-is-layout-flow\"><\/div>\n<\/div>\n\n<div style=\"height:23px\" aria-hidden=\"true\" class=\"wp-block-spacer\"><\/div>\n\n<h2 class=\"wp-block-heading has-text-align-center\" id=\"chilimafia-die-plattform-fur-manufakturen-aus-ganz-europa\">Chilimafia : La plate-forme pour les petites manufactures de toute l&rsquo;Europe. <\/h2>\n\n<h3 class=\"wp-block-heading\" id=\"wir-verkosten-und-entscheiden\">Nous d\u00e9gustons des produits \u00e0 base de piments et choisissons<\/h3>\n\n<p>En tant que petit fabricant ou micro-entreprise, il est tr\u00e8s difficile de s&rsquo;implanter sur le march\u00e9. La participation \u00e0 des salons ainsi que la distribution par des revendeurs sont tr\u00e8s co\u00fbteuses. Ensemble, nous voulons maintenant agir.<\/p>\n\n<p> En tant que producteurs de sauces au piment, nous connaissons bien le monde du piment. Pour nous, les piments et les produits \u00e0 base de piment ne sont pas seulement des \u00ab\u00a0amplificateurs de testost\u00e9rone\u00a0\u00bb, mais de v\u00e9ritables d\u00e9licatesses. <\/p>\n\n<p>Gr\u00e2ce \u00e0 des contacts personnels, \u00e0 notre participation \u00e0 divers festivals et salons du piment, nous d\u00e9couvrons de nouvelles cr\u00e9ations de sauces au piment, testons des produits et faisons personnellement connaissance avec les artisans. <\/p>\n\n<p>Par le biais de la plateforme de la mafia du piment, nous offrons aux manufactures une possibilit\u00e9 de proposer leurs produits \u00e0 base de piment aux fans de piment et \u00e0 ceux qui souhaitent le devenir &#8211; et nous, la mafia du piment, veillons \u00e0 ce que seuls des produits artisanaux de qualit\u00e9 soient propos\u00e9s \u00e0 nos clients. Gagnant-gagnant pour tous !<\/p>\n\n<p>En effet, gr\u00e2ce \u00e0 nos coffrets que nous composons r\u00e9guli\u00e8rement, de nouveaux produits \u00e0 base de piment de qualit\u00e9 sup\u00e9rieure sont constamment propos\u00e9s directement \u00e0 nos clients finaux. Dans les coffrets, nous pr\u00e9sentons nos produits s\u00e9lectionn\u00e9s, et les clients les d\u00e9gustent. Les fans de produits \u00e9pic\u00e9s se voient ainsi pr\u00e9sent\u00e9s r\u00e9guli\u00e8rement des nouveaut\u00e9s. Bien entendu, les produits pr\u00e9sent\u00e9s dans les coffrets peuvent \u00eatre command\u00e9s ult\u00e9rieurement. En outre, nous proposons en permanence des bo\u00eetes de sauces \u00e9pic\u00e9es ayant diff\u00e9rents degr\u00e9s de piquant. N&rsquo;h\u00e9sitez pas \u00e0 y jeter un coup d&rsquo;\u0153il !<\/p>\n\n<div class=\"wp-block-buttons is-content-justification-center is-layout-flex wp-container-core-buttons-is-layout-16018d1d wp-block-buttons-is-layout-flex\">\n<div class=\"wp-block-button\"><a class=\"wp-block-button__link has-yith-proteo-editor-custom-color-6-color has-yith-proteo-editor-custom-color-5-background-color has-text-color has-background wp-element-button\" href=\"https:\/\/chili-saucen.com\/shop\/\" target=\"_blank\" rel=\"noreferrer noopener\">Acc\u00e9der \u00e0 notre boutique<\/a><\/div>\n<\/div>\n","protected":false},"excerpt":{"rendered":"<p>Vivez la vie piment\u00e9e! Chez la mafia du piment, tout tourne autour des produits piment\u00e9s : en tant qu&rsquo;experts en&hellip;<\/p>\n","protected":false},"author":1,"featured_media":0,"parent":0,"menu_order":0,"comment_status":"closed","ping_status":"closed","template":"","meta":{"footnotes":""},"class_list":["post-27042","page","type-page","status-publish","hentry"],"_links":{"self":[{"href":"https:\/\/chilimafia.com\/fr\/wp-json\/wp\/v2\/pages\/27042","targetHints":{"allow":["GET"]}}],"collection":[{"href":"https:\/\/chilimafia.com\/fr\/wp-json\/wp\/v2\/pages"}],"about":[{"href":"https:\/\/chilimafia.com\/fr\/wp-json\/wp\/v2\/types\/page"}],"author":[{"embeddable":true,"href":"https:\/\/chilimafia.com\/fr\/wp-json\/wp\/v2\/users\/1"}],"replies":[{"embeddable":true,"href":"https:\/\/chilimafia.com\/fr\/wp-json\/wp\/v2\/comments?post=27042"}],"version-history":[{"count":1,"href":"https:\/\/chilimafia.com\/fr\/wp-json\/wp\/v2\/pages\/27042\/revisions"}],"predecessor-version":[{"id":27043,"href":"https:\/\/chilimafia.com\/fr\/wp-json\/wp\/v2\/pages\/27042\/revisions\/27043"}],"wp:attachment":[{"href":"https:\/\/chilimafia.com\/fr\/wp-json\/wp\/v2\/media?parent=27042"}],"curies":[{"name":"wp","href":"https:\/\/api.w.org\/{rel}","templated":true}]}}