{"id":27070,"date":"2022-12-01T14:05:59","date_gmt":"2022-12-01T14:05:59","guid":{"rendered":"https:\/\/chilimafia.com\/comment-utiliser-les-sauces-chaudes"},"modified":"2024-07-22T15:45:56","modified_gmt":"2024-07-22T15:45:56","slug":"comment-utiliser-les-sauces-chaudes","status":"publish","type":"page","link":"https:\/\/chilimafia.com\/fr\/comment-utiliser-les-sauces-chaudes","title":{"rendered":"Comment utiliser les sauces chaudes ?"},"content":{"rendered":"\n<p>Au cours de nos participations aux march\u00e9s et aux foires ces derni\u00e8res ann\u00e9es &#8211; des minuscules march\u00e9s de rue aux grandes foires &#8211; nos clients et visiteurs nous ont pos\u00e9 de tr\u00e8s nombreuses questions. Les piments et la consommation d&rsquo;aliments piquantsont un sujet qui en est encore \u00e0 ses balbutiements en Europe. Comparable au th\u00e8me du vin ou de la bi\u00e8re &#8211; beaucoup en boivent, mais les experts sont peu nombreux  <\/p>\n\n<div class=\"wp-block-media-text is-stacked-on-mobile\" style=\"grid-template-columns:44% auto\"><figure class=\"wp-block-media-text__media\"><img loading=\"lazy\" decoding=\"async\" width=\"294\" height=\"533\" src=\"https:\/\/chilimafia.com\/wp-content\/uploads\/2024\/07\/fab1x400.jpg\" alt=\"douleur extr\u00eamement piquante\" class=\"wp-image-27150 size-full\" srcset=\"https:\/\/chilimafia.com\/wp-content\/uploads\/2024\/07\/fab1x400.jpg 294w, https:\/\/chilimafia.com\/wp-content\/uploads\/2024\/07\/fab1x400-165x300.jpg 165w\" sizes=\"auto, (max-width: 294px) 100vw, 294px\" \/><\/figure><div class=\"wp-block-media-text__content\">\n<h2 class=\"wp-block-heading\">Le piquant &#8211; r\u00e9serv\u00e9 aux hommes forts ?<\/h2>\n\n\n\n<p>Tout d&rsquo;abord, il n&rsquo;existe pas de \u00ab\u00a0tol\u00e9rance au piquant\u00a0\u00bb unique pour l&rsquo;\u00eatre humain. On ne peut m\u00eame pas dire que les adultes soient plus r\u00e9sistants que les enfants : lors de festivals, nous avons pu voir sur notre stand des enfants de 6 \u00e0 10 ans &#8211; d&rsquo;Europe du Nord &#8211; savourer sans sourciller certaines de nos sauces les plus \u00e9pic\u00e9es (en pr\u00e9sence de leurs parents, bien entendu), l\u00e0 o\u00f9 d&rsquo;autres adultes auraient cherch\u00e9 ou ont cherch\u00e9 d\u00e9sesp\u00e9r\u00e9ment \u00e0 s&rsquo;enfuir \ud83d\ude42.<\/p>\n\n\n\n<p>Ces enfants ont d\u00e9couvert par hasard &#8211; ou simplement gr\u00e2ce \u00e0 leurs parents lib\u00e9raux &#8211; le go\u00fbt piquantet l&rsquo;appr\u00e9cient.  <\/p>\n\n\n\n<h2 class=\"wp-block-heading\">Manger \u00e9pic\u00e9 &#8211; une habitude du piquant!<\/h2>\n\n\n\n<p>Dans certaines r\u00e9gions du monde, aucun repas n&rsquo;est servi sans un certain assaisonnement ou piquant. C&rsquo;est donc une question d&rsquo;habitude &#8211; car : plus on mange souvent piquant, plus la tol\u00e9rance est \u00e9lev\u00e9e.<\/p>\n\n\n\n<p>Nous disons : \u00ab\u00a0Manger \u00e9pic\u00e9, c&rsquo;est comme courir un marathon\u00a0\u00bb, on peut aussi s&rsquo;entra\u00eener \u00e0 \u00ab\u00a0mangerpiquant \u00ab\u00a0. En cas de doute, il suffit de commencer par les plus douces et de \u00ab\u00a0monter\u00a0\u00bb progressivement.<\/p>\n\n\n\n<h2 class=\"wp-block-heading\">Le piquant &#8211; un exhausteur de go\u00fbt naturel &#8211; et bien plus encore !<\/h2>\n\n\n\n<p>Les parties piquantdu piment agissent en effet comme un exhausteur de go\u00fbt pour nos palais : les r\u00e9cepteurs irrit\u00e9s des muqueuses sont mieux irrigu\u00e9s, de m\u00eame que les nerfs gustatifs voisins, qui sont ainsi plus sensibles aux saveurs proprement dites : sucr\u00e9, acide, amer, sal\u00e9.  <\/p>\n\n\n\n<p>De plus, il nous rend heureux (s\u00e9cr\u00e9tion d&rsquo;endorphine). <\/p>\n\n\n\n<h2 class=\"wp-block-heading\">Comment utiliser cette sauce piment\u00e9e ?<\/h2>\n\n\n\n<p>Un sujet qui revient sans cesse et qui, croyez-le ou non, est la question la plus fr\u00e9quemment pos\u00e9e sur les salons et les march\u00e9s :  <\/p>\n\n\n\n<p class=\"has-text-align-center\"><em><strong>Comment utiliser ces \u00ab\u00a0sauces\u00a0\u00bb ?<\/strong><\/em><\/p>\n\n\n\n<p>Les personnes int\u00e9ress\u00e9es par le chili, en particulier, posent souvent la question suivante : \u00ab\u00a0les sauces sont tellement d\u00e9licieuses, mais comment utiliser les sauces chaudes\u00a0\u00bb ? ou des commentaires tels que : \u00ab\u00a0Je ne sais pas comment les utiliser\u00a0\u00bb ou encore \u00ab\u00a0Avec quels plats je mange des sauces au chili\u00a0\u00bb ? C&rsquo;est ce que nous entendons pratiquement \u00e0 chaque fois. Nous en avons conclu que nous devions donner des exemples de la mani\u00e8re dont certaines sauces pourraient \u00eatre mang\u00e9es et avec quoi.  <\/p>\n\n\n\n<p><em><strong>Les \u00e9pices fortes, surtout le piment, sont donc consid\u00e9r\u00e9es comme une sorte de drogue et ont un effet stimulant sur notre corps.<\/strong><\/em><\/p>\n<\/div><\/div>\n\n<div style=\"height:25px\" aria-hidden=\"true\" class=\"wp-block-spacer\"><\/div>\n\n<p>Car en fin de compte, il ne s&rsquo;agit pas seulement que nos clients veuillent cuisiner quelque chose de sp\u00e9cial avec la sauce, mais il s&rsquo;agit de l&rsquo;utilisation r\u00e9elle des sauces au chili au quotidien.<\/p>\n\n<p>Les fans de plats piquantaiment bien s\u00fbr aussi cuisiner avec des piments frais et\/ou en cultiver eux-m\u00eames. Mais cuisiner avec des piments frais est une chose, car comme les amateurs de jardinage &amp; de piments parmi vous l&rsquo;ont certainement d\u00e9j\u00e0 remarqu\u00e9, tous les piments d&rsquo;une m\u00eame plante ne sont pas aussi piquant. C&rsquo;est pourquoi il est plus s\u00fbr d&rsquo;assaisonner son plat pr\u00e9f\u00e9r\u00e9 avec une sauce au piment plut\u00f4t que d&rsquo;utiliser des piments frais.<\/p>\n\n<p>Certaines sauces peuvent \u00eatre utilis\u00e9es directement pour la cuisson, mais il est souvent pr\u00e9f\u00e9rable de rectifier l&rsquo;assaisonnement des plats de mani\u00e8re ponctuelle. L&rsquo;avantage est que l&rsquo;on peut r\u00e9gler le piquant individuellement et que le plat ne devient pas trop piquant ou immangeable si l&rsquo;on s&rsquo;est tromp\u00e9 dans le dosage.  <\/p>\n\n<p>En Europe du Nord, on entend par \u00ab\u00a0manger avec de la sauce\u00a0\u00bb le fait d&rsquo;ajouter le plus de sauce possible au plat, de sorte qu&rsquo;elle devienne presque l&rsquo;\u00e9l\u00e9ment principal du plat et ajoute sa note gustative \u00e0 l&rsquo;ensemble du plat. Comment fonctionnent les sauces au piment ?<\/p>\n\n<div style=\"height:34px\" aria-hidden=\"true\" class=\"wp-block-spacer\"><\/div>\n\n<h2 class=\"wp-block-heading\">La technique du goutte-\u00e0-goutte<\/h2>\n\n<p>Les cultures qui mangent beaucoup et de mani\u00e8re \u00e9pic\u00e9e abordent la question de la sauce de mani\u00e8re un peu diff\u00e9rente. Ils sont utilis\u00e9s pour rectifier ponctuellement l&rsquo;assaisonnement du plat. La sauce ne fait pas partie du plat, mais est utilis\u00e9e, une fois le plat servi, pour donner un assaisonnement individuel au repas, les uns en prennent plus, les autres moins. Ainsi, chacun mange aussi piquant qu&rsquo;il le souhaite.<\/p>\n\n<p>Il s&rsquo;agit d'\u00a0\u00bbam\u00e9liorer\u00a0\u00bb goutte \u00e0 goutte un coin bien pr\u00e9cis du plat, gr\u00e2ce au go\u00fbt propre de la sauce et avec le piquant qui lui est propre (selon la pratique et le talent). Il doit \u00eatre court et vari\u00e9, et rester en dessous de votre limite personnelle de piquant &#8211; sinon, tout aura le m\u00eame go\u00fbt.<\/p>\n\n<p>Nous n&rsquo;avons pas encore trouv\u00e9 de nom appropri\u00e9. Nous devons continuer \u00e0 travailler avec le mot \u00ab\u00a0sauce\u00a0\u00bb. Avec la mention \u00ab\u00a0technique du goutte \u00e0 goutte\u00a0\u00bb &#8230;. qui d\u00e9finit bri\u00e8vement ce que nous voulons dire. On valorise les goutes! <\/p>\n\n<p>Avec la technique du goutte-\u00e0-goutte, c&rsquo;est garanti, ce ne sera JAMAIS TROP \u00c9PIC\u00c9 . N&rsquo;oubliez-pas! &#8211; Les piments, comme d&rsquo;autres produits naturels, ne sont jamais identiques. Le degr\u00e9 de piquant des gousses fra\u00eeches varie parfois en fonction de la saison et du mois. Comme nous n&rsquo;utilisons pas d&rsquo;additifs artificiels, il se peut que le Degre\u0301 de piquant de nos sauces au chili varie parfois l\u00e9g\u00e8rement.  <\/p>\n\n<p>Plus sur notre article : <a href=\"https:\/\/chilimafia.com\/wie-benutzt-man-hot-sauces-tropftechnik\" data-type=\"page\" data-id=\"2621\" target=\"_blank\" rel=\"noreferrer noopener\">La technique du goutte-\u00e0-goutte Chili Mafia<\/a><\/p>\n\n<p><\/p>\n","protected":false},"excerpt":{"rendered":"<p>Au cours de nos participations aux march\u00e9s et aux foires ces derni\u00e8res ann\u00e9es &#8211; des minuscules march\u00e9s de rue aux&hellip;<\/p>\n","protected":false},"author":1,"featured_media":0,"parent":0,"menu_order":0,"comment_status":"closed","ping_status":"closed","template":"","meta":{"footnotes":""},"class_list":["post-27070","page","type-page","status-publish","hentry"],"_links":{"self":[{"href":"https:\/\/chilimafia.com\/fr\/wp-json\/wp\/v2\/pages\/27070","targetHints":{"allow":["GET"]}}],"collection":[{"href":"https:\/\/chilimafia.com\/fr\/wp-json\/wp\/v2\/pages"}],"about":[{"href":"https:\/\/chilimafia.com\/fr\/wp-json\/wp\/v2\/types\/page"}],"author":[{"embeddable":true,"href":"https:\/\/chilimafia.com\/fr\/wp-json\/wp\/v2\/users\/1"}],"replies":[{"embeddable":true,"href":"https:\/\/chilimafia.com\/fr\/wp-json\/wp\/v2\/comments?post=27070"}],"version-history":[{"count":4,"href":"https:\/\/chilimafia.com\/fr\/wp-json\/wp\/v2\/pages\/27070\/revisions"}],"predecessor-version":[{"id":27167,"href":"https:\/\/chilimafia.com\/fr\/wp-json\/wp\/v2\/pages\/27070\/revisions\/27167"}],"wp:attachment":[{"href":"https:\/\/chilimafia.com\/fr\/wp-json\/wp\/v2\/media?parent=27070"}],"curies":[{"name":"wp","href":"https:\/\/api.w.org\/{rel}","templated":true}]}}