{"id":27072,"date":"2023-06-01T14:15:19","date_gmt":"2023-06-01T14:15:19","guid":{"rendered":"https:\/\/chilimafia.com\/chili-mafia-coffrets-cadeaux-les-avantages-imbattables"},"modified":"2024-07-22T15:07:34","modified_gmt":"2024-07-22T15:07:34","slug":"chili-mafia-coffrets-cadeaux-les-avantages-imbattables","status":"publish","type":"page","link":"https:\/\/chilimafia.com\/fr\/magazine-chili-mafia\/chili-mafia-coffrets-cadeaux-les-avantages-imbattables","title":{"rendered":"Chili Mafia &#8211; Coffrets cadeaux : Les avantages imbattables"},"content":{"rendered":"\n<p>Qui n&rsquo;aime pas recevoir un cadeau qui correspond parfaitement \u00e0 ses go\u00fbts ? Et qu&rsquo;est-ce qu&rsquo;un amateur de sauce piment\u00e9e aime plus qu&rsquo;un coffret cadeau de piments. Mais pas n&rsquo;importe quel coffret cadeau, un coffret que nous avons soigneusement compos\u00e9. Nous sommes la Chili Mafia, nous-m\u00eames producteurs &#8211; avec des masques \u00e0 gaz, etc. &#8211; et depuis longtemps, nous vivons la vie du piment.  <\/p>\n\n<p>L&rsquo;art de la s\u00e9lection : La composition d&rsquo;un coffret cadeau de piments exige une certaine expertise, de l&rsquo;exp\u00e9rience, mais aussi un peu de fanatisme. Nous sommes des passionn\u00e9s de piment, nous avons des centaines de sauces au piment et de recettes. Notre bureau est une collection de \u00ab\u00a0sauces au chili\u00a0\u00bb qui bat des records. Chaque produit de nos coffrets cadeaux Chili Mafia est le fruit d&rsquo;une r\u00e9flexion approfondie et de tests gustatifs pouss\u00e9s. Tu peux donc \u00eatre s\u00fbr que tu ne recevras que les meilleurs produits.<\/p>\n\n<p>Un monde de diversit\u00e9 : un coffret cadeau de piments que nous avons compos\u00e9 ouvre la porte \u00e0 un monde de diversit\u00e9 de saveurs. Nous sommes conscients que tout le monde ne pr\u00e9f\u00e8re pas le m\u00eame piquant ou le m\u00eame go\u00fbt. C&rsquo;est pourquoi nous veillons \u00e0 ce que notre coffret cadeau contienne une large s\u00e9lection de diff\u00e9rentes sauces au piment et d&rsquo;\u00e9pices. Des vari\u00e9t\u00e9s douces et fruit\u00e9es aux variations \u00e9pic\u00e9es et intenses, nous en avons pour tous les go\u00fbts.<\/p>\n\n<p>D\u00e9couvre de nouvelles exp\u00e9riences gustatives : L&rsquo;une des choses les plus excitantes dans un coffret cadeau de piments que nous avons compos\u00e9 est la possibilit\u00e9 de d\u00e9couvrir de nouvelles exp\u00e9riences gustatives. Tu n&rsquo;as peut-\u00eatre jamais entendu parler de certains des produits inclus ou tu n&rsquo;as peut-\u00eatre pas encore os\u00e9 les essayer. Notre coffret cadeau te donne la chance d&rsquo;\u00e9largir tes horizons et d&rsquo;explorer de nouvelles combinaisons de saveurs. Qui sait, tu trouveras peut-\u00eatre ta nouvelle sauce ou \u00e9pice pr\u00e9f\u00e9r\u00e9e.<\/p>\n\n<p>Parfait pour les exp\u00e9rimentateurs : pour ceux qui aiment exp\u00e9rimenter en cuisine et cr\u00e9er de nouveaux plats, un coffret cadeau de piments est comme un coffre au tr\u00e9sor plein de possibilit\u00e9s. Avec une multitude de sauces et d&rsquo;\u00e9pices, tu peux laisser libre cours \u00e0 ta cr\u00e9ativit\u00e9 et apporter de nouvelles saveurs \u00e0 tes plats. Que tu sois un fanatique du piment ou que tu aimes simplement ajouter un peu de piquant, notre set cadeau t&rsquo;inspirera et enrichira tes aventures culinaires.<\/p>\n\n<p>Le cadeau parfait pour les amateurs de piment : un coffret cadeau de piment compos\u00e9 par nos soins est \u00e9galement le cadeau parfait pour tout amateur de piment dans ta vie. Qu&rsquo;il s&rsquo;agisse d&rsquo;un anniversaire, d&rsquo;un jubil\u00e9 ou d&rsquo;une occasion particuli\u00e8re, ce coffret cadeau suscitera \u00e0 coup s\u00fbr l&rsquo;enthousiasme. Cela montre que tu connais vraiment la passion et les pr\u00e9f\u00e9rences de la personne et que tu les appr\u00e9cies. Et le meilleur, c&rsquo;est que tu peux \u00eatre s\u00fbr que le coffret cadeau est de la plus haute qualit\u00e9 et de l&rsquo;excellence gustative.<\/p>\n\n<p>Conclusion : un coffret cadeau de piments que nous avons compos\u00e9 offre un choix imbattable de produits de qualit\u00e9 et ouvre la porte \u00e0 un monde de saveurs vari\u00e9es. Il est parfait pour les cuisiniers qui aiment exp\u00e9rimenter et constitue un cadeau id\u00e9al pour les amateurs de piments. Alors, pourquoi se contenter d&rsquo;un cadeau ordinaire quand tu peux offrir une exp\u00e9rience unique et de bon go\u00fbt ? Opte pour un set cadeau de piments que nous avons compos\u00e9 et fais entrer la saveur ardente dans la vie de ceux que tu aimes.<\/p>\n","protected":false},"excerpt":{"rendered":"<p>Qui n&rsquo;aime pas recevoir un cadeau qui correspond parfaitement \u00e0 ses go\u00fbts ? Et qu&rsquo;est-ce qu&rsquo;un amateur de sauce piment\u00e9e&hellip;<\/p>\n","protected":false},"author":1,"featured_media":0,"parent":27100,"menu_order":0,"comment_status":"closed","ping_status":"closed","template":"","meta":{"footnotes":""},"class_list":["post-27072","page","type-page","status-publish","hentry"],"_links":{"self":[{"href":"https:\/\/chilimafia.com\/fr\/wp-json\/wp\/v2\/pages\/27072","targetHints":{"allow":["GET"]}}],"collection":[{"href":"https:\/\/chilimafia.com\/fr\/wp-json\/wp\/v2\/pages"}],"about":[{"href":"https:\/\/chilimafia.com\/fr\/wp-json\/wp\/v2\/types\/page"}],"author":[{"embeddable":true,"href":"https:\/\/chilimafia.com\/fr\/wp-json\/wp\/v2\/users\/1"}],"replies":[{"embeddable":true,"href":"https:\/\/chilimafia.com\/fr\/wp-json\/wp\/v2\/comments?post=27072"}],"version-history":[{"count":1,"href":"https:\/\/chilimafia.com\/fr\/wp-json\/wp\/v2\/pages\/27072\/revisions"}],"predecessor-version":[{"id":27073,"href":"https:\/\/chilimafia.com\/fr\/wp-json\/wp\/v2\/pages\/27072\/revisions\/27073"}],"up":[{"embeddable":true,"href":"https:\/\/chilimafia.com\/fr\/wp-json\/wp\/v2\/pages\/27100"}],"wp:attachment":[{"href":"https:\/\/chilimafia.com\/fr\/wp-json\/wp\/v2\/media?parent=27072"}],"curies":[{"name":"wp","href":"https:\/\/api.w.org\/{rel}","templated":true}]}}