{"id":27093,"date":"2020-03-19T19:34:33","date_gmt":"2020-03-19T19:34:33","guid":{"rendered":"https:\/\/chilimafia.com\/a-propos-de-nous"},"modified":"2024-07-29T09:58:16","modified_gmt":"2024-07-29T09:58:16","slug":"a-propos-de-nous","status":"publish","type":"page","link":"https:\/\/chilimafia.com\/fr\/a-propos-de-nous","title":{"rendered":"A propos de nous"},"content":{"rendered":"\n<div style=\"height:21px\" aria-hidden=\"true\" class=\"wp-block-spacer\"><\/div>\n\n<h2 class=\"wp-block-heading has-text-align-left\">Chilimafia &#8211; la plate-forme pour les produits \u00e0 base de piment de qualit\u00e9 sup\u00e9rieure de toute l&rsquo;Europe<\/h2>\n\n<p>Nous sommes la <strong>Chili Mafia<\/strong> GmbH, une petite \u00e9quipe qui <strong>aime les piments et les sauces piquantes.<\/strong> En plus de notre <a href=\"https:\/\/chili-saucen.com\/\">boutique en ligne de sauces piment\u00e9es<\/a>, nous g\u00e9rons \u00e9galement notre propre entreprise de fabrication de sauces piment\u00e9es (anciennement <strong>Pika Pika Chili Compositions, maintenant Chili Mafia Hot Sauces)<\/strong> et nous envoyons \u00e9galement nos bo\u00eetes de sauces piment\u00e9es Chilimafia.\nNous testons et \u00e9valuons toutes nos sauces avant de les ajouter \u00e0 notre boutique en ligne.\nSeuls les meilleurs produits sont mis en vente dans notre boutique et dans nos bo\u00eetes, ce qui nous permet de garantir \u00e0 nos clients la satisfaction et la qualit\u00e9 de nos produits.  <\/p>\n\n<p><\/p>\n\n<p>En plus de notre boutique Chili Mafia, nous g\u00e9rons d&rsquo;autres boutiques :<\/p>\n\n<ul class=\"wp-block-list\">\n<li>Nos sauces sont commercialis\u00e9es sous notre propre marque Chilimafia Hot Sauces (anciennement : \u00ab\u00a0<strong>Pika Pika Chili Compositions\u00a0\u00bb<\/strong> ) dans un nouveau design, et sont bien s\u00fbr disponibles dans notre boutique en ligne, ainsi que chez des distributeurs sp\u00e9cialis\u00e9s.<\/li>\n\n\n\n<li><a href=\"https:\/\/chili-plants.com\/\" target=\"_blank\" rel=\"noreferrer noopener\">Chili-Plants.com<\/a> &#8211; o\u00f9 nous vendons des graines de piment de vari\u00e9t\u00e9s particuli\u00e8res. Vous trouverez \u00e9galement de nombreuses informations sur la culture, les soins, la pr\u00e9paration et le traitement des piments.  <\/li>\n\n\n\n<li>Notre site web consacr\u00e9 aux challenges chili sera bient\u00f4t en ligne.<\/li>\n<\/ul>\n\n<div style=\"height:24px\" aria-hidden=\"true\" class=\"wp-block-spacer\"><\/div>\n<div class=\"wp-block-image\">\n<figure class=\"aligncenter size-large\"><img loading=\"lazy\" decoding=\"async\" width=\"1024\" height=\"302\" src=\"https:\/\/chilimafia.com\/wp-content\/uploads\/2024\/07\/bannerfabianx5sinner-1024x302.jpg\" alt=\"le chili fait sens - chili mafia\" class=\"wp-image-27051\" srcset=\"https:\/\/chilimafia.com\/wp-content\/uploads\/2024\/07\/bannerfabianx5sinner-1024x302.jpg 1024w, https:\/\/chilimafia.com\/wp-content\/uploads\/2024\/07\/bannerfabianx5sinner-300x88.jpg 300w, https:\/\/chilimafia.com\/wp-content\/uploads\/2024\/07\/bannerfabianx5sinner-768x226.jpg 768w, https:\/\/chilimafia.com\/wp-content\/uploads\/2024\/07\/bannerfabianx5sinner.jpg 1499w\" sizes=\"auto, (max-width: 1024px) 100vw, 1024px\" \/><figcaption class=\"wp-element-caption\">Fabian &#8211; Fondateur de Chili Mafia <strong> Suivez-le aujourd&rsquo;hui sur <a href=\"https:\/\/www.tiktok.com\/@chilimafia?lang=de-DE\" target=\"_blank\" rel=\"noreferrer noopener\">TikTok<\/a> &#8211; <a href=\"https:\/\/www.instagram.com\/chilimafiacom\/\" target=\"_blank\" rel=\"noreferrer noopener\">Instagram<\/a> ou <a href=\"https:\/\/www.youtube.com\/@chilimafia\" target=\"_blank\" rel=\"noreferrer noopener\">Youtube<\/a>.<\/strong><\/figcaption><\/figure>\n<\/div>\n<h2 class=\"wp-block-heading\">Notre assortiment de sauces piment\u00e9es<\/h2>\n\n<p>Toutes les sauces de la boutique et des bo\u00eetes ont \u00e9t\u00e9 go\u00fbt\u00e9es et jug\u00e9es bonnes \u00e0 excellentes. Seules les sauces que nous utilisons et appr\u00e9cions nous-m\u00eames se retrouvent dans les bo\u00eetes. <\/p>\n\n<p>Votre degr\u00e9 de piquant personnel se trouve certainement dans l&rsquo;une de nos bo\u00eetes &#8211; pour en savoir plus, consulzet \u00e9galement nos &lt;a href=\u00a0\u00bbhttps:\/\/chilimafia.com\/fr\/la-mafia-du-piquant\/nos-degres-de-piquant\/\u00a0\u00bb target=\u00a0\u00bb_blank\u00a0\u00bb&gt;degr\u00e9s de piquant &lt;\/a&gt; Essayez-le, nous vous aiderons volontiers \u00e0 faire votre choix.<\/p>\n\n<div style=\"height:80px\" aria-hidden=\"true\" class=\"wp-block-spacer\"><\/div>\n\n<h2 class=\"wp-block-heading has-text-align-center\">Comment tout a commenc\u00e9<\/h2>\n\n<p>C&rsquo;est sur un march\u00e9 hebdomadaire en \u00e9t\u00e9 2011 que tout a commenc\u00e9.\nFabian Rueda, fondateur de l&rsquo;actuelle Chilimafia, s&rsquo;est rendu avec son ami Diego sur un march\u00e9 hebdomadaire de Berlin et a vendu des sauces piquantes faites maison.\nLes sauces se sont bien vendues, et plusieurs march\u00e9s hebdomadaires et de No\u00ebl plus tard, il \u00e9tait clair que le projet devait \u00eatre g\u00e9r\u00e9 de mani\u00e8re professionnelle.  <\/p>\n\n<p>Avant m\u00eame cela, Fabian r\u00eavait d&rsquo;un projet qui porterait sur le piquant et les produits piquant. Le r\u00eave est devenu r\u00e9alit\u00e9 : gr\u00e2ce aux connaissances professionnelles de Diego en tant que cuisinier et \u00e0 l&rsquo;exp\u00e9rience de Fabian en mati\u00e8re de marketing en ligne, le projet a rapidement pris de l&rsquo;ampleur et la gamme de sauces s&rsquo;est \u00e9largie.\nUne chose \u00e9tait importante : utiliser uniquement des ingr\u00e9dients frais, et surtout ne pas utiliser d&rsquo;exhausteurs de go\u00fbt ou d&rsquo;extraits artificiels dans les sauces.  C&rsquo;est toujours le cas aujourd&rsquo;hui : les r\u00e9coltes saisonni\u00e8res provenant de productions de pr\u00e9f\u00e9rence r\u00e9gionales sont utilis\u00e9es dans les sauces, la couleur et le piquant des piments et des ingr\u00e9dients secondaires donnant au produit final sa couleur et son identit\u00e9.  <\/p>\n\n<p>Les sauces sont donc disponibles dans une grande vari\u00e9t\u00e9 de couleurs et de degr\u00e9s de piquant : De l\u00e9g\u00e8rement piquant \u00e0 \u00ab\u00a0criminellement\u00a0\u00bb piquant, tout y est, et les piments sont finement assortis \u00e0 des ingr\u00e9dients parfois exotiques comme la mangue ou les baies des bois.<\/p>\n\n<div class=\"wp-block-media-text alignwide is-stacked-on-mobile\"><figure class=\"wp-block-media-text__media\"><img loading=\"lazy\" decoding=\"async\" width=\"1024\" height=\"415\" src=\"https:\/\/chilimafia.com\/wp-content\/uploads\/2024\/07\/newdesignout-1024x415.jpg\" alt=\"pika pika sauces chili chili mafia\" class=\"wp-image-26929 size-full\" srcset=\"https:\/\/chilimafia.com\/wp-content\/uploads\/2024\/07\/newdesignout-1024x415.jpg 1024w, https:\/\/chilimafia.com\/wp-content\/uploads\/2024\/07\/newdesignout-300x121.jpg 300w, https:\/\/chilimafia.com\/wp-content\/uploads\/2024\/07\/newdesignout-768x311.jpg 768w, https:\/\/chilimafia.com\/wp-content\/uploads\/2024\/07\/newdesignout-1536x622.jpg 1536w, https:\/\/chilimafia.com\/wp-content\/uploads\/2024\/07\/newdesignout.jpg 1640w\" sizes=\"auto, (max-width: 1024px) 100vw, 1024px\" \/><\/figure><div class=\"wp-block-media-text__content\">\n<h4 class=\"wp-block-heading\">Les \u00e9tapes suivantes ont \u00e9largi l&rsquo;horizon<\/h4>\n\n\n\n<p>La qualit\u00e9 sup\u00e9rieure des<strong>compositions de piments Pika Pika<\/strong> et des sauces exclusivement faites \u00e0 la main a tenu ses promesses et le nombre de fans a augment\u00e9.\nLes sauces ont \u00e9t\u00e9 vendues dans toute l&rsquo;Europe \u00e0 des \u00e9piceries fines exclusives ainsi qu&rsquo;\u00e0 des clients finaux, la distribution s&rsquo;est \u00e9tendue et les produits ont \u00e9t\u00e9 pr\u00e9sent\u00e9s lors de festivals du chili et de salons et march\u00e9s professionnels exclusifs.\nLe succ\u00e8s a donn\u00e9 raison aux fondateurs : pendant trois ann\u00e9es cons\u00e9cutives, plusieurs sauces de la gamme ont \u00e9t\u00e9 r\u00e9compens\u00e9es lors de divers festivals nationaux et internationaux de chili.    <\/p>\n\n\n\n<p>Les ventes aux consommateurs ont d\u00e9but\u00e9 en ligne, les clients achetant les produits sur Amazon et via la boutique en ligne de l&rsquo;entreprise \u00e0 partir de 2016.\nLe succ\u00e8s international des sauces se traduit notamment par le fait que plusieurs produits sont vendus en tant que best-sellers sur les pages r\u00e9gionales d&rsquo;Amazon.   <\/p>\n\n\n\n<p>Apr\u00e8s avoir d\u00e9m\u00e9nag\u00e9 de Berlin \u00e0 Tr\u00e8ves en 2015, la capacit\u00e9 de production s&rsquo;est accrue.\nUn restaurant d\u00e9saffect\u00e9 et une cuisine professionnelle enti\u00e8rement \u00e9quip\u00e9e sont devenus le quartier g\u00e9n\u00e9ral de l&rsquo;actuelle Chilimafia.\nL&rsquo;espace de stockage \u00e9tant suffisant, la production de sauces n&rsquo;a cess\u00e9 d&rsquo;augmenter.    <\/p>\n<\/div><\/div>\n\n<h4 class=\"wp-block-heading\">La success story continue&#8230;<\/h4>\n\n<p>Pour des raisons de sant\u00e9, Diego s&rsquo;est retir\u00e9 du projet en 2019, ce qui a donn\u00e9 le coup d&rsquo;envoi d\u00e9finitif \u00e0 ce qui est aujourd&rsquo;hui la Chilimafia : la vente ne devait pas se concentrer uniquement sur les sauces maison, mais la \u00ab\u00a0mafia\u00a0\u00bb devait devenir un grand groupe de r\u00e9flexion sur les produits piquants cr\u00e9atifs.\nC&rsquo;est ainsi que d&rsquo;autres produits de petites manufactures sont venus s&rsquo;ajouter aux sauces maison et que la boutique en ligne s&rsquo;est \u00e9largie \u00e0 d&rsquo;autres produits piquants.\nAujourd&rsquo;hui, les clients disposent d&rsquo;un large choix de produits provenant exclusivement de petites manufactures g\u00e9r\u00e9es par leurs propri\u00e9taires.\nMais ils ont tous un point commun : les produits sont exclusivement compos\u00e9s d&rsquo;ingr\u00e9dients de qualit\u00e9 et sont fabriqu\u00e9s \u00e0 la main.   <\/p>\n\n<h4 class=\"wp-block-heading\">L&rsquo;avenir a l&rsquo;air ssssscharp !<\/h4>\n\n<p>Les id\u00e9es ne manquent pas et d&rsquo;autres projets passionnants sont d\u00e9j\u00e0 dans les tuyaux. La Chilimafia continuera \u00e0 commercialiser des produits piquants cr\u00e9atifs dans toute l&rsquo;Europe et reste ouverte \u00e0 la nouveaut\u00e9 ! La boutique en ligne se d\u00e9veloppe \u00e9galement et les demandes de coop\u00e9ration sont \u00e0 l&rsquo;ordre du jour !<\/p>\n\n<p>Chilimafia s&rsquo;est fix\u00e9 pour objectif de devenir LE point de contact pour les fabricants internationaux de produits piquants, afin de leur offrir une plate-forme pour leurs produits, qui pourront ainsi \u00eatre commercialis\u00e9s \u00e0 l&rsquo;\u00e9chelle internationale. Un autre objectif est de g\u00e9n\u00e9rer et de mettre en \u0153uvre des id\u00e9es en collaboration avec les manufactures.  <\/p>\n<div class=\"wp-block-image\">\n<figure class=\"aligncenter size-large is-resized\"><img loading=\"lazy\" decoding=\"async\" width=\"768\" height=\"1024\" src=\"https:\/\/chilimafia.com\/wp-content\/uploads\/2024\/07\/sorpresa-768x1024.jpg\" alt=\"\" class=\"wp-image-26862\" style=\"width:266px;height:auto\" srcset=\"https:\/\/chilimafia.com\/wp-content\/uploads\/2024\/07\/sorpresa-768x1024.jpg 768w, https:\/\/chilimafia.com\/wp-content\/uploads\/2024\/07\/sorpresa-225x300.jpg 225w, https:\/\/chilimafia.com\/wp-content\/uploads\/2024\/07\/sorpresa-1152x1536.jpg 1152w, https:\/\/chilimafia.com\/wp-content\/uploads\/2024\/07\/sorpresa.jpg 1200w\" sizes=\"auto, (max-width: 768px) 100vw, 768px\" \/><\/figure>\n<\/div>\n<figure class=\"wp-block-pullquote\"><blockquote><p><em>\u00ab\u00a0Dans le domaine de la nourriture et des produits piquants, l&rsquo;Allemagne et m\u00eame l&rsquo;Europe occidentale n&rsquo;en sont qu&rsquo;\u00e0 leurs balbutiements\u00a0\u00bb.<\/em><\/p><cite>Fabian RUEDA Camargo, fondateur de chilimafia<\/cite><\/blockquote><\/figure>\n","protected":false},"excerpt":{"rendered":"<p>Chilimafia &#8211; la plate-forme pour les produits \u00e0 base de piment de qualit\u00e9 sup\u00e9rieure de toute l&rsquo;Europe Nous sommes la&hellip;<\/p>\n","protected":false},"author":1,"featured_media":0,"parent":0,"menu_order":0,"comment_status":"closed","ping_status":"closed","template":"","meta":{"footnotes":""},"class_list":["post-27093","page","type-page","status-publish","hentry"],"_links":{"self":[{"href":"https:\/\/chilimafia.com\/fr\/wp-json\/wp\/v2\/pages\/27093","targetHints":{"allow":["GET"]}}],"collection":[{"href":"https:\/\/chilimafia.com\/fr\/wp-json\/wp\/v2\/pages"}],"about":[{"href":"https:\/\/chilimafia.com\/fr\/wp-json\/wp\/v2\/types\/page"}],"author":[{"embeddable":true,"href":"https:\/\/chilimafia.com\/fr\/wp-json\/wp\/v2\/users\/1"}],"replies":[{"embeddable":true,"href":"https:\/\/chilimafia.com\/fr\/wp-json\/wp\/v2\/comments?post=27093"}],"version-history":[{"count":2,"href":"https:\/\/chilimafia.com\/fr\/wp-json\/wp\/v2\/pages\/27093\/revisions"}],"predecessor-version":[{"id":27399,"href":"https:\/\/chilimafia.com\/fr\/wp-json\/wp\/v2\/pages\/27093\/revisions\/27399"}],"wp:attachment":[{"href":"https:\/\/chilimafia.com\/fr\/wp-json\/wp\/v2\/media?parent=27093"}],"curies":[{"name":"wp","href":"https:\/\/api.w.org\/{rel}","templated":true}]}}