{"id":27112,"date":"2020-02-10T08:54:48","date_gmt":"2020-02-10T08:54:48","guid":{"rendered":"https:\/\/chilimafia.com\/boutique-des-sauces-pimentees-et-des-boites-de-sauce-piquante"},"modified":"2024-07-23T05:58:29","modified_gmt":"2024-07-23T05:58:29","slug":"boutique-des-sauces-pimentees-et-des-boites-de-sauce-piquante","status":"publish","type":"page","link":"https:\/\/chilimafia.com\/fr\/boutique-des-sauces-pimentees-et-des-boites-de-sauce-piquante","title":{"rendered":"Sauces piquantes"},"content":{"rendered":"\n<div class=\"wp-block-media-text has-media-on-the-right is-stacked-on-mobile\" style=\"grid-template-columns:auto 32%\"><div class=\"wp-block-media-text__content\">\n<p>Chez <strong>Chili Mafia Hot Sauces<\/strong>, tout tourne autour de la passion pour les piments et les sauces piquantes.\nNotre manufacture de sauces piment\u00e9es produit des sauces chaudes uniques, faites \u00e0 la main, sans extraits ni produits chimiques, le degr\u00e9 de piquant \u00e9tant d\u00e9termin\u00e9 par la vari\u00e9t\u00e9 de piment choisie.\nChacune de nos sauces a un go\u00fbt et un caract\u00e8re uniques.    <\/p>\n\n\n\n<p><strong>Nous ne vendons pas de sauce sur ce site, mais par le biais de nos autres boutiques en ligne, o\u00f9 nous proposons une grande vari\u00e9t\u00e9 de sauces.<\/strong><\/p>\n\n\n\n<ul class=\"wp-block-list\">\n<li><a href=\"https:\/\/Pikantista.com\">Pikantista.com<\/a><\/li>\n\n\n\n<li><a href=\"https:\/\/chili-saucen.com\" target=\"_blank\" rel=\"noreferrer noopener\">Chili-Saucen.com<\/a><\/li>\n<\/ul>\n\n\n\n<p>D\u00e9couvrez nos bo\u00eetes et abonnements sp\u00e9ciaux pour les sauces piquantes afin de d\u00e9couvrir r\u00e9guli\u00e8rement de nouvelles saveurs.\nRejoignez la <strong>Chili Mafia<\/strong> et profitez du monde des sauces piquantes ! <\/p>\n<\/div><figure class=\"wp-block-media-text__media\"><a href=\"https:\/\/chili-saucen.com\/shop\/__chili-geschenkpaket\" target=\"_blank\" rel=\"noopener\"><img loading=\"lazy\" decoding=\"async\" width=\"1024\" height=\"686\" src=\"https:\/\/chilimafia.com\/wp-content\/uploads\/2024\/07\/alle-saucen-chili-mafia-1024x686.jpg\" alt=\"alle saucen chili mafia hot sauces\" class=\"wp-image-26869 size-full\" srcset=\"https:\/\/chilimafia.com\/wp-content\/uploads\/2024\/07\/alle-saucen-chili-mafia-1024x686.jpg 1024w, https:\/\/chilimafia.com\/wp-content\/uploads\/2024\/07\/alle-saucen-chili-mafia-300x201.jpg 300w, https:\/\/chilimafia.com\/wp-content\/uploads\/2024\/07\/alle-saucen-chili-mafia-768x514.jpg 768w, https:\/\/chilimafia.com\/wp-content\/uploads\/2024\/07\/alle-saucen-chili-mafia.jpg 1280w\" sizes=\"auto, (max-width: 1024px) 100vw, 1024px\" \/><\/a><\/figure><\/div>\n\n<div class=\"wp-block-media-text has-media-on-the-right is-stacked-on-mobile\" style=\"grid-template-columns:auto 32%\"><div class=\"wp-block-media-text__content\">\n<p>Cette <strong>sauce piment\u00e9e Hot Carolina<\/strong> est compos\u00e9e \u00e0 25 % du piment le plus piquant au monde, le Carolina Reaper.\nDepuis 2018, ce piment originaire de l&rsquo;\u00c9tat de Caroline du Sud figure dans le Guiness Book avec un score r\u00e9cent de 1,6 million de Scoville.\nD\u00e9couvrez un go\u00fbt et un piquant authentiques avec cette sauce Carolina Reaper.    <\/p>\n\n\n\n<ul class=\"wp-block-list\">\n<li><a href=\"https:\/\/chili-saucen.com\/shop\/chili-saucen\/hot-carolina-100ml\" target=\"_blank\" rel=\"noreferrer noopener\">Acheter ici sur Chili-Saucen.com<\/a>    <\/li>\n\n\n\n<li><a href=\"https:\/\/amzn.to\/3zOV7EK\" target=\"_blank\" rel=\"noreferrer noopener nofollow\">Amazon<\/a><\/li>\n\n\n\n<li>ou <a href=\"https:\/\/www.kaufland.de\/product\/383489608\/\" target=\"_blank\" rel=\"noreferrer noopener nofollow\">Kaufland<\/a><\/li>\n\n\n\n<li><strong>Avec 20 % de piments de Carolina Reaper<\/strong><\/li>\n\n\n\n<li>Environ 90.000 Scoville<\/li>\n\n\n\n<li>Un go\u00fbt fantastique malgr\u00e9 un piquant \u00e9lev\u00e9<\/li>\n\n\n\n<li>Qualit\u00e9 sup\u00e9rieure de la manufacture<\/li>\n<\/ul>\n<\/div><figure class=\"wp-block-media-text__media\"><a href=\"https:\/\/chili-saucen.com\/shop\/chili-saucen\/hot-carolina-100ml\" target=\"_blank\" rel=\"noopener\"><img loading=\"lazy\" decoding=\"async\" width=\"380\" height=\"380\" src=\"https:\/\/chilimafia.com\/wp-content\/uploads\/2024\/07\/carolina_shop.jpg\" alt=\"hot carolina chili saucen\" class=\"wp-image-26939 size-full\" srcset=\"https:\/\/chilimafia.com\/wp-content\/uploads\/2024\/07\/carolina_shop.jpg 380w, https:\/\/chilimafia.com\/wp-content\/uploads\/2024\/07\/carolina_shop-300x300.jpg 300w, https:\/\/chilimafia.com\/wp-content\/uploads\/2024\/07\/carolina_shop-150x150.jpg 150w\" sizes=\"auto, (max-width: 380px) 100vw, 380px\" \/><\/a><\/figure><\/div>\n\n<div class=\"wp-block-media-text has-media-on-the-right is-stacked-on-mobile\" style=\"grid-template-columns:auto 32%\"><div class=\"wp-block-media-text__content\">\n<p>La <strong>sauce piquant Killer Scorpion<\/strong> est compos\u00e9e \u00e0 20 % de piments Trinidad Scorpion Chocolate. Cette vari\u00e9t\u00e9 de piment est tr\u00e8s piquant, avec jusqu&rsquo;\u00e0 1,2 million de Scoville, et poss\u00e8de en m\u00eame temps un ar\u00f4me fum\u00e9 et fruit\u00e9. En combinaison avec de la pulpe de tomate et de paprika, une sauce piment\u00e9e tr\u00e8s piquante et d\u00e9licieuse. Id\u00e9al comme sauce pour les grillades ou pour \u00e9picer les rago\u00fbts comme le chili con carne. <\/p>\n\n\n\n<ul class=\"wp-block-list\">\n<li><a href=\"https:\/\/chili-saucen.com\/shop\/chili-saucen\/killer-scorpion-100ml\" target=\"_blank\" rel=\"noreferrer noopener\">Acheter ici sur Chili-Saucen.com<\/a><\/li>\n\n\n\n<li><a href=\"https:\/\/amzn.to\/3zS7FuZ\" target=\"_blank\" rel=\"noreferrer noopener nofollow\">Amazon<\/a><\/li>\n\n\n\n<li>ou <a href=\"https:\/\/www.kaufland.de\/product\/383489616\">Kaufland<\/a><\/li>\n<\/ul>\n<\/div><figure class=\"wp-block-media-text__media\"><a href=\"https:\/\/chili-saucen.com\/shop\/chili-saucen\/killer-scorpion-100ml\" target=\"_blank\" rel=\"noopener\"><img loading=\"lazy\" decoding=\"async\" width=\"380\" height=\"380\" src=\"https:\/\/chilimafia.com\/wp-content\/uploads\/2024\/07\/killer_shop.jpg\" alt=\"killer scorpion chili sauce\" class=\"wp-image-26937 size-full\" srcset=\"https:\/\/chilimafia.com\/wp-content\/uploads\/2024\/07\/killer_shop.jpg 380w, https:\/\/chilimafia.com\/wp-content\/uploads\/2024\/07\/killer_shop-300x300.jpg 300w, https:\/\/chilimafia.com\/wp-content\/uploads\/2024\/07\/killer_shop-150x150.jpg 150w\" sizes=\"auto, (max-width: 380px) 100vw, 380px\" \/><\/a><\/figure><\/div>\n\n<div class=\"wp-block-media-text has-media-on-the-right is-stacked-on-mobile\" style=\"grid-template-columns:auto 32%\"><div class=\"wp-block-media-text__content\">\n<p>Sauce chili Trinidad Scorpion tr\u00e8s piquante aux baies des bois &#8211; la <strong>sauce chili Lady Scorpion<\/strong> &#8211; . Douce, acide, juteuse, avec le piquant \u00e9vident. Le piment fruit\u00e9 Trinidad Scorpion ajoute encore une agr\u00e9able note fruit\u00e9e. Cette sauce se marie parfaitement avec le gibier.    <\/p>\n\n\n\n<ul class=\"wp-block-list\">\n<li><a href=\"https:\/\/chili-saucen.com\/shop\/chili-saucen\/lady-scorpion-100ml\" data-type=\"link\" data-id=\"https:\/\/chili-saucen.com\/shop\/chili-saucen\/lady-scorpion-100ml\" target=\"_blank\" rel=\"noreferrer noopener\">Acheter ici sur Chili-saucen.com<\/a><\/li>\n\n\n\n<li><a href=\"https:\/\/amzn.to\/3zQ1lUK\" target=\"_blank\" rel=\"noreferrer noopener nofollow\">Amazon<\/a><\/li>\n\n\n\n<li>ou <a href=\"https:\/\/www.kaufland.de\/product\/467894018\" target=\"_blank\" rel=\"noreferrer noopener nofollow\">Kaufland<\/a><\/li>\n\n\n\n<li>Sauce scorpion de Trinidad<\/li>\n\n\n\n<li>avec de d\u00e9licieux fruits des bois<\/li>\n\n\n\n<li>environ 35.000 Scoville<\/li>\n<\/ul>\n<\/div><figure class=\"wp-block-media-text__media\"><a href=\"https:\/\/chili-saucen.com\/shop\/chili-saucen\/lady-scorpion-100ml\" target=\"_blank\" rel=\"noopener\"><img loading=\"lazy\" decoding=\"async\" width=\"749\" height=\"786\" src=\"https:\/\/chilimafia.com\/wp-content\/uploads\/2024\/07\/ladyxklein-2.jpg\" alt=\"lady scorpion chili sauce\" class=\"wp-image-26946 size-full\" srcset=\"https:\/\/chilimafia.com\/wp-content\/uploads\/2024\/07\/ladyxklein-2.jpg 749w, https:\/\/chilimafia.com\/wp-content\/uploads\/2024\/07\/ladyxklein-2-286x300.jpg 286w\" sizes=\"auto, (max-width: 749px) 100vw, 749px\" \/><\/a><\/figure><\/div>\n\n<div class=\"wp-block-media-text has-media-on-the-right is-stacked-on-mobile\" style=\"grid-template-columns:auto 32%\"><div class=\"wp-block-media-text__content\">\n<p>La <strong>sauce chili Caribbean Dancer <\/strong>est une sauce fruit\u00e9e mangue-habanero au go\u00fbt carib\u00e9en et tropical.\nLa carotte et le jus de citron compl\u00e8tent le go\u00fbt.\nParfait pour accompagner le poisson et la volaille.\nLe degr\u00e9 de piquant de cette sauce chili culinaire est de 7 sur 10, ce qui correspond \u00e0 environ 20 000 Scoville.     <\/p>\n\n\n\n<ul class=\"wp-block-list\">\n<li><a href=\"https:\/\/chili-saucen.com\/shop\/chili-saucen\/caribbean-dancer-100ml\" target=\"_blank\" rel=\"noreferrer noopener\">Acheter ici sur Chili-Saucen.com<\/a><\/li>\n\n\n\n<li><a href=\"https:\/\/amzn.to\/3xYbo9R\" target=\"_blank\" rel=\"noreferrer noopener nofollow\">Amazon<\/a><\/li>\n\n\n\n<li>ou <a href=\"https:\/\/www.kaufland.de\/product\/383489636\/\" target=\"_blank\" rel=\"noreferrer noopener nofollow\">Kaufland<\/a><\/li>\n\n\n\n<li>Sauce piquante des Cara\u00efbes de premi\u00e8re qualit\u00e9<\/li>\n\n\n\n<li>\u00e0 la mangue et aux habaneros<\/li>\n\n\n\n<li>environ 20.000 Scoville<\/li>\n\n\n\n<li>Tr\u00e8s bon avec du poulet et du poisson blanc<\/li>\n<\/ul>\n<\/div><figure class=\"wp-block-media-text__media\"><a href=\"https:\/\/chili-saucen.com\/shop\/chili-saucen\/caribbean-dancer-100ml\" target=\"_blank\" rel=\"noopener\"><img loading=\"lazy\" decoding=\"async\" width=\"380\" height=\"380\" src=\"https:\/\/chilimafia.com\/wp-content\/uploads\/2024\/07\/caribean_shop.jpg\" alt=\"\" class=\"wp-image-26940 size-full\" srcset=\"https:\/\/chilimafia.com\/wp-content\/uploads\/2024\/07\/caribean_shop.jpg 380w, https:\/\/chilimafia.com\/wp-content\/uploads\/2024\/07\/caribean_shop-300x300.jpg 300w, https:\/\/chilimafia.com\/wp-content\/uploads\/2024\/07\/caribean_shop-150x150.jpg 150w\" sizes=\"auto, (max-width: 380px) 100vw, 380px\" \/><\/a><\/figure><\/div>\n\n<div class=\"wp-block-media-text has-media-on-the-right is-stacked-on-mobile\" style=\"grid-template-columns:auto 32%\"><div class=\"wp-block-media-text__content\">\n<p>La <strong>sauce piment\u00e9e White Fatality<\/strong> est exceptionnelle en termes de go\u00fbt et de couleur.\nLa noix de coco et les piments blancs Fatalii sont r\u00e9unis dans une combinaison parfaite sous forme de sauce piquante.\nLa vari\u00e9t\u00e9 de piment Fatalii est originaire d&rsquo;Afrique centrale et apporte un bel ar\u00f4me de citron.\nCette sauce est parfaite pour les plats de curry africains et asiatiques.     <\/p>\n\n\n\n<ul class=\"wp-block-list\">\n<li><a href=\"https:\/\/chili-saucen.com\/shop\/chili-saucen\/white-fatality-100ml\" target=\"_blank\" rel=\"noreferrer noopener\">Acheter ici sur Chili-Saucen.com<\/a><\/li>\n\n\n\n<li><a href=\"https:\/\/amzn.to\/3LFGVQN\" target=\"_blank\" rel=\"noreferrer noopener nofollow\">Amazon<\/a><\/li>\n\n\n\n<li>ou <a href=\"https:\/\/www.kaufland.de\/product\/383489607\" target=\"_blank\" rel=\"noreferrer noopener nofollow\">Kaufland<\/a><\/li>\n\n\n\n<li>avec des piments Fatalii<\/li>\n\n\n\n<li>V\u00e9g\u00e9talien<\/li>\n\n\n\n<li>sauce chili blanche<\/li>\n\n\n\n<li>Qualit\u00e9 sup\u00e9rieure d&rsquo;une manufacture allemande<\/li>\n<\/ul>\n<\/div><figure class=\"wp-block-media-text__media\"><a href=\"https:\/\/chili-saucen.com\/shop\/chili-saucen\/white-fatality-100ml\" target=\"_blank\" rel=\"noopener\"><img loading=\"lazy\" decoding=\"async\" width=\"380\" height=\"380\" src=\"https:\/\/chilimafia.com\/wp-content\/uploads\/2024\/07\/white_fatali_shop.jpg\" alt=\"\" class=\"wp-image-26941 size-full\" srcset=\"https:\/\/chilimafia.com\/wp-content\/uploads\/2024\/07\/white_fatali_shop.jpg 380w, https:\/\/chilimafia.com\/wp-content\/uploads\/2024\/07\/white_fatali_shop-300x300.jpg 300w, https:\/\/chilimafia.com\/wp-content\/uploads\/2024\/07\/white_fatali_shop-150x150.jpg 150w\" sizes=\"auto, (max-width: 380px) 100vw, 380px\" \/><\/a><\/figure><\/div>\n\n<div class=\"wp-block-media-text has-media-on-the-right is-stacked-on-mobile\" style=\"grid-template-columns:auto 32%\"><div class=\"wp-block-media-text__content\">\n<p>Sauce piquante au chili chipotle &#8211; <strong>sauce chili mexicaine pour fumoir<\/strong> &#8211; au go\u00fbt typique des jalape\u00f1os fum\u00e9s. Fabriqu\u00e9 dans une manufacture de piments exp\u00e9riment\u00e9e avec 0% d&rsquo;additifs et 100 % d&rsquo;artisanat. Go\u00fbt rafra\u00eechissant de tomate et de poivron avec des ar\u00f4mes fum\u00e9s. <\/p>\n\n\n\n<ul class=\"wp-block-list\">\n<li><a href=\"https:\/\/chili-saucen.com\/shop\/chili-saucen\/mexican-smoker-100ml\">Acheter ici sur Chili-Saucen.com<\/a><\/li>\n\n\n\n<li><a href=\"https:\/\/amzn.to\/3WgiChn\" target=\"_blank\" rel=\"noreferrer noopener nofollow\">Amazon<\/a><\/li>\n\n\n\n<li>ou <a href=\"https:\/\/www.kaufland.de\/product\/383489623\/\" target=\"_blank\" rel=\"noreferrer noopener nofollow\">Kaufland<\/a><\/li>\n\n\n\n<li>30 % de piments chipotle<\/li>\n\n\n\n<li>Petit lot<\/li>\n\n\n\n<li>Fait \u00e0 la main<\/li>\n\n\n\n<li>go\u00fbt fum\u00e9<\/li>\n\n\n\n<li>environ 10.000 Scoville<\/li>\n<\/ul>\n<\/div><figure class=\"wp-block-media-text__media\"><a href=\"https:\/\/chili-saucen.com\/shop\/chili-saucen\/mexican-smoker-100ml\" target=\"_blank\" rel=\"noopener\"><img loading=\"lazy\" decoding=\"async\" width=\"380\" height=\"380\" src=\"https:\/\/chilimafia.com\/wp-content\/uploads\/2024\/07\/mexican_shop.jpg\" alt=\"\" class=\"wp-image-26938 size-full\" srcset=\"https:\/\/chilimafia.com\/wp-content\/uploads\/2024\/07\/mexican_shop.jpg 380w, https:\/\/chilimafia.com\/wp-content\/uploads\/2024\/07\/mexican_shop-300x300.jpg 300w, https:\/\/chilimafia.com\/wp-content\/uploads\/2024\/07\/mexican_shop-150x150.jpg 150w\" sizes=\"auto, (max-width: 380px) 100vw, 380px\" \/><\/a><\/figure><\/div>\n","protected":false},"excerpt":{"rendered":"","protected":false},"author":1,"featured_media":0,"parent":0,"menu_order":0,"comment_status":"closed","ping_status":"closed","template":"","meta":{"footnotes":""},"class_list":["post-27112","page","type-page","status-publish","hentry"],"_links":{"self":[{"href":"https:\/\/chilimafia.com\/fr\/wp-json\/wp\/v2\/pages\/27112","targetHints":{"allow":["GET"]}}],"collection":[{"href":"https:\/\/chilimafia.com\/fr\/wp-json\/wp\/v2\/pages"}],"about":[{"href":"https:\/\/chilimafia.com\/fr\/wp-json\/wp\/v2\/types\/page"}],"author":[{"embeddable":true,"href":"https:\/\/chilimafia.com\/fr\/wp-json\/wp\/v2\/users\/1"}],"replies":[{"embeddable":true,"href":"https:\/\/chilimafia.com\/fr\/wp-json\/wp\/v2\/comments?post=27112"}],"version-history":[{"count":6,"href":"https:\/\/chilimafia.com\/fr\/wp-json\/wp\/v2\/pages\/27112\/revisions"}],"predecessor-version":[{"id":27217,"href":"https:\/\/chilimafia.com\/fr\/wp-json\/wp\/v2\/pages\/27112\/revisions\/27217"}],"wp:attachment":[{"href":"https:\/\/chilimafia.com\/fr\/wp-json\/wp\/v2\/media?parent=27112"}],"curies":[{"name":"wp","href":"https:\/\/api.w.org\/{rel}","templated":true}]}}