{"id":4771,"date":"2020-03-12T17:36:48","date_gmt":"2020-03-12T17:36:48","guid":{"rendered":"https:\/\/chilimafia.com\/frais-denvoi\/"},"modified":"2024-07-24T10:46:14","modified_gmt":"2024-07-24T10:46:14","slug":"frais-denvoi","status":"publish","type":"page","link":"https:\/\/chilimafia.com\/fr\/frais-denvoi","title":{"rendered":"Paiement &amp; frais de port"},"content":{"rendered":"\n<h1 class=\"wp-block-heading\">1. m\u00e9thodes de paiement<\/h1>\n\n<figure class=\"wp-block-table is-style-stripes\"><table class=\"has-fixed-layout\"><tbody><tr><td class=\"has-text-align-center\" data-align=\"center\">Paiement anticip\u00e9 &#8211;<br\/>Transfert de banque<\/td><td class=\"has-text-align-center\" data-align=\"center\">\n          <img decoding=\"async\" class=\"wp-image-536\" style=\"width: 150px;\" src=\"https:\/\/chilimafia.com\/wp-content\/uploads\/2020\/03\/de-pp-logo-200px.png\" alt=\"\"\/>\n        <\/td><td class=\"has-text-align-center\" data-align=\"center\">Carte de cr\u00e9dit<br\/>Cartes de cr\u00e9dit<\/td><td class=\"has-text-align-center\" data-align=\"center\">\n          <img decoding=\"async\" class=\"wp-image-621\" style=\"width: 119px;\" src=\"https:\/\/chilimafia.com\/wp-content\/uploads\/2020\/03\/stripe.png\" alt=\"\"\/>\n        <\/td><td class=\"has-text-align-center\" data-align=\"center\">\n          <img decoding=\"async\" class=\"wp-image-619\" style=\"width: 72px;\" src=\"https:\/\/chilimafia.com\/wp-content\/uploads\/2020\/03\/sofort-e1585156476137.png\" alt=\"\"\/>\n        <\/td><\/tr><\/tbody><\/table><\/figure>\n\n<figure class=\"wp-block-table\"><table class=\"has-fixed-layout\"><tbody><tr><td class=\"has-text-align-center\" data-align=\"center\"><strong>Ssl<\/strong><br\/>Avec le SSL (Secure Socket Layer), toutes les donn\u00e9es de commande et de carte de cr\u00e9dit nous sont transmises crypt\u00e9es et bien s\u00fbr trait\u00e9es de mani\u00e8re confidentielle.<\/td><td class=\"has-text-align-center\" data-align=\"center\"><strong>Protection de l\u2019acheteur avec Paypal<\/strong><br\/>Avec PayPal sur le c\u00f4t\u00e9 s\u00e9curis\u00e9 &#8211; tous les paiements PayPal sont prot\u00e9g\u00e9s par la protection de l\u2019acheteur PayPal. Pour plus d\u2019informations, voir <a href=\"https:\/\/www.paypal.de\/\">www.paypal.de<\/a>.<\/td><td class=\"has-text-align-center\" data-align=\"center\">\n          <img decoding=\"async\" src=\"https:\/\/www.it-recht-kanzlei.de\/logo\/AGB-Logo.png?i=3a689-20e0b-39ca-9080-1\" alt=\"Repr&#xE9;sent&#xE9; par le cabinet d&#x2019;avocats it\" style=\"width: 120px;\"\/>\n        <\/td><\/tr><\/tbody><\/table><\/figure>\n\n<h1 class=\"wp-block-heading\">2. frais d&rsquo;envoi des denr\u00e9es alimentaires<\/h1>\n\n<p>Allemagne &#8211; D\u00e9lai de livraison 2-4 jours<br\/><strong>Livraison gratuite \u00e0 partir de 45\u20ac (Allemagne)<\/strong><br\/>Forfait frais de port : 6,90\u20ac incl. Tva. <\/p>\n\n<ul class=\"wp-block-list\">\n<li>Chili Junkie Hot Sauce Subscription : <strong>3,<strong>90\u20ac<\/strong> (France)<\/strong> &#8211; Inclus dans le prix<\/li>\n<\/ul>\n\n<p>Pour <strong>les livraisons \u00e0 l\u2019\u00e9tranger<\/strong> dans les 5 \u00e0 7 jours ouvrables suivant la conclusion du contrat (en cas de paiement anticip\u00e9 convenu apr\u00e8s la date de votre instruction de paiement).<br\/><strong>Veuillez noter qu\u2019aucune livraison n\u2019est effectu\u00e9e le dimanche et les jours f\u00e9ri\u00e9s.<\/strong><\/p>\n\n<p>UE ( France)<br\/>Forfait frais de port : 7,90\u20ac incl. Tva. <br\/><strong>Livraison gratuite \u00e0 partir de 60\u20ac (France)<\/strong><\/p>\n\n<ul class=\"wp-block-list\">\n<li>Abonnement \u00e0 la sauce piquante Chili Junkie : 4,50\u20ac + TVA.<\/li>\n<\/ul>\n\n<p>\n          <strong>Reste de l&rsquo;Europe<\/strong>\n        <\/p>\n\n<p>  Luxembourg, Pays-Bas, Pologne, Espagne.<\/p>\n\n<p><br\/><strong>Forfait frais de port :<\/strong> 9,90\u20ac incl. TVA (forfaitaire)<br\/><strong>Frais de port offerts \u00e0 partir de 100<\/strong><\/p>\n\n<ul class=\"wp-block-list\">\n<li>Abonnement \u00e0 la sauce piquante Chili Junkie : 9,50\u20ac + TVA.<\/li>\n<\/ul>\n","protected":false},"excerpt":{"rendered":"<p>1. m\u00e9thodes de paiement Paiement anticip\u00e9 &#8211;Transfert de banque Carte de cr\u00e9ditCartes de cr\u00e9dit SslAvec le SSL (Secure Socket Layer),&hellip;<\/p>\n","protected":false},"author":1,"featured_media":0,"parent":0,"menu_order":0,"comment_status":"closed","ping_status":"closed","template":"","meta":{"footnotes":""},"class_list":["post-4771","page","type-page","status-publish","hentry"],"_links":{"self":[{"href":"https:\/\/chilimafia.com\/fr\/wp-json\/wp\/v2\/pages\/4771","targetHints":{"allow":["GET"]}}],"collection":[{"href":"https:\/\/chilimafia.com\/fr\/wp-json\/wp\/v2\/pages"}],"about":[{"href":"https:\/\/chilimafia.com\/fr\/wp-json\/wp\/v2\/types\/page"}],"author":[{"embeddable":true,"href":"https:\/\/chilimafia.com\/fr\/wp-json\/wp\/v2\/users\/1"}],"replies":[{"embeddable":true,"href":"https:\/\/chilimafia.com\/fr\/wp-json\/wp\/v2\/comments?post=4771"}],"version-history":[{"count":1,"href":"https:\/\/chilimafia.com\/fr\/wp-json\/wp\/v2\/pages\/4771\/revisions"}],"predecessor-version":[{"id":27350,"href":"https:\/\/chilimafia.com\/fr\/wp-json\/wp\/v2\/pages\/4771\/revisions\/27350"}],"wp:attachment":[{"href":"https:\/\/chilimafia.com\/fr\/wp-json\/wp\/v2\/media?parent=4771"}],"curies":[{"name":"wp","href":"https:\/\/api.w.org\/{rel}","templated":true}]}}