{"id":4777,"date":"2020-03-23T22:41:14","date_gmt":"2020-03-23T22:41:14","guid":{"rendered":"https:\/\/chilimafia.com\/securite-et-confiance-methodes-de-paiement\/"},"modified":"2024-07-24T10:52:24","modified_gmt":"2024-07-24T10:52:24","slug":"securite-et-confiance-methodes-de-paiement","status":"publish","type":"page","link":"https:\/\/chilimafia.com\/fr\/securite-et-confiance-methodes-de-paiement","title":{"rendered":"S\u00e9curit\u00e9 et confiance &#8211; M\u00e9thodes de paiement"},"content":{"rendered":"\n<p>Si vous commandez sur \u00ab Chili Mafia.com \u00bb, l\u2019argent viendra directement \u00e0 nous (comme une micro-fabrication de nos compositions Pika Pika Chili) et les autres petits fabricants partie de la mafia Chili. Si vous ne nous connaissez que depuis le moteur de recherche, vous voudrez peut-\u00eatre d\u2019abord savoir \u00e0 quel point il est s\u00e9curitaire de magasiner avec nous. Voici une liste d\u2019arguments&#8230; <\/p>\n\n<img decoding=\"async\" src=\"https:\/\/www.it-recht-kanzlei.de\/logo\/AGB-Logo.png?i=3a689-20e0b-39ca-9080-1\" alt=\"Repr\u00e9sent\u00e9 par le cabinet d\u2019avocats it\"\/>\n\n<h3 class=\"wp-block-heading\">Protection de l\u2019acheteur avec Paypal<\/h3>\n\n<p>Avec PayPal sur le c\u00f4t\u00e9 s\u00e9curis\u00e9 &#8211; tous les paiements PayPal sont prot\u00e9g\u00e9s par la protection de l\u2019acheteur PayPal. Si vos marchandises command\u00e9es n\u2019arrivent pas, ne correspondent pas \u00e0 la description, ou tout simplement quelque chose va mal, vous pouvez signaler les marchandises command\u00e9es \u00e0 PayPal dans le cadre de la protection de l\u2019acheteur. Votre plainte sera v\u00e9rifi\u00e9e par PayPal et si vous recevez une plainte l\u00e9gitime, vous recevrez la totalit\u00e9 du montant de la facture. Pour plus d\u2019informations, voir <a href=\"https:\/\/www.paypal.de\/\">www.paypal.de<\/a>.<\/p>\n\n<h4 class=\"wp-block-heading\">Ssl<\/h4>\n\n<p>Pour prot\u00e9ger vos donn\u00e9es contre l\u2019acc\u00e8s non autoris\u00e9 par des tiers, nous utilisons des technologies de chiffrement v\u00e9rifi\u00e9es. Avec le SSL (Secure Socket Layer), toutes les donn\u00e9es de commande et de carte de cr\u00e9dit nous sont transmises crypt\u00e9es et bien s\u00fbr trait\u00e9es de mani\u00e8re confidentielle.<\/p>\n\n<h4 class=\"wp-block-heading\">M\u00e9thodes de paiement s\u00e9curis\u00e9es<\/h4>\n<p>Une liste de nos m\u00e9thodes de paiement s\u00fbres &#8211; Tous les prix sont inclus de la taxe sur la valeur ajout\u00e9e l\u00e9gale, plus les frais d\u2019exp\u00e9dition en fonction du pays. Plus d\u2019informations sur<a href=\"https:\/\/chilimafia.com\/fr\/frais-denvoi\" target=\"_blank\" rel=\"noopener noreferrer\"> les frais d\u2019exp\u00e9dition peuvent \u00eatre trouv\u00e9s ici<\/a><\/p>\n<p>[payment_methods_info]<\/p>\n","protected":false},"excerpt":{"rendered":"<p>Si vous commandez sur \u00ab Chili Mafia.com \u00bb, l\u2019argent viendra directement \u00e0 nous (comme une micro-fabrication de nos compositions Pika&hellip;<\/p>\n","protected":false},"author":1,"featured_media":0,"parent":0,"menu_order":0,"comment_status":"closed","ping_status":"closed","template":"","meta":{"footnotes":""},"class_list":["post-4777","page","type-page","status-publish","hentry"],"_links":{"self":[{"href":"https:\/\/chilimafia.com\/fr\/wp-json\/wp\/v2\/pages\/4777","targetHints":{"allow":["GET"]}}],"collection":[{"href":"https:\/\/chilimafia.com\/fr\/wp-json\/wp\/v2\/pages"}],"about":[{"href":"https:\/\/chilimafia.com\/fr\/wp-json\/wp\/v2\/types\/page"}],"author":[{"embeddable":true,"href":"https:\/\/chilimafia.com\/fr\/wp-json\/wp\/v2\/users\/1"}],"replies":[{"embeddable":true,"href":"https:\/\/chilimafia.com\/fr\/wp-json\/wp\/v2\/comments?post=4777"}],"version-history":[{"count":2,"href":"https:\/\/chilimafia.com\/fr\/wp-json\/wp\/v2\/pages\/4777\/revisions"}],"predecessor-version":[{"id":27383,"href":"https:\/\/chilimafia.com\/fr\/wp-json\/wp\/v2\/pages\/4777\/revisions\/27383"}],"wp:attachment":[{"href":"https:\/\/chilimafia.com\/fr\/wp-json\/wp\/v2\/media?parent=4777"}],"curies":[{"name":"wp","href":"https:\/\/api.w.org\/{rel}","templated":true}]}}